{"id":306,"date":"2026-02-28T06:34:36","date_gmt":"2026-02-28T06:34:36","guid":{"rendered":"https:\/\/customhatsmanufacturer.com\/?post_type=product&#038;p=306"},"modified":"2026-02-28T06:34:36","modified_gmt":"2026-02-28T06:34:36","slug":"puffer-jackets-with-custom-branding-oem","status":"publish","type":"product","link":"https:\/\/customhatsmanufacturer.com\/es\/producto\/puffer-jackets-with-custom-branding-oem\/","title":{"rendered":"Chaquetas Puffer con marca personalizada (OEM)"},"content":{"rendered":"<p data-start=\"0\" data-end=\"517\">Estas chaquetas aislantes est\u00e1n dise\u00f1adas para programas de ropa exterior de marca en los que el calor y una silueta limpia son importantes. La construcci\u00f3n acolchada y con deflectores crea el caracter\u00edstico \u201cpuff\u201d al mantener el aislamiento en su sitio, lo que ayuda a reducir los desplazamientos y los puntos fr\u00edos. Elija el aspecto que su l\u00ednea necesita: el cuello o la capucha, la disposici\u00f3n de los bolsillos y los herrajes pueden ajustarse a su paquete t\u00e9cnico, con opciones de relleno de plum\u00f3n o sint\u00e9tico disponibles a petici\u00f3n.<\/p>\n<p data-start=\"519\" data-end=\"982\">Al tratarse de un proyecto OEM, su identidad se mantiene: seleccione la colocaci\u00f3n del logotipo y la ruta de marca que mejor se adapte al tejido: bordados, parches tejidos o bordados, o impresiones por transferencia t\u00e9rmica son habituales. A\u00f1ada etiquetas privadas, etiquetas de cuidado y un embalaje que se adapte a la presentaci\u00f3n de venta al por menor y, a continuaci\u00f3n, ejecute la producci\u00f3n para la reposici\u00f3n al por mayor o campa\u00f1as limitadas; el MOQ y el plazo de entrega var\u00edan; solicite un presupuesto. Los compradores m\u00e1s adecuados son marcas, equipos, organizadores de eventos y minoristas.<\/p>\n<ul data-start=\"984\" data-end=\"1177\">\n<li data-start=\"984\" data-end=\"1014\">\n<p data-start=\"986\" data-end=\"1014\">Panel deflector acolchado<\/p>\n<\/li>\n<li data-start=\"1015\" data-end=\"1044\">\n<p data-start=\"1017\" data-end=\"1044\">Opciones de relleno a petici\u00f3n<\/p>\n<\/li>\n<li data-start=\"1045\" data-end=\"1076\">\n<p data-start=\"1047\" data-end=\"1076\">Logotipos listos para bordar<\/p>\n<\/li>\n<li data-start=\"1077\" data-end=\"1108\">\n<p data-start=\"1079\" data-end=\"1108\">Flexibilidad de colocaci\u00f3n de los parches<\/p>\n<\/li>\n<li data-start=\"1109\" data-end=\"1139\">\n<p data-start=\"1111\" data-end=\"1139\">Opci\u00f3n de impresi\u00f3n por transferencia t\u00e9rmica<\/p>\n<\/li>\n<li data-start=\"1140\" data-end=\"1177\">\n<p data-start=\"1142\" data-end=\"1177\">Acabado de marca blanca disponible<\/p>\n<\/li>\n<\/ul>","protected":false},"excerpt":{"rendered":"<p data-start=\"1179\" data-end=\"1424\">Programa de chaquetas aislantes OEM con marca personalizada. Especifique el estilo y los ribetes de su paquete t\u00e9cnico y a\u00f1ada logotipos mediante bordado, parche o impresi\u00f3n por transferencia t\u00e9rmica. Dise\u00f1ado para el suministro a granel; MOQ y plazos basados en presupuestos.<\/p>\n<p data-start=\"1426\" data-end=\"1472\">","protected":false},"featured_media":321,"template":"","meta":{"_gspb_post_css":""},"product_brand":[],"product_cat":[35,25],"product_tag":[],"class_list":{"0":"post-306","1":"product","2":"type-product","3":"status-publish","4":"has-post-thumbnail","6":"product_cat-jackets","7":"product_cat-clothing","9":"first","10":"instock","11":"shipping-taxable","12":"purchasable","13":"product-type-simple"},"_links":{"self":[{"href":"https:\/\/customhatsmanufacturer.com\/es\/wp-json\/wp\/v2\/product\/306","targetHints":{"allow":["GET"]}}],"collection":[{"href":"https:\/\/customhatsmanufacturer.com\/es\/wp-json\/wp\/v2\/product"}],"about":[{"href":"https:\/\/customhatsmanufacturer.com\/es\/wp-json\/wp\/v2\/types\/product"}],"wp:featuredmedia":[{"embeddable":true,"href":"https:\/\/customhatsmanufacturer.com\/es\/wp-json\/wp\/v2\/media\/321"}],"wp:attachment":[{"href":"https:\/\/customhatsmanufacturer.com\/es\/wp-json\/wp\/v2\/media?parent=306"}],"wp:term":[{"taxonomy":"product_brand","embeddable":true,"href":"https:\/\/customhatsmanufacturer.com\/es\/wp-json\/wp\/v2\/product_brand?post=306"},{"taxonomy":"product_cat","embeddable":true,"href":"https:\/\/customhatsmanufacturer.com\/es\/wp-json\/wp\/v2\/product_cat?post=306"},{"taxonomy":"product_tag","embeddable":true,"href":"https:\/\/customhatsmanufacturer.com\/es\/wp-json\/wp\/v2\/product_tag?post=306"}],"curies":[{"name":"wp","href":"https:\/\/api.w.org\/{rel}","templated":true}]}}