{"id":305,"date":"2026-02-28T06:31:29","date_gmt":"2026-02-28T06:31:29","guid":{"rendered":"https:\/\/customhatsmanufacturer.com\/?post_type=product&#038;p=305"},"modified":"2026-02-28T06:31:29","modified_gmt":"2026-02-28T06:31:29","slug":"lightweight-windbreakers-for-promotions-bulk","status":"publish","type":"product","link":"https:\/\/customhatsmanufacturer.com\/es\/producto\/lightweight-windbreakers-for-promotions-bulk\/","title":{"rendered":"Cortavientos ligeros para promociones (a granel)"},"content":{"rendered":"<p data-start=\"0\" data-end=\"395\">Los cortavientos ligeros para ascensos (a granel) son chaquetas ligeras fabricadas para protegerse de la brisa sin el volumen de un abrigo pesado. Suelen tener una estructura sencilla de una sola capa para facilitar la superposici\u00f3n de capas, con detalles pr\u00e1cticos como cremallera frontal, pu\u00f1os y dobladillo el\u00e1sticos, y capucha o cuello plegable opcionales seg\u00fan el programa.<\/p>\n<p data-start=\"397\" data-end=\"821\">Para los pedidos B2B, se configuran para que la marca sea visible: elija decoraci\u00f3n como bordado o impresi\u00f3n de logotipo, con opciones de colocaci\u00f3n que pueden incluir el pecho izquierdo, la manga o la espalda. Las combinaciones de colores, las tallas y el embalaje pueden adaptarse a su lanzamiento como pedido OEM; las cantidades m\u00e1ximas de unidades y el plazo de entrega var\u00edan; solicite un presupuesto. La mejor opci\u00f3n para marcas, equipos, eventos y minoristas que crean prendas exteriores coordinadas.<\/p>\n<ul data-start=\"823\" data-end=\"988\">\n<li data-start=\"823\" data-end=\"859\">\n<p data-start=\"825\" data-end=\"859\">Carcasa ligera y cortaviento<\/p>\n<\/li>\n<li data-start=\"860\" data-end=\"888\">\n<p data-start=\"862\" data-end=\"888\">Opci\u00f3n de cierre frontal con cremallera<\/p>\n<\/li>\n<li data-start=\"889\" data-end=\"921\">\n<p data-start=\"891\" data-end=\"921\">Pu\u00f1os y dobladillo el\u00e1sticos opcionales<\/p>\n<\/li>\n<li data-start=\"922\" data-end=\"949\">\n<p data-start=\"924\" data-end=\"949\">Con capucha o cuello<\/p>\n<\/li>\n<li data-start=\"950\" data-end=\"988\">\n<p data-start=\"952\" data-end=\"988\">Bordado o impresi\u00f3n de logotipo<\/p>\n<\/li>\n<\/ul>","protected":false},"excerpt":{"rendered":"<p data-start=\"990\" data-end=\"1253\">Chaquetas cortavientos ligeras a granel para promociones, dise\u00f1adas para facilitar la superposici\u00f3n y la visibilidad del logotipo. Bordado o marca impresa disponible bajo petici\u00f3n, con surtidos coordinados de color\/tama\u00f1o para programas de suministro al por mayor y OEM.<\/p>","protected":false},"featured_media":317,"template":"","meta":{"_gspb_post_css":""},"product_brand":[],"product_cat":[35,25],"product_tag":[],"class_list":{"0":"post-305","1":"product","2":"type-product","3":"status-publish","4":"has-post-thumbnail","6":"product_cat-jackets","7":"product_cat-clothing","9":"first","10":"instock","11":"shipping-taxable","12":"purchasable","13":"product-type-simple"},"_links":{"self":[{"href":"https:\/\/customhatsmanufacturer.com\/es\/wp-json\/wp\/v2\/product\/305","targetHints":{"allow":["GET"]}}],"collection":[{"href":"https:\/\/customhatsmanufacturer.com\/es\/wp-json\/wp\/v2\/product"}],"about":[{"href":"https:\/\/customhatsmanufacturer.com\/es\/wp-json\/wp\/v2\/types\/product"}],"wp:featuredmedia":[{"embeddable":true,"href":"https:\/\/customhatsmanufacturer.com\/es\/wp-json\/wp\/v2\/media\/317"}],"wp:attachment":[{"href":"https:\/\/customhatsmanufacturer.com\/es\/wp-json\/wp\/v2\/media?parent=305"}],"wp:term":[{"taxonomy":"product_brand","embeddable":true,"href":"https:\/\/customhatsmanufacturer.com\/es\/wp-json\/wp\/v2\/product_brand?post=305"},{"taxonomy":"product_cat","embeddable":true,"href":"https:\/\/customhatsmanufacturer.com\/es\/wp-json\/wp\/v2\/product_cat?post=305"},{"taxonomy":"product_tag","embeddable":true,"href":"https:\/\/customhatsmanufacturer.com\/es\/wp-json\/wp\/v2\/product_tag?post=305"}],"curies":[{"name":"wp","href":"https:\/\/api.w.org\/{rel}","templated":true}]}}