{"id":304,"date":"2026-02-28T06:28:37","date_gmt":"2026-02-28T06:28:37","guid":{"rendered":"https:\/\/customhatsmanufacturer.com\/?post_type=product&#038;p=304"},"modified":"2026-02-28T06:28:37","modified_gmt":"2026-02-28T06:28:37","slug":"custom-softshell-jackets-with-logo-embroidery-wholesale","status":"publish","type":"product","link":"https:\/\/customhatsmanufacturer.com\/es\/producto\/custom-softshell-jackets-with-logo-embroidery-wholesale\/","title":{"rendered":"Chaquetas Softshell Personalizadas con Logotipo Bordado (al por mayor)"},"content":{"rendered":"<p data-start=\"0\" data-end=\"436\">Chaquetas softshell personalizadas para programas de ropa exterior de marca en los que una marca cosida debe tener el mismo aspecto en todas las tallas. Los dise\u00f1os de softshell suelen estar pensados para ofrecer movilidad y transpirabilidad, as\u00ed como cierta protecci\u00f3n contra el viento y las inclemencias del tiempo.<\/p>\n<p data-start=\"438\" data-end=\"915\">Comparta los archivos de su logotipo y configuraremos el bordado para las ubicaciones que m\u00e1s utilice -pecho izquierdo, manga o un golpe m\u00e1s grande en la espalda- y, a continuaci\u00f3n, pondremos en marcha la producci\u00f3n para el suministro al por mayor y la repetici\u00f3n de pedidos. Los colores del hilo, las opciones de forro o ribete y los complementos, como capuchas o dise\u00f1os de bolsillos, est\u00e1n disponibles previa solicitud para adaptarse a su hoja de especificaciones. Entre los compradores m\u00e1s adecuados se encuentran marcas, proveedores de uniformes, equipos comerciales de eventos y minoristas. Las cantidades m\u00ednimas y el plazo de entrega var\u00edan: solicite un presupuesto.<\/p>\n<ul data-start=\"917\" data-end=\"1085\">\n<li data-start=\"917\" data-end=\"951\">\n<p data-start=\"919\" data-end=\"951\">Logotipo bordado, acabado limpio<\/p>\n<\/li>\n<li data-start=\"952\" data-end=\"986\">\n<p data-start=\"954\" data-end=\"986\">Colocaci\u00f3n: pecho, manga, espalda<\/p>\n<\/li>\n<li data-start=\"987\" data-end=\"1020\">\n<p data-start=\"989\" data-end=\"1020\">Opciones de combinaci\u00f3n del color del hilo<\/p>\n<\/li>\n<li data-start=\"1021\" data-end=\"1045\">\n<p data-start=\"1023\" data-end=\"1045\">Tiradas a granel<\/p>\n<\/li>\n<li data-start=\"1046\" data-end=\"1085\">\n<p data-start=\"1048\" data-end=\"1085\">Opciones de envasado de marca blanca\/OEM<\/p>\n<\/li>\n<\/ul>","protected":false},"excerpt":{"rendered":"<p data-start=\"1087\" data-end=\"1324\">Chaquetas softshell listas para la venta al por mayor con bordado de logotipo. Proporcione las ilustraciones y elija la colocaci\u00f3n, los colores del hilo y las opciones de acabado para que coincidan con su marca o programa de uniformes. Las cantidades m\u00e1ximas y los plazos de entrega var\u00edan.<\/p>","protected":false},"featured_media":310,"template":"","meta":{"_gspb_post_css":""},"product_brand":[],"product_cat":[35,25],"product_tag":[],"class_list":{"0":"post-304","1":"product","2":"type-product","3":"status-publish","4":"has-post-thumbnail","6":"product_cat-jackets","7":"product_cat-clothing","9":"first","10":"instock","11":"shipping-taxable","12":"purchasable","13":"product-type-simple"},"_links":{"self":[{"href":"https:\/\/customhatsmanufacturer.com\/es\/wp-json\/wp\/v2\/product\/304","targetHints":{"allow":["GET"]}}],"collection":[{"href":"https:\/\/customhatsmanufacturer.com\/es\/wp-json\/wp\/v2\/product"}],"about":[{"href":"https:\/\/customhatsmanufacturer.com\/es\/wp-json\/wp\/v2\/types\/product"}],"wp:featuredmedia":[{"embeddable":true,"href":"https:\/\/customhatsmanufacturer.com\/es\/wp-json\/wp\/v2\/media\/310"}],"wp:attachment":[{"href":"https:\/\/customhatsmanufacturer.com\/es\/wp-json\/wp\/v2\/media?parent=304"}],"wp:term":[{"taxonomy":"product_brand","embeddable":true,"href":"https:\/\/customhatsmanufacturer.com\/es\/wp-json\/wp\/v2\/product_brand?post=304"},{"taxonomy":"product_cat","embeddable":true,"href":"https:\/\/customhatsmanufacturer.com\/es\/wp-json\/wp\/v2\/product_cat?post=304"},{"taxonomy":"product_tag","embeddable":true,"href":"https:\/\/customhatsmanufacturer.com\/es\/wp-json\/wp\/v2\/product_tag?post=304"}],"curies":[{"name":"wp","href":"https:\/\/api.w.org\/{rel}","templated":true}]}}