{"id":29,"date":"2026-02-27T07:03:14","date_gmt":"2026-02-27T07:03:14","guid":{"rendered":"https:\/\/customhatsmanufacturer.com\/?post_type=product&#038;p=29"},"modified":"2026-02-27T07:03:14","modified_gmt":"2026-02-27T07:03:14","slug":"flat-brim-snapback-hats-for-promotions-bulk","status":"publish","type":"product","link":"https:\/\/customhatsmanufacturer.com\/es\/producto\/flat-brim-snapback-hats-for-promotions-bulk\/","title":{"rendered":"Sombreros de ala plana para promociones (a granel)"},"content":{"rendered":"<p data-start=\"0\" data-end=\"456\">Dise\u00f1adas para el merchandising promocional, estas gorras snapback de ala plana ofrecen el aspecto limpio y plano que piden los compradores cuando un logotipo tiene que destacar. El cierre a presi\u00f3n permite ajustar el tama\u00f1o r\u00e1pidamente para equipos de tallas diferentes y para eventos multitudinarios. Para una mayor flexibilidad en la adquisici\u00f3n, se pueden especificar los dise\u00f1os seg\u00fan sus necesidades: el n\u00famero de paneles, la estructura de la copa y los detalles de ventilaci\u00f3n est\u00e1n disponibles bajo pedido.<\/p>\n<p data-start=\"458\" data-end=\"919\">Haga pedidos al por mayor para lanzamientos al por menor, campa\u00f1as corporativas o activaciones de patrocinadores y mantenga la coherencia de la marca en todas las tiradas. Elija la ubicaci\u00f3n de la ilustraci\u00f3n y el m\u00e9todo de aplicaci\u00f3n preferido; las opciones incluyen bordado, parches tejidos\/impresos e impresi\u00f3n por transferencia t\u00e9rmica. Se pueden a\u00f1adir toques de etiqueta privada y OEM (etiquetas interiores, etiquetas colgantes o embalajes) para adaptarlos a su programa. Las cantidades m\u00ednimas y el plazo de entrega var\u00edan: solicite presupuesto. Ideal para marcas, equipos, eventos y minoristas.<\/p>\n<ul data-start=\"921\" data-end=\"1070\">\n<li data-start=\"921\" data-end=\"951\">\n<p data-start=\"923\" data-end=\"951\">Borde plano, estilo de pico plano<\/p>\n<\/li>\n<li data-start=\"952\" data-end=\"983\">\n<p data-start=\"954\" data-end=\"983\">Cierre a presi\u00f3n ajustable<\/p>\n<\/li>\n<li data-start=\"984\" data-end=\"1010\">\n<p data-start=\"986\" data-end=\"1010\">Opciones de colocaci\u00f3n del logotipo<\/p>\n<\/li>\n<li data-start=\"1011\" data-end=\"1042\">\n<p data-start=\"1013\" data-end=\"1042\">Bordado, parche o impresi\u00f3n<\/p>\n<\/li>\n<li data-start=\"1043\" data-end=\"1070\">\n<p data-start=\"1045\" data-end=\"1070\">Embalaje a granel con especificaciones<\/p>\n<\/li>\n<\/ul>","protected":false},"excerpt":{"rendered":"<p data-start=\"1072\" data-end=\"1286\">Gorras snapback de visera plana suministradas a granel para programas promocionales. Cierre a presi\u00f3n ajustable y parte delantera limpia para la marca, con opciones de bordado, parche o impresi\u00f3n disponibles previa solicitud.<\/p>","protected":false},"featured_media":38,"template":"","meta":{"_gspb_post_css":""},"product_brand":[],"product_cat":[16,15],"product_tag":[],"class_list":{"0":"post-29","1":"product","2":"type-product","3":"status-publish","4":"has-post-thumbnail","6":"product_cat-snapback-hats","7":"product_cat-hats-caps","9":"first","10":"instock","11":"shipping-taxable","12":"purchasable","13":"product-type-simple"},"_links":{"self":[{"href":"https:\/\/customhatsmanufacturer.com\/es\/wp-json\/wp\/v2\/product\/29","targetHints":{"allow":["GET"]}}],"collection":[{"href":"https:\/\/customhatsmanufacturer.com\/es\/wp-json\/wp\/v2\/product"}],"about":[{"href":"https:\/\/customhatsmanufacturer.com\/es\/wp-json\/wp\/v2\/types\/product"}],"wp:featuredmedia":[{"embeddable":true,"href":"https:\/\/customhatsmanufacturer.com\/es\/wp-json\/wp\/v2\/media\/38"}],"wp:attachment":[{"href":"https:\/\/customhatsmanufacturer.com\/es\/wp-json\/wp\/v2\/media?parent=29"}],"wp:term":[{"taxonomy":"product_brand","embeddable":true,"href":"https:\/\/customhatsmanufacturer.com\/es\/wp-json\/wp\/v2\/product_brand?post=29"},{"taxonomy":"product_cat","embeddable":true,"href":"https:\/\/customhatsmanufacturer.com\/es\/wp-json\/wp\/v2\/product_cat?post=29"},{"taxonomy":"product_tag","embeddable":true,"href":"https:\/\/customhatsmanufacturer.com\/es\/wp-json\/wp\/v2\/product_tag?post=29"}],"curies":[{"name":"wp","href":"https:\/\/api.w.org\/{rel}","templated":true}]}}