{"id":28,"date":"2026-02-27T06:57:25","date_gmt":"2026-02-27T06:57:25","guid":{"rendered":"https:\/\/customhatsmanufacturer.com\/?post_type=product&#038;p=28"},"modified":"2026-02-27T06:57:26","modified_gmt":"2026-02-27T06:57:26","slug":"custom-embroidered-snapback-caps-wholesale","status":"publish","type":"product","link":"https:\/\/customhatsmanufacturer.com\/es\/producto\/custom-embroidered-snapback-caps-wholesale\/","title":{"rendered":"Gorras Bordadas Personalizadas (al por mayor)"},"content":{"rendered":"<p data-start=\"0\" data-end=\"342\">Las gorras con bordado a presi\u00f3n personalizadas (al por mayor) son gorras ajustables dise\u00f1adas para programas de marca, por ejemplo, para tiendas, uniformes de personal o regalos. El cierre a presi\u00f3n mantiene el tama\u00f1o simple, mientras que el bordado da su logotipo un acabado limpio, cosido dise\u00f1ado para el uso regular.<\/p>\n<p data-start=\"344\" data-end=\"836\">Para los pedidos B2B, ofrecemos flujos de trabajo de dise\u00f1o a costura y tiradas de producci\u00f3n en las cantidades que necesite, con opciones de colocaci\u00f3n (frontal, lateral o posterior) y estilos de bordado, como hojaldre plano o 3D, previa solicitud. Elija la estructura de gorra que prefiera: coronas estructuradas o no estructuradas, bordes planos o curvados y dise\u00f1os de 5 o 6 paneles que se pueden especificar durante el muestreo. Las cantidades m\u00ednimas y el plazo de entrega var\u00edan: solicite presupuesto. Ideal para marcas, equipos, eventos y minoristas.<\/p>\n<ul data-start=\"837\" data-end=\"994\">\n<li data-start=\"837\" data-end=\"868\">\n<p data-start=\"839\" data-end=\"868\">Cierre a presi\u00f3n ajustable<\/p>\n<\/li>\n<li data-start=\"869\" data-end=\"899\">\n<p data-start=\"871\" data-end=\"899\">Colocaci\u00f3n de logotipos bordados<\/p>\n<\/li>\n<li data-start=\"900\" data-end=\"926\">\n<p data-start=\"902\" data-end=\"926\">Opci\u00f3n de hojaldre plano o 3D<\/p>\n<\/li>\n<li data-start=\"927\" data-end=\"968\">\n<p data-start=\"929\" data-end=\"968\">Opciones de corona estructurada\/no estructurada<\/p>\n<\/li>\n<li data-start=\"969\" data-end=\"994\">\n<p data-start=\"971\" data-end=\"994\">Selecci\u00f3n de estilos de ala<\/p>\n<\/li>\n<\/ul>","protected":false},"excerpt":{"rendered":"<p data-start=\"996\" data-end=\"1282\">Gorras snapback listas para la venta al por mayor con bordado personalizado de logotipos y dise\u00f1os. Dise\u00f1adas para programas al por mayor con cierre a presi\u00f3n ajustable y estilos de gorra configurables. Especifique la colocaci\u00f3n y los efectos de puntada durante el muestreo; solicite un presupuesto para cantidades y plazos.<\/p>","protected":false},"featured_media":34,"template":"","meta":{"_gspb_post_css":""},"product_brand":[],"product_cat":[16,15],"product_tag":[],"class_list":{"0":"post-28","1":"product","2":"type-product","3":"status-publish","4":"has-post-thumbnail","6":"product_cat-snapback-hats","7":"product_cat-hats-caps","9":"first","10":"instock","11":"shipping-taxable","12":"purchasable","13":"product-type-simple"},"_links":{"self":[{"href":"https:\/\/customhatsmanufacturer.com\/es\/wp-json\/wp\/v2\/product\/28","targetHints":{"allow":["GET"]}}],"collection":[{"href":"https:\/\/customhatsmanufacturer.com\/es\/wp-json\/wp\/v2\/product"}],"about":[{"href":"https:\/\/customhatsmanufacturer.com\/es\/wp-json\/wp\/v2\/types\/product"}],"wp:featuredmedia":[{"embeddable":true,"href":"https:\/\/customhatsmanufacturer.com\/es\/wp-json\/wp\/v2\/media\/34"}],"wp:attachment":[{"href":"https:\/\/customhatsmanufacturer.com\/es\/wp-json\/wp\/v2\/media?parent=28"}],"wp:term":[{"taxonomy":"product_brand","embeddable":true,"href":"https:\/\/customhatsmanufacturer.com\/es\/wp-json\/wp\/v2\/product_brand?post=28"},{"taxonomy":"product_cat","embeddable":true,"href":"https:\/\/customhatsmanufacturer.com\/es\/wp-json\/wp\/v2\/product_cat?post=28"},{"taxonomy":"product_tag","embeddable":true,"href":"https:\/\/customhatsmanufacturer.com\/es\/wp-json\/wp\/v2\/product_tag?post=28"}],"curies":[{"name":"wp","href":"https:\/\/api.w.org\/{rel}","templated":true}]}}