{"id":279,"date":"2026-02-28T05:52:56","date_gmt":"2026-02-28T05:52:56","guid":{"rendered":"https:\/\/customhatsmanufacturer.com\/?post_type=product&#038;p=279"},"modified":"2026-02-28T05:52:56","modified_gmt":"2026-02-28T05:52:56","slug":"modern-fit-pant-suit-sets-for-hospitality-oem","status":"publish","type":"product","link":"https:\/\/customhatsmanufacturer.com\/es\/producto\/modern-fit-pant-suit-sets-for-hospitality-oem\/","title":{"rendered":"Conjuntos de pantal\u00f3n de ajuste moderno para hosteler\u00eda (OEM)"},"content":{"rendered":"<p data-start=\"0\" data-end=\"441\">Los conjuntos de traje pantal\u00f3n de corte moderno para hosteler\u00eda son uniformes coordinados -por lo general, una chaqueta a medida combinada con un pantal\u00f3n a juego- dise\u00f1ados para que los equipos de atenci\u00f3n al p\u00fablico tengan un aspecto uniforme y profesional en todos los turnos. Dise\u00f1ados para ofrecer una silueta limpia y contempor\u00e1nea, estos conjuntos apoyan los programas de uniformes en los que la imagen, el ajuste y el estilo repetible son importantes en todas las funciones y ubicaciones.<\/p>\n<p data-start=\"443\" data-end=\"973\">Ofrecidos para producci\u00f3n OEM, estos conjuntos de traje pantal\u00f3n pueden desarrollarse para su l\u00ednea con detalles de marca como combinaci\u00f3n de colores, tallas y ajustes de corte. Las opciones de marcaje est\u00e1n disponibles bajo pedido y pueden incluir bordado de logotipos, monogramas o aplicaciones por transferencia t\u00e9rmica, en funci\u00f3n de la ubicaci\u00f3n y el tejido elegidos. Las cantidades m\u00ednimas y el plazo de entrega var\u00edan: solicite presupuesto. Ideal para marcas de hosteler\u00eda, gestores de programas de uniformes y distribuidores que suministran a hoteles, complejos tur\u00edsticos y locales.<\/p>\n<ul data-start=\"975\" data-end=\"1136\">\n<li data-start=\"975\" data-end=\"999\">\n<p data-start=\"977\" data-end=\"999\">Corte moderno<\/p>\n<\/li>\n<li data-start=\"1000\" data-end=\"1029\">\n<p data-start=\"1002\" data-end=\"1029\">Chaqueta y pantal\u00f3n a juego<\/p>\n<\/li>\n<li data-start=\"1030\" data-end=\"1063\">\n<p data-start=\"1032\" data-end=\"1063\">Apoyo al desarrollo de marcas OEM<\/p>\n<\/li>\n<li data-start=\"1064\" data-end=\"1100\">\n<p data-start=\"1066\" data-end=\"1100\">Posibilidad de colocar el logotipo<\/p>\n<\/li>\n<li data-start=\"1101\" data-end=\"1136\">\n<p data-start=\"1103\" data-end=\"1136\">Coordinaci\u00f3n uniforme basada en funciones<\/p>\n<\/li>\n<\/ul>","protected":false},"excerpt":{"rendered":"<p data-start=\"1138\" data-end=\"1360\">Conjunto de pantal\u00f3n de corte moderno para programas de uniformes de hosteler\u00eda, desarrollado para el suministro de OEM. Estilo coordinado de chaqueta y pantal\u00f3n con logotipo opcional y tallas escalables para pedidos al por mayor.<\/p>","protected":false},"featured_media":303,"template":"","meta":{"_gspb_post_css":""},"product_brand":[],"product_cat":[34,25],"product_tag":[],"class_list":{"0":"post-279","1":"product","2":"type-product","3":"status-publish","4":"has-post-thumbnail","6":"product_cat-pant-suit","7":"product_cat-clothing","9":"first","10":"instock","11":"shipping-taxable","12":"purchasable","13":"product-type-simple"},"_links":{"self":[{"href":"https:\/\/customhatsmanufacturer.com\/es\/wp-json\/wp\/v2\/product\/279","targetHints":{"allow":["GET"]}}],"collection":[{"href":"https:\/\/customhatsmanufacturer.com\/es\/wp-json\/wp\/v2\/product"}],"about":[{"href":"https:\/\/customhatsmanufacturer.com\/es\/wp-json\/wp\/v2\/types\/product"}],"wp:featuredmedia":[{"embeddable":true,"href":"https:\/\/customhatsmanufacturer.com\/es\/wp-json\/wp\/v2\/media\/303"}],"wp:attachment":[{"href":"https:\/\/customhatsmanufacturer.com\/es\/wp-json\/wp\/v2\/media?parent=279"}],"wp:term":[{"taxonomy":"product_brand","embeddable":true,"href":"https:\/\/customhatsmanufacturer.com\/es\/wp-json\/wp\/v2\/product_brand?post=279"},{"taxonomy":"product_cat","embeddable":true,"href":"https:\/\/customhatsmanufacturer.com\/es\/wp-json\/wp\/v2\/product_cat?post=279"},{"taxonomy":"product_tag","embeddable":true,"href":"https:\/\/customhatsmanufacturer.com\/es\/wp-json\/wp\/v2\/product_tag?post=279"}],"curies":[{"name":"wp","href":"https:\/\/api.w.org\/{rel}","templated":true}]}}