{"id":278,"date":"2026-02-28T05:44:15","date_gmt":"2026-02-28T05:44:15","guid":{"rendered":"https:\/\/customhatsmanufacturer.com\/?post_type=product&#038;p=278"},"modified":"2026-02-28T05:44:15","modified_gmt":"2026-02-28T05:44:15","slug":"womens-tailored-pant-suits-in-bulk-supplier","status":"publish","type":"product","link":"https:\/\/customhatsmanufacturer.com\/es\/producto\/womens-tailored-pant-suits-in-bulk-supplier\/","title":{"rendered":"Trajes de pantal\u00f3n a medida para mujer al por mayor (Proveedor)"},"content":{"rendered":"<p data-start=\"0\" data-end=\"387\">Los trajes de pantal\u00f3n a medida para mujer al por mayor son conjuntos coordinados de dos piezas creados para lograr un aspecto pulido y uniforme, normalmente una chaqueta estructurada combinada con un pantal\u00f3n a medida a juego. Esta categor\u00eda est\u00e1 dise\u00f1ada en torno a l\u00edneas limpias y tallas uniformes en todas las tiradas, lo que le ayudar\u00e1 a almacenar o suministrar un programa de trajes cohesivo para tiendas, ropa corporativa o colecciones de reventa.<\/p>\n<p data-start=\"389\" data-end=\"848\">Como oferta centrada en el proveedor, los pedidos se configuran para una compra escalable y repetible. La marca puede a\u00f1adirse seg\u00fan se solicite, con opciones que pueden incluir etiquetas de marca tejidas, marcas bordadas y etiquetas colgantes o embalajes personalizados para adaptarse a la presentaci\u00f3n de su l\u00ednea. Las cantidades m\u00ednimas y el plazo de entrega var\u00edan: solicite presupuesto. Los compradores m\u00e1s adecuados incluyen marcas de moda, programas de uniformes, socios de personal para eventos y minoristas con m\u00faltiples ubicaciones.<\/p>\n<ul data-start=\"850\" data-end=\"1049\">\n<li data-start=\"850\" data-end=\"883\">\n<p data-start=\"852\" data-end=\"883\">Conjunto de chaqueta y pantal\u00f3n<\/p>\n<\/li>\n<li data-start=\"884\" data-end=\"919\">\n<p data-start=\"886\" data-end=\"919\">Silueta entallada y estructurada<\/p>\n<\/li>\n<li data-start=\"920\" data-end=\"950\">\n<p data-start=\"922\" data-end=\"950\">Soporte para tallas y colores<\/p>\n<\/li>\n<li data-start=\"951\" data-end=\"986\">\n<p data-start=\"953\" data-end=\"986\">Opciones de marca blanca disponibles<\/p>\n<\/li>\n<li data-start=\"987\" data-end=\"1014\">\n<p data-start=\"989\" data-end=\"1014\">Bordado a petici\u00f3n<\/p>\n<\/li>\n<li data-start=\"1015\" data-end=\"1049\">\n<p data-start=\"1017\" data-end=\"1049\">Complementos de envasado listos para la venta<\/p>\n<\/li>\n<\/ul>","protected":false},"excerpt":{"rendered":"<p data-start=\"1051\" data-end=\"1290\">Conjuntos de trajes a medida de mujer de dos piezas para la compra al por mayor. Pedidos listos para proveedores con etiquetado privado, bordado y mejoras de embalaje opcionales previa solicitud. Producci\u00f3n basada en presupuestos para pedidos constantes.<\/p>","protected":false},"featured_media":299,"template":"","meta":{"_gspb_post_css":""},"product_brand":[],"product_cat":[34,25],"product_tag":[],"class_list":{"0":"post-278","1":"product","2":"type-product","3":"status-publish","4":"has-post-thumbnail","6":"product_cat-pant-suit","7":"product_cat-clothing","9":"first","10":"instock","11":"shipping-taxable","12":"purchasable","13":"product-type-simple"},"_links":{"self":[{"href":"https:\/\/customhatsmanufacturer.com\/es\/wp-json\/wp\/v2\/product\/278","targetHints":{"allow":["GET"]}}],"collection":[{"href":"https:\/\/customhatsmanufacturer.com\/es\/wp-json\/wp\/v2\/product"}],"about":[{"href":"https:\/\/customhatsmanufacturer.com\/es\/wp-json\/wp\/v2\/types\/product"}],"wp:featuredmedia":[{"embeddable":true,"href":"https:\/\/customhatsmanufacturer.com\/es\/wp-json\/wp\/v2\/media\/299"}],"wp:attachment":[{"href":"https:\/\/customhatsmanufacturer.com\/es\/wp-json\/wp\/v2\/media?parent=278"}],"wp:term":[{"taxonomy":"product_brand","embeddable":true,"href":"https:\/\/customhatsmanufacturer.com\/es\/wp-json\/wp\/v2\/product_brand?post=278"},{"taxonomy":"product_cat","embeddable":true,"href":"https:\/\/customhatsmanufacturer.com\/es\/wp-json\/wp\/v2\/product_cat?post=278"},{"taxonomy":"product_tag","embeddable":true,"href":"https:\/\/customhatsmanufacturer.com\/es\/wp-json\/wp\/v2\/product_tag?post=278"}],"curies":[{"name":"wp","href":"https:\/\/api.w.org\/{rel}","templated":true}]}}