{"id":277,"date":"2026-02-28T05:37:27","date_gmt":"2026-02-28T05:37:27","guid":{"rendered":"https:\/\/customhatsmanufacturer.com\/?post_type=product&#038;p=277"},"modified":"2026-02-28T05:37:27","modified_gmt":"2026-02-28T05:37:27","slug":"custom-pant-suits-for-corporate-uniforms-wholesale","status":"publish","type":"product","link":"https:\/\/customhatsmanufacturer.com\/es\/producto\/custom-pant-suits-for-corporate-uniforms-wholesale\/","title":{"rendered":"Trajes de pantal\u00f3n a medida para uniformes de empresa (al por mayor)"},"content":{"rendered":"<p data-start=\"0\" data-end=\"385\">Los trajes de pantal\u00f3n a medida para uniformes corporativos (al por mayor) son conjuntos de traje coordinados dise\u00f1ados para presentar un aspecto coherente y profesional en los equipos de recepci\u00f3n, ventas, administraci\u00f3n y direcci\u00f3n. Dise\u00f1ados como un programa de chaqueta y pantal\u00f3n a juego, son id\u00f3neos para presentaciones en las que la consistencia del ajuste, las l\u00edneas limpias y la presentaci\u00f3n de la marca importan m\u00e1s que el estilo de moda.<\/p>\n<p data-start=\"387\" data-end=\"951\">En el caso de los pedidos B2B, estos conjuntos se fabrican normalmente seg\u00fan sus especificaciones: combinaci\u00f3n de colores, tama\u00f1os y etiquetado. La colocaci\u00f3n del logotipo suele ser una opci\u00f3n de acabado, con m\u00e9todos de decoraci\u00f3n como el bordado o la termotransferencia disponibles bajo pedido. Las cantidades m\u00e1ximas permitidas y los plazos de entrega var\u00edan: solicite un presupuesto con las cantidades, el plazo de entrega y los archivos de marca. Los compradores m\u00e1s adecuados son los programas de uniformes, los distribuidores de ropa corporativa y los minoristas que suministran ropa de trabajo lista para la oficina.<\/p>\n<ul data-start=\"953\" data-end=\"1148\">\n<li data-start=\"953\" data-end=\"986\">\n<p data-start=\"955\" data-end=\"986\">Conjunto de chaqueta y pantal\u00f3n a juego<\/p>\n<\/li>\n<li data-start=\"987\" data-end=\"1022\">\n<p data-start=\"989\" data-end=\"1022\">Estilo de uniforme corporativo<\/p>\n<\/li>\n<li data-start=\"1023\" data-end=\"1049\">\n<p data-start=\"1025\" data-end=\"1049\">Opci\u00f3n de bordado del logotipo<\/p>\n<\/li>\n<li data-start=\"1050\" data-end=\"1079\">\n<p data-start=\"1052\" data-end=\"1079\">Opci\u00f3n de logotipo por termotransferencia<\/p>\n<\/li>\n<li data-start=\"1080\" data-end=\"1113\">\n<p data-start=\"1082\" data-end=\"1113\">Planificaci\u00f3n de la gama de tama\u00f1os disponible<\/p>\n<\/li>\n<li data-start=\"1114\" data-end=\"1148\">\n<p data-start=\"1116\" data-end=\"1148\">Opciones de etiquetado privado<\/p>\n<\/li>\n<\/ul>","protected":false},"excerpt":{"rendered":"<p data-start=\"1150\" data-end=\"1397\">Venta al por mayor de conjuntos de traje pantal\u00f3n personalizados para programas de uniformes corporativos. Chaqueta y pantal\u00f3n coordinados con decoraci\u00f3n de logotipo y etiquetado de marca opcionales. Dise\u00f1ados para pedidos al por mayor en los que la presentaci\u00f3n y el tallaje son importantes.<\/p>","protected":false},"featured_media":295,"template":"","meta":{"_gspb_post_css":""},"product_brand":[],"product_cat":[34,25],"product_tag":[],"class_list":{"0":"post-277","1":"product","2":"type-product","3":"status-publish","4":"has-post-thumbnail","6":"product_cat-pant-suit","7":"product_cat-clothing","9":"first","10":"instock","11":"shipping-taxable","12":"purchasable","13":"product-type-simple"},"_links":{"self":[{"href":"https:\/\/customhatsmanufacturer.com\/es\/wp-json\/wp\/v2\/product\/277","targetHints":{"allow":["GET"]}}],"collection":[{"href":"https:\/\/customhatsmanufacturer.com\/es\/wp-json\/wp\/v2\/product"}],"about":[{"href":"https:\/\/customhatsmanufacturer.com\/es\/wp-json\/wp\/v2\/types\/product"}],"wp:featuredmedia":[{"embeddable":true,"href":"https:\/\/customhatsmanufacturer.com\/es\/wp-json\/wp\/v2\/media\/295"}],"wp:attachment":[{"href":"https:\/\/customhatsmanufacturer.com\/es\/wp-json\/wp\/v2\/media?parent=277"}],"wp:term":[{"taxonomy":"product_brand","embeddable":true,"href":"https:\/\/customhatsmanufacturer.com\/es\/wp-json\/wp\/v2\/product_brand?post=277"},{"taxonomy":"product_cat","embeddable":true,"href":"https:\/\/customhatsmanufacturer.com\/es\/wp-json\/wp\/v2\/product_cat?post=277"},{"taxonomy":"product_tag","embeddable":true,"href":"https:\/\/customhatsmanufacturer.com\/es\/wp-json\/wp\/v2\/product_tag?post=277"}],"curies":[{"name":"wp","href":"https:\/\/api.w.org\/{rel}","templated":true}]}}