{"id":276,"date":"2026-02-28T05:30:17","date_gmt":"2026-02-28T05:30:17","guid":{"rendered":"https:\/\/customhatsmanufacturer.com\/?post_type=product&#038;p=276"},"modified":"2026-02-28T05:30:17","modified_gmt":"2026-02-28T05:30:17","slug":"jogger-pants-for-streetwear-brands-oem","status":"publish","type":"product","link":"https:\/\/customhatsmanufacturer.com\/es\/producto\/jogger-pants-for-streetwear-brands-oem\/","title":{"rendered":"Pantalones Jogger para marcas de ropa de calle (OEM)"},"content":{"rendered":"<p data-start=\"0\" data-end=\"402\">Dise\u00f1ados para marcas de streetwear que necesitan una silueta jogger consistente, estos pantalones jogger combinan una cintura c\u00f3moda (el\u00e1stica y\/o con cord\u00f3n) con una pierna c\u00f3nica y pu\u00f1os ajustados en los tobillos, los rasgos que definen a los \u201cjoggers\u201d. Esto crea una base limpia para las colecciones de temporada, las colecciones b\u00e1sicas y los programas comerciales en los que el ajuste y la marca se mantienen en el centro.<\/p>\n<p data-start=\"404\" data-end=\"908\">Fabricado para el desarrollo de OEM, puede suministrarnos su paquete t\u00e9cnico o muestra de referencia y nosotros lo produciremos seg\u00fan sus especificaciones. A continuaci\u00f3n, terminaremos la prenda con los identificadores de su marca (etiquetas, ribetes y embalaje, seg\u00fan se solicite). Las opciones incluyen la colocaci\u00f3n del logotipo mediante bordado o impresi\u00f3n, adem\u00e1s de la clasificaci\u00f3n por tallas y las combinaciones de colores para adaptarse a su gama. Las cantidades m\u00ednimas y el plazo de entrega var\u00edan: solicite presupuesto. Ideal para marcas de ropa urbana, minoristas y equipos promocionales que crean surtidos de marca propia.<\/p>\n<ul data-start=\"909\" data-end=\"1101\">\n<li data-start=\"909\" data-end=\"942\">\n<p data-start=\"911\" data-end=\"942\">Corte ajustado de jogger de calle<\/p>\n<\/li>\n<li data-start=\"943\" data-end=\"977\">\n<p data-start=\"945\" data-end=\"977\">Opciones de cintura el\u00e1stica o con cord\u00f3n<\/p>\n<\/li>\n<li data-start=\"978\" data-end=\"1000\">\n<p data-start=\"980\" data-end=\"1000\">Tobilleras con pu\u00f1os<\/p>\n<\/li>\n<li data-start=\"1001\" data-end=\"1033\">\n<p data-start=\"1003\" data-end=\"1033\">Personalizaci\u00f3n de etiquetas y embellecedores<\/p>\n<\/li>\n<li data-start=\"1034\" data-end=\"1063\">\n<p data-start=\"1036\" data-end=\"1063\">Logotipos bordados o impresos<\/p>\n<\/li>\n<li data-start=\"1064\" data-end=\"1101\">\n<p data-start=\"1066\" data-end=\"1101\">Ayuda para la clasificaci\u00f3n por colores y tallas<\/p>\n<\/li>\n<\/ul>","protected":false},"excerpt":{"rendered":"<p data-start=\"1103\" data-end=\"1352\">Pantalones jogger OEM desarrollados para marcas de streetwear. Pernera c\u00f3nica est\u00e1ndar con pu\u00f1os en los tobillos, con opciones de bordado\/impresi\u00f3n de logotipos, etiquetas tejidas y ribetes personalizados. Fabricados para tiradas al por mayor: cantidades m\u00e1ximas y plazos de entrega seg\u00fan especificaciones.<\/p>","protected":false},"featured_media":291,"template":"","meta":{"_gspb_post_css":""},"product_brand":[],"product_cat":[33,25],"product_tag":[],"class_list":{"0":"post-276","1":"product","2":"type-product","3":"status-publish","4":"has-post-thumbnail","6":"product_cat-pants","7":"product_cat-clothing","9":"first","10":"instock","11":"shipping-taxable","12":"purchasable","13":"product-type-simple"},"_links":{"self":[{"href":"https:\/\/customhatsmanufacturer.com\/es\/wp-json\/wp\/v2\/product\/276","targetHints":{"allow":["GET"]}}],"collection":[{"href":"https:\/\/customhatsmanufacturer.com\/es\/wp-json\/wp\/v2\/product"}],"about":[{"href":"https:\/\/customhatsmanufacturer.com\/es\/wp-json\/wp\/v2\/types\/product"}],"wp:featuredmedia":[{"embeddable":true,"href":"https:\/\/customhatsmanufacturer.com\/es\/wp-json\/wp\/v2\/media\/291"}],"wp:attachment":[{"href":"https:\/\/customhatsmanufacturer.com\/es\/wp-json\/wp\/v2\/media?parent=276"}],"wp:term":[{"taxonomy":"product_brand","embeddable":true,"href":"https:\/\/customhatsmanufacturer.com\/es\/wp-json\/wp\/v2\/product_brand?post=276"},{"taxonomy":"product_cat","embeddable":true,"href":"https:\/\/customhatsmanufacturer.com\/es\/wp-json\/wp\/v2\/product_cat?post=276"},{"taxonomy":"product_tag","embeddable":true,"href":"https:\/\/customhatsmanufacturer.com\/es\/wp-json\/wp\/v2\/product_tag?post=276"}],"curies":[{"name":"wp","href":"https:\/\/api.w.org\/{rel}","templated":true}]}}