{"id":275,"date":"2026-02-28T05:25:59","date_gmt":"2026-02-28T05:25:59","guid":{"rendered":"https:\/\/customhatsmanufacturer.com\/?post_type=product&#038;p=275"},"modified":"2026-02-28T05:25:59","modified_gmt":"2026-02-28T05:25:59","slug":"stretch-chino-pants-for-uniform-suppliers-bulk","status":"publish","type":"product","link":"https:\/\/customhatsmanufacturer.com\/es\/producto\/stretch-chino-pants-for-uniform-suppliers-bulk\/","title":{"rendered":"Pantalones chinos el\u00e1sticos para proveedores de uniformes (a granel)"},"content":{"rendered":"<p data-start=\"0\" data-end=\"279\">Dise\u00f1ados para programas de uniformes, estos pantalones chinos el\u00e1sticos ofrecen un aspecto de pantal\u00f3n limpio y profesional con una mayor flexibilidad para moverse durante todo el d\u00eda. El perfil chino ayuda a los equipos a presentar un aspecto coherente y pulido en todas las funciones de cara al cliente y en la trastienda.<\/p>\n<p data-start=\"281\" data-end=\"779\">Dise\u00f1ados para proveedores de uniformes que realizan pedidos al por mayor, admiten surtidos de tallas y repetici\u00f3n de pedidos para cuentas con varias ubicaciones. Se puede organizar el etiquetado y embalaje con etiqueta privada para programas de reventa. La marca est\u00e1 disponible bajo pedido; las opciones incluyen el bordado del logotipo o transferencias termoselladas para una colocaci\u00f3n discreta. Las cantidades m\u00ednimas y el plazo de entrega var\u00edan: solicite presupuesto. Ideal para marcas de ropa de trabajo, empresas de uniformes por contrato, minoristas escolares y equipos de personal para eventos.<\/p>\n<ul data-start=\"780\" data-end=\"931\">\n<li data-start=\"780\" data-end=\"811\">\n<p data-start=\"782\" data-end=\"811\">Pantal\u00f3n de uniforme chino<\/p>\n<\/li>\n<li data-start=\"812\" data-end=\"840\">\n<p data-start=\"814\" data-end=\"840\">Confort el\u00e1stico incorporado<\/p>\n<\/li>\n<li data-start=\"841\" data-end=\"867\">\n<p data-start=\"843\" data-end=\"867\">Tama\u00f1o a granel<\/p>\n<\/li>\n<li data-start=\"868\" data-end=\"899\">\n<p data-start=\"870\" data-end=\"899\">Opciones de marca a petici\u00f3n<\/p>\n<\/li>\n<li data-start=\"900\" data-end=\"931\">\n<p data-start=\"902\" data-end=\"931\">Reordenaci\u00f3n coherente de los programas<\/p>\n<\/li>\n<\/ul>","protected":false},"excerpt":{"rendered":"<p data-start=\"933\" data-end=\"1221\">Pantalones chinos el\u00e1sticos suministrados a granel para programas de uniformes, con una presentaci\u00f3n limpia estilo chino y elasticidad incorporada. Si lo desea, puede solicitar el bordado del logotipo o la transferencia t\u00e9rmica de la marca, as\u00ed como el envasado en marca blanca.<\/p>","protected":false},"featured_media":287,"template":"","meta":{"_gspb_post_css":""},"product_brand":[],"product_cat":[33,25],"product_tag":[],"class_list":{"0":"post-275","1":"product","2":"type-product","3":"status-publish","4":"has-post-thumbnail","6":"product_cat-pants","7":"product_cat-clothing","9":"first","10":"instock","11":"shipping-taxable","12":"purchasable","13":"product-type-simple"},"_links":{"self":[{"href":"https:\/\/customhatsmanufacturer.com\/es\/wp-json\/wp\/v2\/product\/275","targetHints":{"allow":["GET"]}}],"collection":[{"href":"https:\/\/customhatsmanufacturer.com\/es\/wp-json\/wp\/v2\/product"}],"about":[{"href":"https:\/\/customhatsmanufacturer.com\/es\/wp-json\/wp\/v2\/types\/product"}],"wp:featuredmedia":[{"embeddable":true,"href":"https:\/\/customhatsmanufacturer.com\/es\/wp-json\/wp\/v2\/media\/287"}],"wp:attachment":[{"href":"https:\/\/customhatsmanufacturer.com\/es\/wp-json\/wp\/v2\/media?parent=275"}],"wp:term":[{"taxonomy":"product_brand","embeddable":true,"href":"https:\/\/customhatsmanufacturer.com\/es\/wp-json\/wp\/v2\/product_brand?post=275"},{"taxonomy":"product_cat","embeddable":true,"href":"https:\/\/customhatsmanufacturer.com\/es\/wp-json\/wp\/v2\/product_cat?post=275"},{"taxonomy":"product_tag","embeddable":true,"href":"https:\/\/customhatsmanufacturer.com\/es\/wp-json\/wp\/v2\/product_tag?post=275"}],"curies":[{"name":"wp","href":"https:\/\/api.w.org\/{rel}","templated":true}]}}