{"id":274,"date":"2026-02-28T05:16:02","date_gmt":"2026-02-28T05:16:02","guid":{"rendered":"https:\/\/customhatsmanufacturer.com\/?post_type=product&#038;p=274"},"modified":"2026-02-28T05:16:02","modified_gmt":"2026-02-28T05:16:02","slug":"custom-work-pants-with-logo-patch-wholesale","status":"publish","type":"product","link":"https:\/\/customhatsmanufacturer.com\/es\/producto\/custom-work-pants-with-logo-patch-wholesale\/","title":{"rendered":"Pantalones de trabajo personalizados con parche de logotipo (al por mayor)"},"content":{"rendered":"<p data-start=\"57\" data-end=\"453\">Estos pantalones de trabajo est\u00e1n dise\u00f1ados para programas de uniformes y ropa comercial en los que la marca debe permanecer visible d\u00eda tras d\u00eda. Cada par est\u00e1 dise\u00f1ado para llevar un parche con el logotipo, lo que le proporciona un marcador de marca limpio y reemplazable en lugar de depender de la impresi\u00f3n directa. Se puede especificar la ubicaci\u00f3n del parche (muslo, cadera o cintura) para que su identidad se lea claramente en el trabajo y en el punto de venta.<\/p>\n<p data-start=\"455\" data-end=\"902\">Para pedidos B2B, sus dise\u00f1os pueden producirse como parches bordados, tejidos, de cuero o de PVC con costura, termosellado o cierre autoadherente, en funci\u00f3n de c\u00f3mo se vaya a entregar y mantener la prenda. Las opciones adicionales incluyen etiquetas interiores, tiradas y embalaje listo para la venta bajo pedido. Las cantidades m\u00ednimas y el plazo de entrega var\u00edan: solicite presupuesto. Ideal para marcas de uniformes, distribuidores y minoristas de ropa de trabajo.<\/p>\n<ul data-start=\"904\" data-end=\"1067\">\n<li data-start=\"904\" data-end=\"936\">\n<p data-start=\"906\" data-end=\"936\">Opciones de colocaci\u00f3n del parche con el logotipo<\/p>\n<\/li>\n<li data-start=\"937\" data-end=\"966\">\n<p data-start=\"939\" data-end=\"966\">Adapte los estilos a sus especificaciones<\/p>\n<\/li>\n<li data-start=\"967\" data-end=\"1001\">\n<p data-start=\"969\" data-end=\"1001\">Gama de tama\u00f1os y soporte de clasificaci\u00f3n<\/p>\n<\/li>\n<li data-start=\"1002\" data-end=\"1036\">\n<p data-start=\"1004\" data-end=\"1036\">Complementos de etiquetado y envasado<\/p>\n<\/li>\n<li data-start=\"1037\" data-end=\"1067\">\n<p data-start=\"1039\" data-end=\"1067\">Dise\u00f1ado para programas uniformes<\/p>\n<\/li>\n<\/ul>","protected":false},"excerpt":{"rendered":"<p data-start=\"1069\" data-end=\"1301\">Pantalones de trabajo suministrados con un parche con logotipo personalizable para programas de uniformes y venta al por menor. Elija el estilo del parche y el soporte que mejor se adapte a su caso de uso. Se ofrecen para la compra al por mayor con complementos opcionales de etiqueta privada.<\/p>","protected":false},"featured_media":283,"template":"","meta":{"_gspb_post_css":""},"product_brand":[],"product_cat":[33,25],"product_tag":[],"class_list":{"0":"post-274","1":"product","2":"type-product","3":"status-publish","4":"has-post-thumbnail","6":"product_cat-pants","7":"product_cat-clothing","9":"first","10":"instock","11":"shipping-taxable","12":"purchasable","13":"product-type-simple"},"_links":{"self":[{"href":"https:\/\/customhatsmanufacturer.com\/es\/wp-json\/wp\/v2\/product\/274","targetHints":{"allow":["GET"]}}],"collection":[{"href":"https:\/\/customhatsmanufacturer.com\/es\/wp-json\/wp\/v2\/product"}],"about":[{"href":"https:\/\/customhatsmanufacturer.com\/es\/wp-json\/wp\/v2\/types\/product"}],"wp:featuredmedia":[{"embeddable":true,"href":"https:\/\/customhatsmanufacturer.com\/es\/wp-json\/wp\/v2\/media\/283"}],"wp:attachment":[{"href":"https:\/\/customhatsmanufacturer.com\/es\/wp-json\/wp\/v2\/media?parent=274"}],"wp:term":[{"taxonomy":"product_brand","embeddable":true,"href":"https:\/\/customhatsmanufacturer.com\/es\/wp-json\/wp\/v2\/product_brand?post=274"},{"taxonomy":"product_cat","embeddable":true,"href":"https:\/\/customhatsmanufacturer.com\/es\/wp-json\/wp\/v2\/product_cat?post=274"},{"taxonomy":"product_tag","embeddable":true,"href":"https:\/\/customhatsmanufacturer.com\/es\/wp-json\/wp\/v2\/product_tag?post=274"}],"curies":[{"name":"wp","href":"https:\/\/api.w.org\/{rel}","templated":true}]}}