{"id":249,"date":"2026-02-27T13:27:35","date_gmt":"2026-02-27T13:27:35","guid":{"rendered":"https:\/\/customhatsmanufacturer.com\/?post_type=product&#038;p=249"},"modified":"2026-02-27T13:27:35","modified_gmt":"2026-02-27T13:27:35","slug":"cotton-knit-sweaters-for-retail-brands-oem","status":"publish","type":"product","link":"https:\/\/customhatsmanufacturer.com\/es\/producto\/cotton-knit-sweaters-for-retail-brands-oem\/","title":{"rendered":"Su\u00e9teres de punto de algod\u00f3n para marcas minoristas (OEM)"},"content":{"rendered":"<p data-start=\"0\" data-end=\"396\">Su\u00e9teres de punto de algod\u00f3n para marcas minoristas que necesitan una producci\u00f3n OEM sin perder el control de los detalles. El objetivo es un jersey de punto limpio y f\u00e1cil de vender que pueda repetirse a lo largo de las temporadas, ajustado a sus medidas, adornos y est\u00e1ndares de marca. Especifique los detalles de construcci\u00f3n, como los pu\u00f1os y el dobladillo de canal\u00e9, la forma del escote y la sensaci\u00f3n general del hilo de algod\u00f3n al tacto.<\/p>\n<p data-start=\"398\" data-end=\"912\">Comparta un paquete t\u00e9cnico o una muestra de referencia para definir el ajuste, el patr\u00f3n de puntada y las combinaciones de colores; el desarrollo de muestras y la clasificaci\u00f3n por tallas pueden organizarse seg\u00fan sea necesario. La presentaci\u00f3n de la marca se gestiona mediante opciones como bordados, logotipos de punto jacquard, etiquetas tejidas o etiquetas impresas para el cuello, con etiquetas colgantes y embalajes disponibles previa solicitud. Las cantidades m\u00ednimas y el plazo de entrega var\u00edan: solicite presupuesto. Ideal para marcas de moda, cadenas minoristas, uniformes y equipos comerciales de eventos.<\/p>\n<ul data-start=\"914\" data-end=\"1100\">\n<li data-start=\"914\" data-end=\"942\">\n<p data-start=\"916\" data-end=\"942\">Tejido de punto de algod\u00f3n<\/p>\n<\/li>\n<li data-start=\"943\" data-end=\"971\">\n<p data-start=\"945\" data-end=\"971\">OEM, producci\u00f3n seg\u00fan especificaciones<\/p>\n<\/li>\n<li data-start=\"972\" data-end=\"998\">\n<p data-start=\"974\" data-end=\"998\">Ribetes seg\u00fan especificaci\u00f3n<\/p>\n<\/li>\n<li data-start=\"999\" data-end=\"1038\">\n<p data-start=\"1001\" data-end=\"1038\">Opciones de logotipo bordado o jacquard<\/p>\n<\/li>\n<li data-start=\"1039\" data-end=\"1066\">\n<p data-start=\"1041\" data-end=\"1066\">Etiquetas tejidas o impresas<\/p>\n<\/li>\n<li data-start=\"1067\" data-end=\"1100\">\n<p data-start=\"1069\" data-end=\"1100\">Etiquetas colgantes y opciones de embalaje<\/p>\n<\/li>\n<\/ul>","protected":false},"excerpt":{"rendered":"<p data-start=\"1102\" data-end=\"1337\">Su\u00e9teres de punto de algod\u00f3n OEM para marcas minoristas. Fabricados seg\u00fan sus especificaciones, con opciones de personalizaci\u00f3n (etiquetas tejidas, etiquetas impresas en el cuello, bordados o logotipos en jacquard) y pedidos al por mayor o al por mayor para programas estacionales repetidos.<\/p>","protected":false},"featured_media":272,"template":"","meta":{"_gspb_post_css":""},"product_brand":[],"product_cat":[32,25],"product_tag":[],"class_list":{"0":"post-249","1":"product","2":"type-product","3":"status-publish","4":"has-post-thumbnail","6":"product_cat-sweaters-jumpers","7":"product_cat-clothing","9":"first","10":"instock","11":"shipping-taxable","12":"purchasable","13":"product-type-simple"},"_links":{"self":[{"href":"https:\/\/customhatsmanufacturer.com\/es\/wp-json\/wp\/v2\/product\/249","targetHints":{"allow":["GET"]}}],"collection":[{"href":"https:\/\/customhatsmanufacturer.com\/es\/wp-json\/wp\/v2\/product"}],"about":[{"href":"https:\/\/customhatsmanufacturer.com\/es\/wp-json\/wp\/v2\/types\/product"}],"wp:featuredmedia":[{"embeddable":true,"href":"https:\/\/customhatsmanufacturer.com\/es\/wp-json\/wp\/v2\/media\/272"}],"wp:attachment":[{"href":"https:\/\/customhatsmanufacturer.com\/es\/wp-json\/wp\/v2\/media?parent=249"}],"wp:term":[{"taxonomy":"product_brand","embeddable":true,"href":"https:\/\/customhatsmanufacturer.com\/es\/wp-json\/wp\/v2\/product_brand?post=249"},{"taxonomy":"product_cat","embeddable":true,"href":"https:\/\/customhatsmanufacturer.com\/es\/wp-json\/wp\/v2\/product_cat?post=249"},{"taxonomy":"product_tag","embeddable":true,"href":"https:\/\/customhatsmanufacturer.com\/es\/wp-json\/wp\/v2\/product_tag?post=249"}],"curies":[{"name":"wp","href":"https:\/\/api.w.org\/{rel}","templated":true}]}}