{"id":248,"date":"2026-02-27T13:24:33","date_gmt":"2026-02-27T13:24:33","guid":{"rendered":"https:\/\/customhatsmanufacturer.com\/?post_type=product&#038;p=248"},"modified":"2026-02-27T13:24:33","modified_gmt":"2026-02-27T13:24:33","slug":"merino-wool-jumpers-for-corporate-gifts-bulk","status":"publish","type":"product","link":"https:\/\/customhatsmanufacturer.com\/es\/producto\/merino-wool-jumpers-for-corporate-gifts-bulk\/","title":{"rendered":"Jerseys de lana merina para regalos de empresa (a granel)"},"content":{"rendered":"<p data-start=\"0\" data-end=\"373\">Jerseys de lana merina dise\u00f1ados para programas de regalos de empresa, entregados a granel para una presentaci\u00f3n homog\u00e9nea en todos los equipos y campa\u00f1as. Funcionan bien como regalos para clientes, premios para el personal y paquetes para conferencias. Como prenda b\u00e1sica de punto para jerseys, la lana merina ofrece una ca\u00edda limpia y un uso c\u00f3modo en reuniones, viajes y uniformes por capas.<\/p>\n<p data-start=\"375\" data-end=\"889\">Dise\u00f1ados para compras B2B y proyectos OEM, estos jerseys pueden suministrarse con opciones de personalizaci\u00f3n, como bordado de logotipos, etiquetas tejidas o etiquetas colgantes con la marca y envoltorios listos para regalo (disponibles previa solicitud). Seleccione una serie de tallas y una paleta de colores que se ajuste a las directrices de su marca y vuelva a hacer pedidos para nuevas contrataciones o bajas estacionales sin tener que volver a crear sus especificaciones desde cero. Las cantidades m\u00ednimas y el plazo de entrega var\u00edan: solicite presupuesto. Ideal para marcas, equipos de RRHH, organizadores de eventos y compradores minoristas.<\/p>\n<ul data-start=\"891\" data-end=\"1239\">\n<li data-start=\"891\" data-end=\"918\">\n<p data-start=\"893\" data-end=\"918\">Jersey de punto de lana merina<\/p>\n<\/li>\n<li data-start=\"919\" data-end=\"948\">\n<p data-start=\"921\" data-end=\"948\">Suministro de regalos a granel<\/p>\n<\/li>\n<li data-start=\"949\" data-end=\"1023\">\n<p data-start=\"951\" data-end=\"1023\">Opci\u00f3n de bordado del logotipo<\/p>\n<\/li>\n<li data-start=\"1024\" data-end=\"1096\">\n<p data-start=\"1026\" data-end=\"1096\">Marca de etiqueta tejida disponible<\/p>\n<\/li>\n<li data-start=\"1097\" data-end=\"1168\">\n<p data-start=\"1099\" data-end=\"1168\">Etiquetas colgantes de marca a petici\u00f3n<\/p>\n<\/li>\n<li data-start=\"1169\" data-end=\"1239\">\n<p data-start=\"1171\" data-end=\"1239\">Envases listos para regalo<\/p>\n<\/li>\n<\/ul>","protected":false},"excerpt":{"rendered":"<p data-start=\"1241\" data-end=\"1494\">Jerseys de punto de lana merina suministrados a granel para programas de regalos de empresa. Las opciones de personalizaci\u00f3n incluyen bordado de logotipos, etiquetas tejidas y embalaje de regalo a petici\u00f3n. Dise\u00f1ados para pedidos repetidos de equipos, eventos y compradores minoristas.<\/p>","protected":false},"featured_media":269,"template":"","meta":{"_gspb_post_css":""},"product_brand":[],"product_cat":[32,25],"product_tag":[],"class_list":{"0":"post-248","1":"product","2":"type-product","3":"status-publish","4":"has-post-thumbnail","6":"product_cat-sweaters-jumpers","7":"product_cat-clothing","9":"first","10":"instock","11":"shipping-taxable","12":"purchasable","13":"product-type-simple"},"_links":{"self":[{"href":"https:\/\/customhatsmanufacturer.com\/es\/wp-json\/wp\/v2\/product\/248","targetHints":{"allow":["GET"]}}],"collection":[{"href":"https:\/\/customhatsmanufacturer.com\/es\/wp-json\/wp\/v2\/product"}],"about":[{"href":"https:\/\/customhatsmanufacturer.com\/es\/wp-json\/wp\/v2\/types\/product"}],"wp:featuredmedia":[{"embeddable":true,"href":"https:\/\/customhatsmanufacturer.com\/es\/wp-json\/wp\/v2\/media\/269"}],"wp:attachment":[{"href":"https:\/\/customhatsmanufacturer.com\/es\/wp-json\/wp\/v2\/media?parent=248"}],"wp:term":[{"taxonomy":"product_brand","embeddable":true,"href":"https:\/\/customhatsmanufacturer.com\/es\/wp-json\/wp\/v2\/product_brand?post=248"},{"taxonomy":"product_cat","embeddable":true,"href":"https:\/\/customhatsmanufacturer.com\/es\/wp-json\/wp\/v2\/product_cat?post=248"},{"taxonomy":"product_tag","embeddable":true,"href":"https:\/\/customhatsmanufacturer.com\/es\/wp-json\/wp\/v2\/product_tag?post=248"}],"curies":[{"name":"wp","href":"https:\/\/api.w.org\/{rel}","templated":true}]}}