{"id":246,"date":"2026-02-27T13:16:47","date_gmt":"2026-02-27T13:16:47","guid":{"rendered":"https:\/\/customhatsmanufacturer.com\/?post_type=product&#038;p=246"},"modified":"2026-02-27T13:16:47","modified_gmt":"2026-02-27T13:16:47","slug":"cotton-pique-polos-for-uniform-programs-oem","status":"publish","type":"product","link":"https:\/\/customhatsmanufacturer.com\/es\/producto\/cotton-pique-polos-for-uniform-programs-oem\/","title":{"rendered":"Polos de piqu\u00e9 de algod\u00f3n para programas de uniformes (OEM)"},"content":{"rendered":"<p data-start=\"0\" data-end=\"462\">Los polos de piqu\u00e9 de algod\u00f3n para programas de uniformes son una forma sencilla de mantener al personal con un aspecto alineado sin que todos tengan que vestir camisas corporativas r\u00edgidas. El punto piqu\u00e9 es conocido por su estructura en relieve y texturizada, que favorece un aspecto cuidado y favorece la transpirabilidad, lo que resulta \u00fatil para las funciones de recepci\u00f3n e industria ligera. Como la base es de algod\u00f3n, la sensaci\u00f3n al tacto sigue siendo familiar durante todo el d\u00eda.<\/p>\n<p data-start=\"464\" data-end=\"946\">Fabricados para la producci\u00f3n OEM, estos polos pueden adaptarse a los est\u00e1ndares de su programa y a sus necesidades de repetici\u00f3n de pedidos. Las opciones disponibles bajo pedido incluyen combinaciones de colores, tallas, variaciones de cuello y tapeta, y etiquetado y empaquetado privados. Para la marca, elija el bordado para un aspecto uniforme cl\u00e1sico, o utilice la serigraf\u00eda\/transferencia t\u00e9rmica para gr\u00e1ficos m\u00e1s grandes. Las cantidades m\u00ednimas y el plazo de entrega var\u00edan: solicite presupuesto. Ideal para marcas, equipos, eventos y minoristas de uniformes.<\/p>\n<ul data-start=\"947\" data-end=\"1167\">\n<li data-start=\"947\" data-end=\"977\">\n<p data-start=\"949\" data-end=\"977\">Punto piqu\u00e9 de algod\u00f3n texturizado<\/p>\n<\/li>\n<li data-start=\"978\" data-end=\"1020\">\n<p data-start=\"980\" data-end=\"1020\">Presentaci\u00f3n uniforme y coherente<\/p>\n<\/li>\n<li data-start=\"1021\" data-end=\"1059\">\n<p data-start=\"1023\" data-end=\"1059\">Logotipo f\u00e1cil de bordar<\/p>\n<\/li>\n<li data-start=\"1060\" data-end=\"1095\">\n<p data-start=\"1062\" data-end=\"1095\">Opci\u00f3n de serigraf\u00eda o transferencia<\/p>\n<\/li>\n<li data-start=\"1096\" data-end=\"1129\">\n<p data-start=\"1098\" data-end=\"1129\">Carreras de tallas para equipar a los equipos<\/p>\n<\/li>\n<li data-start=\"1130\" data-end=\"1167\">\n<p data-start=\"1132\" data-end=\"1167\">Etiquetado OEM disponible previa solicitud<\/p>\n<\/li>\n<\/ul>","protected":false},"excerpt":{"rendered":"<p data-start=\"1169\" data-end=\"1430\">Polos de piqu\u00e9 de algod\u00f3n para programas de uniformes, suministrados mediante fabricaci\u00f3n OEM. Tejido texturizado para un aspecto ordenado, con opciones de bordado, serigraf\u00eda o transferencia t\u00e9rmica de la marca. Tama\u00f1os a granel y pedidos repetidos: presupuesto por especificaci\u00f3n.<\/p>","protected":false},"featured_media":261,"template":"","meta":{"_gspb_post_css":""},"product_brand":[],"product_cat":[31,25],"product_tag":[],"class_list":{"0":"post-246","1":"product","2":"type-product","3":"status-publish","4":"has-post-thumbnail","6":"product_cat-polo-shirt","7":"product_cat-clothing","9":"first","10":"instock","11":"shipping-taxable","12":"purchasable","13":"product-type-simple"},"_links":{"self":[{"href":"https:\/\/customhatsmanufacturer.com\/es\/wp-json\/wp\/v2\/product\/246","targetHints":{"allow":["GET"]}}],"collection":[{"href":"https:\/\/customhatsmanufacturer.com\/es\/wp-json\/wp\/v2\/product"}],"about":[{"href":"https:\/\/customhatsmanufacturer.com\/es\/wp-json\/wp\/v2\/types\/product"}],"wp:featuredmedia":[{"embeddable":true,"href":"https:\/\/customhatsmanufacturer.com\/es\/wp-json\/wp\/v2\/media\/261"}],"wp:attachment":[{"href":"https:\/\/customhatsmanufacturer.com\/es\/wp-json\/wp\/v2\/media?parent=246"}],"wp:term":[{"taxonomy":"product_brand","embeddable":true,"href":"https:\/\/customhatsmanufacturer.com\/es\/wp-json\/wp\/v2\/product_brand?post=246"},{"taxonomy":"product_cat","embeddable":true,"href":"https:\/\/customhatsmanufacturer.com\/es\/wp-json\/wp\/v2\/product_cat?post=246"},{"taxonomy":"product_tag","embeddable":true,"href":"https:\/\/customhatsmanufacturer.com\/es\/wp-json\/wp\/v2\/product_tag?post=246"}],"curies":[{"name":"wp","href":"https:\/\/api.w.org\/{rel}","templated":true}]}}