{"id":245,"date":"2026-02-27T13:11:59","date_gmt":"2026-02-27T13:11:59","guid":{"rendered":"https:\/\/customhatsmanufacturer.com\/?post_type=product&#038;p=245"},"modified":"2026-02-27T13:11:59","modified_gmt":"2026-02-27T13:11:59","slug":"performance-polos-for-golf-and-corporate-wear-bulk","status":"publish","type":"product","link":"https:\/\/customhatsmanufacturer.com\/es\/producto\/performance-polos-for-golf-and-corporate-wear-bulk\/","title":{"rendered":"Polos de alto rendimiento para golf y ropa corporativa (a granel)"},"content":{"rendered":"<p data-start=\"0\" data-end=\"475\">Estos polos de alto rendimiento para golf y ropa de empresa est\u00e1n pensados para el campo de pr\u00e1cticas y la sala de juntas, combinando un look limpio de cuello y tapeta con un confort transpirable que aguanta el juego en climas c\u00e1lidos y los turnos largos. Elija entre las opciones de punto t\u00e9cnico dise\u00f1adas para moverse con el swing de golf mientras se mantiene presentable para reuniones y funciones de cara al cliente, las caracter\u00edsticas pueden incluir control de la humedad, sensaci\u00f3n de secado r\u00e1pido, resistencia a los enganches y elasticidad a\u00f1adida.<\/p>\n<p data-start=\"477\" data-end=\"909\">Fabricados para su compra al por mayor, los polos se pueden marcar con bordados o impresiones para que coincidan con su uniforme est\u00e1ndar o l\u00ednea de venta al por menor, con presentaci\u00f3n de etiqueta privada\/OEM disponible bajo petici\u00f3n. El color, el tama\u00f1o y la colocaci\u00f3n del logotipo se pueden especificar de acuerdo con su dise\u00f1o y gu\u00eda de estilo, teniendo en cuenta la coherencia de los pedidos. Ideal para marcas, equipos, torneos, eventos de empresa y minoristas promocionales.<\/p>\n<ul data-start=\"911\" data-end=\"1118\">\n<li data-start=\"911\" data-end=\"939\">\n<p data-start=\"913\" data-end=\"939\">Silueta de polo con cuello<\/p>\n<\/li>\n<li data-start=\"940\" data-end=\"973\">\n<p data-start=\"942\" data-end=\"973\">Opciones de estiramiento aptas para el golf<\/p>\n<\/li>\n<li data-start=\"974\" data-end=\"1016\">\n<p data-start=\"976\" data-end=\"1016\">Acabados antihumedad disponibles<\/p>\n<\/li>\n<li data-start=\"1017\" data-end=\"1049\">\n<p data-start=\"1019\" data-end=\"1049\">Bordado o impresi\u00f3n de marca<\/p>\n<\/li>\n<li data-start=\"1050\" data-end=\"1084\">\n<p data-start=\"1052\" data-end=\"1084\">Selecci\u00f3n de colores listos para uniformes<\/p>\n<\/li>\n<li data-start=\"1085\" data-end=\"1118\">\n<p data-start=\"1087\" data-end=\"1118\">Control de especificaciones f\u00e1cil de reordenar<\/p>\n<\/li>\n<\/ul>","protected":false},"excerpt":{"rendered":"<p data-start=\"1120\" data-end=\"1406\">Polos de alto rendimiento dise\u00f1ados para golf y uniformes corporativos, suministrados en volumen para programas y reventa. Las opciones de marca incluyen bordado o impresi\u00f3n, con presentaci\u00f3n OEM\/etiqueta privada disponible bajo pedido. Las cantidades m\u00ednimas y los plazos de entrega var\u00edan.<\/p>","protected":false},"featured_media":257,"template":"","meta":{"_gspb_post_css":""},"product_brand":[],"product_cat":[31,25],"product_tag":[],"class_list":{"0":"post-245","1":"product","2":"type-product","3":"status-publish","4":"has-post-thumbnail","6":"product_cat-polo-shirt","7":"product_cat-clothing","9":"first","10":"instock","11":"shipping-taxable","12":"purchasable","13":"product-type-simple"},"_links":{"self":[{"href":"https:\/\/customhatsmanufacturer.com\/es\/wp-json\/wp\/v2\/product\/245","targetHints":{"allow":["GET"]}}],"collection":[{"href":"https:\/\/customhatsmanufacturer.com\/es\/wp-json\/wp\/v2\/product"}],"about":[{"href":"https:\/\/customhatsmanufacturer.com\/es\/wp-json\/wp\/v2\/types\/product"}],"wp:featuredmedia":[{"embeddable":true,"href":"https:\/\/customhatsmanufacturer.com\/es\/wp-json\/wp\/v2\/media\/257"}],"wp:attachment":[{"href":"https:\/\/customhatsmanufacturer.com\/es\/wp-json\/wp\/v2\/media?parent=245"}],"wp:term":[{"taxonomy":"product_brand","embeddable":true,"href":"https:\/\/customhatsmanufacturer.com\/es\/wp-json\/wp\/v2\/product_brand?post=245"},{"taxonomy":"product_cat","embeddable":true,"href":"https:\/\/customhatsmanufacturer.com\/es\/wp-json\/wp\/v2\/product_cat?post=245"},{"taxonomy":"product_tag","embeddable":true,"href":"https:\/\/customhatsmanufacturer.com\/es\/wp-json\/wp\/v2\/product_tag?post=245"}],"curies":[{"name":"wp","href":"https:\/\/api.w.org\/{rel}","templated":true}]}}