{"id":244,"date":"2026-02-27T13:04:52","date_gmt":"2026-02-27T13:04:52","guid":{"rendered":"https:\/\/customhatsmanufacturer.com\/?post_type=product&#038;p=244"},"modified":"2026-02-27T13:04:53","modified_gmt":"2026-02-27T13:04:53","slug":"custom-polo-shirts-with-logo-embroidery-wholesale","status":"publish","type":"product","link":"https:\/\/customhatsmanufacturer.com\/es\/producto\/custom-polo-shirts-with-logo-embroidery-wholesale\/","title":{"rendered":"Polos personalizados con logotipo bordado (al por mayor)"},"content":{"rendered":"<p data-start=\"0\" data-end=\"396\">Polos personalizados con logotipo bordado para programas de suministro al por mayor. Dise\u00f1ados como polos de cuello y manga corta con tapeta delantera, est\u00e1n pensados para uniformes y merchandising en los que una marca cosida da un aspecto elegante. Env\u00ede su dise\u00f1o y anote los colores del hilo y la ubicaci\u00f3n; el pecho izquierdo, la manga y la parte superior de la espalda son las peticiones m\u00e1s habituales.<\/p>\n<p data-start=\"398\" data-end=\"875\">Para adaptarse a las compras B2B, los pedidos pueden organizarse por colores y tallas, y las compras repetidas pueden mantener la coherencia de la marca en las nuevas contrataciones o en las rebajas de temporada. Opciones como diferentes mezclas de tejidos, ajustes y etiquetas o embalajes de marca propia est\u00e1n disponibles bajo pedido. Las cantidades m\u00e1ximas permitidas y el plazo de entrega var\u00edan: solicite un presupuesto y una prueba de preproducci\u00f3n si es necesario. Ideal para marcas, equipos, eventos y minoristas que necesiten un programa de polos fiable y que se pueda volver a encargar.<\/p>\n<ul data-start=\"877\" data-end=\"1062\">\n<li data-start=\"877\" data-end=\"915\">\n<p data-start=\"879\" data-end=\"915\">Logotipo bordado para una imagen de marca limpia<\/p>\n<\/li>\n<li data-start=\"916\" data-end=\"958\">\n<p data-start=\"918\" data-end=\"958\">Opciones de colocaci\u00f3n: pecho, manga, espalda<\/p>\n<\/li>\n<li data-start=\"959\" data-end=\"995\">\n<p data-start=\"961\" data-end=\"995\">Color de rosca a juego bajo pedido<\/p>\n<\/li>\n<li data-start=\"996\" data-end=\"1025\">\n<p data-start=\"998\" data-end=\"1025\">Envasado a granel<\/p>\n<\/li>\n<li data-start=\"1026\" data-end=\"1062\">\n<p data-start=\"1028\" data-end=\"1062\">Acabado de marca propia opcional<\/p>\n<\/li>\n<\/ul>","protected":false},"excerpt":{"rendered":"<p data-start=\"1064\" data-end=\"1317\">Polos bordados listos para la venta al por mayor personalizados con su logotipo. Especifique la colocaci\u00f3n y los colores del hilo, haga pedidos por tallas y mantenga la coherencia de la marca para uniformes, eventos o programas de venta al por menor. CMP y plazos basados en presupuestos.<\/p>","protected":false},"featured_media":250,"template":"","meta":{"_gspb_post_css":""},"product_brand":[],"product_cat":[31,25],"product_tag":[],"class_list":{"0":"post-244","1":"product","2":"type-product","3":"status-publish","4":"has-post-thumbnail","6":"product_cat-polo-shirt","7":"product_cat-clothing","9":"first","10":"instock","11":"shipping-taxable","12":"purchasable","13":"product-type-simple"},"_links":{"self":[{"href":"https:\/\/customhatsmanufacturer.com\/es\/wp-json\/wp\/v2\/product\/244","targetHints":{"allow":["GET"]}}],"collection":[{"href":"https:\/\/customhatsmanufacturer.com\/es\/wp-json\/wp\/v2\/product"}],"about":[{"href":"https:\/\/customhatsmanufacturer.com\/es\/wp-json\/wp\/v2\/types\/product"}],"wp:featuredmedia":[{"embeddable":true,"href":"https:\/\/customhatsmanufacturer.com\/es\/wp-json\/wp\/v2\/media\/250"}],"wp:attachment":[{"href":"https:\/\/customhatsmanufacturer.com\/es\/wp-json\/wp\/v2\/media?parent=244"}],"wp:term":[{"taxonomy":"product_brand","embeddable":true,"href":"https:\/\/customhatsmanufacturer.com\/es\/wp-json\/wp\/v2\/product_brand?post=244"},{"taxonomy":"product_cat","embeddable":true,"href":"https:\/\/customhatsmanufacturer.com\/es\/wp-json\/wp\/v2\/product_cat?post=244"},{"taxonomy":"product_tag","embeddable":true,"href":"https:\/\/customhatsmanufacturer.com\/es\/wp-json\/wp\/v2\/product_tag?post=244"}],"curies":[{"name":"wp","href":"https:\/\/api.w.org\/{rel}","templated":true}]}}