{"id":219,"date":"2026-02-27T12:48:12","date_gmt":"2026-02-27T12:48:12","guid":{"rendered":"https:\/\/customhatsmanufacturer.com\/?post_type=product&#038;p=219"},"modified":"2026-02-27T12:48:12","modified_gmt":"2026-02-27T12:48:12","slug":"stretch-poplin-shirts-for-hospitality-teams-oem","status":"publish","type":"product","link":"https:\/\/customhatsmanufacturer.com\/es\/producto\/stretch-poplin-shirts-for-hospitality-teams-oem\/","title":{"rendered":"Camisas de popelina el\u00e1stica para equipos de hosteler\u00eda (OEM)"},"content":{"rendered":"<p data-start=\"0\" data-end=\"331\">Dise\u00f1adas como camisas abotonadas listas para el uniforme, estas camisas de popelina el\u00e1stica mantienen un aspecto n\u00edtido y liso a la vez que ofrecen al personal espacio para moverse en turnos largos. El tejido tupido de la popelina proporciona un tacto limpio y una ca\u00edda profesional, y la cara lisa ayuda a que la decoraci\u00f3n se lea con claridad.<\/p>\n<p data-start=\"333\" data-end=\"787\">Dise\u00f1adas para programas de hosteler\u00eda, pueden fabricarse con la longitud de manga, el estilo de cuello y la configuraci\u00f3n de bolsillos que prefiera. Las opciones de marca incluyen bordado, impresi\u00f3n por transferencia t\u00e9rmica o etiquetas tejidas, con embalaje OEM y etiquetado de tama\u00f1o disponible para simplificar la distribuci\u00f3n. Las cantidades m\u00ednimas y el plazo de entrega var\u00edan: solicite presupuesto. Ideal para marcas de uniformes, grupos hoteleros y de restauraci\u00f3n, y minoristas que suministran ropa de equipo.<\/p>\n<ul data-start=\"789\" data-end=\"988\">\n<li data-start=\"789\" data-end=\"819\">\n<p data-start=\"791\" data-end=\"819\">Acabado en suave tejido de popelina<\/p>\n<\/li>\n<li data-start=\"820\" data-end=\"852\">\n<p data-start=\"822\" data-end=\"852\">Estiramiento para el movimiento de servicio<\/p>\n<\/li>\n<li data-start=\"853\" data-end=\"885\">\n<p data-start=\"855\" data-end=\"885\">Silueta de uniforme abotonada<\/p>\n<\/li>\n<li data-start=\"886\" data-end=\"926\">\n<p data-start=\"888\" data-end=\"926\">Bordado o marca por termotransferencia<\/p>\n<\/li>\n<li data-start=\"927\" data-end=\"955\">\n<p data-start=\"929\" data-end=\"955\">Etiquetas y envases OEM<\/p>\n<\/li>\n<li data-start=\"956\" data-end=\"988\">\n<p data-start=\"958\" data-end=\"988\">Colores y tallas a petici\u00f3n<\/p>\n<\/li>\n<\/ul>","protected":false},"excerpt":{"rendered":"<p data-start=\"990\" data-end=\"1242\">Camisas abotonadas listas para el uniforme en popel\u00edn el\u00e1stico para equipos de hosteler\u00eda, producidas para programas OEM. A\u00f1ada bordados, logotipos por termotransferencia o etiquetas tejidas, con opciones de etiquetado y empaquetado para agilizar la distribuci\u00f3n a granel.<\/p>","protected":false},"featured_media":243,"template":"","meta":{"_gspb_post_css":""},"product_brand":[],"product_cat":[30,25],"product_tag":[],"class_list":{"0":"post-219","1":"product","2":"type-product","3":"status-publish","4":"has-post-thumbnail","6":"product_cat-shirt","7":"product_cat-clothing","9":"first","10":"instock","11":"shipping-taxable","12":"purchasable","13":"product-type-simple"},"_links":{"self":[{"href":"https:\/\/customhatsmanufacturer.com\/es\/wp-json\/wp\/v2\/product\/219","targetHints":{"allow":["GET"]}}],"collection":[{"href":"https:\/\/customhatsmanufacturer.com\/es\/wp-json\/wp\/v2\/product"}],"about":[{"href":"https:\/\/customhatsmanufacturer.com\/es\/wp-json\/wp\/v2\/types\/product"}],"wp:featuredmedia":[{"embeddable":true,"href":"https:\/\/customhatsmanufacturer.com\/es\/wp-json\/wp\/v2\/media\/243"}],"wp:attachment":[{"href":"https:\/\/customhatsmanufacturer.com\/es\/wp-json\/wp\/v2\/media?parent=219"}],"wp:term":[{"taxonomy":"product_brand","embeddable":true,"href":"https:\/\/customhatsmanufacturer.com\/es\/wp-json\/wp\/v2\/product_brand?post=219"},{"taxonomy":"product_cat","embeddable":true,"href":"https:\/\/customhatsmanufacturer.com\/es\/wp-json\/wp\/v2\/product_cat?post=219"},{"taxonomy":"product_tag","embeddable":true,"href":"https:\/\/customhatsmanufacturer.com\/es\/wp-json\/wp\/v2\/product_tag?post=219"}],"curies":[{"name":"wp","href":"https:\/\/api.w.org\/{rel}","templated":true}]}}