{"id":215,"date":"2026-02-27T12:34:33","date_gmt":"2026-02-27T12:34:33","guid":{"rendered":"https:\/\/customhatsmanufacturer.com\/?post_type=product&#038;p=215"},"modified":"2026-02-27T12:34:33","modified_gmt":"2026-02-27T12:34:33","slug":"fleece-shorts-for-streetwear-brands-bulk","status":"publish","type":"product","link":"https:\/\/customhatsmanufacturer.com\/es\/producto\/fleece-shorts-for-streetwear-brands-bulk\/","title":{"rendered":"Pantalones cortos de forro polar para marcas de ropa de calle (a granel)"},"content":{"rendered":"<p data-start=\"0\" data-end=\"395\">Dise\u00f1ados para las colecciones de ropa de calle, estos pantalones cortos de forro polar son una prenda limpia, lista para la marca, que funciona como un lienzo en blanco para sus gr\u00e1ficos y adornos. Su confecci\u00f3n en forro polar le confiere un tacto suave y sustancioso; los detalles de confecci\u00f3n, como el estilo de la cintura, los cordones de ajuste, la disposici\u00f3n de los bolsillos y el acabado del dobladillo, se pueden especificar para adaptarlos a la direcci\u00f3n de corte y costura.<\/p>\n<p data-start=\"397\" data-end=\"943\">Realice pedidos al por mayor o de temporada, y a\u00f1ada la marca que necesite: bordado, serigraf\u00eda o termotransferencia, adem\u00e1s de toques de marca propia como etiquetas tejidas, etiquetas colgantes y embalajes personalizados si lo solicita. Las tiradas y los colores se establecen por pedido, y se pueden realizar muestras en funci\u00f3n del proyecto. Las cantidades m\u00e1ximas permitidas y el plazo de entrega var\u00edan: solicite un presupuesto con las cantidades deseadas y notas sobre la decoraci\u00f3n. Ideal para marcas de streetwear, boutiques, pop-ups y eventos comerciales.<\/p>\n<ul data-start=\"945\" data-end=\"1156\">\n<li data-start=\"945\" data-end=\"971\">\n<p data-start=\"947\" data-end=\"971\">Tacto de tejido polar<\/p>\n<\/li>\n<li data-start=\"972\" data-end=\"1005\">\n<p data-start=\"974\" data-end=\"1005\">Ajuste personalizado y opciones de entrepierna<\/p>\n<\/li>\n<li data-start=\"1006\" data-end=\"1044\">\n<p data-start=\"1008\" data-end=\"1044\">Cintura el\u00e1stica y cord\u00f3n de ajuste<\/p>\n<\/li>\n<li data-start=\"1045\" data-end=\"1078\">\n<p data-start=\"1047\" data-end=\"1078\">Opciones de acabado de bolsillos y dobladillos<\/p>\n<\/li>\n<li data-start=\"1079\" data-end=\"1119\">\n<p data-start=\"1081\" data-end=\"1119\">Logotipos bordados, impresos o transferidos<\/p>\n<\/li>\n<li data-start=\"1120\" data-end=\"1156\">\n<p data-start=\"1122\" data-end=\"1156\">Embellecedores de marca blanca a petici\u00f3n<\/p>\n<\/li>\n<\/ul>","protected":false},"excerpt":{"rendered":"<p data-start=\"1158\" data-end=\"1420\">Pantalones cortos de forro polar a granel para marcas de streetwear, suministrados para programas mayoristas y lanzamientos de marca. Especifique el corte, los bolsillos y los ribetes, y a\u00f1ada su logotipo mediante bordado, serigraf\u00eda o transferencia t\u00e9rmica. Las cantidades m\u00ednimas y el plazo de entrega var\u00edan.<\/p>","protected":false},"featured_media":227,"template":"","meta":{"_gspb_post_css":""},"product_brand":[],"product_cat":[29,25],"product_tag":[],"class_list":{"0":"post-215","1":"product","2":"type-product","3":"status-publish","4":"has-post-thumbnail","6":"product_cat-shorts","7":"product_cat-clothing","9":"first","10":"instock","11":"shipping-taxable","12":"purchasable","13":"product-type-simple"},"_links":{"self":[{"href":"https:\/\/customhatsmanufacturer.com\/es\/wp-json\/wp\/v2\/product\/215","targetHints":{"allow":["GET"]}}],"collection":[{"href":"https:\/\/customhatsmanufacturer.com\/es\/wp-json\/wp\/v2\/product"}],"about":[{"href":"https:\/\/customhatsmanufacturer.com\/es\/wp-json\/wp\/v2\/types\/product"}],"wp:featuredmedia":[{"embeddable":true,"href":"https:\/\/customhatsmanufacturer.com\/es\/wp-json\/wp\/v2\/media\/227"}],"wp:attachment":[{"href":"https:\/\/customhatsmanufacturer.com\/es\/wp-json\/wp\/v2\/media?parent=215"}],"wp:term":[{"taxonomy":"product_brand","embeddable":true,"href":"https:\/\/customhatsmanufacturer.com\/es\/wp-json\/wp\/v2\/product_brand?post=215"},{"taxonomy":"product_cat","embeddable":true,"href":"https:\/\/customhatsmanufacturer.com\/es\/wp-json\/wp\/v2\/product_cat?post=215"},{"taxonomy":"product_tag","embeddable":true,"href":"https:\/\/customhatsmanufacturer.com\/es\/wp-json\/wp\/v2\/product_tag?post=215"}],"curies":[{"name":"wp","href":"https:\/\/api.w.org\/{rel}","templated":true}]}}