{"id":214,"date":"2026-02-27T12:31:40","date_gmt":"2026-02-27T12:31:40","guid":{"rendered":"https:\/\/customhatsmanufacturer.com\/?post_type=product&#038;p=214"},"modified":"2026-02-27T12:31:40","modified_gmt":"2026-02-27T12:31:40","slug":"custom-athletic-shorts-with-logo-print-wholesale","status":"publish","type":"product","link":"https:\/\/customhatsmanufacturer.com\/es\/producto\/custom-athletic-shorts-with-logo-print-wholesale\/","title":{"rendered":"Pantalones cortos de atletismo personalizados con logotipo (al por mayor)"},"content":{"rendered":"<p data-start=\"0\" data-end=\"449\">Estos pantalones cortos deportivos son un lienzo en blanco para la impresi\u00f3n de su logotipo, hechos para programas B2B que necesitan un tallaje consistente y una decoraci\u00f3n repetible. El estilo b\u00e1sico es deportivo; los detalles como el tipo de cintura, la disposici\u00f3n de los bolsillos, la longitud de la entrepierna y el tacto del tejido son configurables: elija lo que mejor se adapte a su plan de l\u00ednea. P\u00eddalos como un pantal\u00f3n corto independiente o para combinar con una gama de ropa deportiva, con opciones de color y ribete disponibles bajo pedido.<\/p>\n<p data-start=\"451\" data-end=\"934\">Para obtener un presupuesto preciso, ind\u00edquenos la cantidad deseada, el desglose de tallas, el color preferido y los archivos de dise\u00f1o. Las opciones de impresi\u00f3n pueden incluir serigraf\u00eda, transferencias aplicadas por calor\/DTF o sublimaci\u00f3n bajo pedido, seleccionadas para adaptarse a su dise\u00f1o y tejido. Las opciones adicionales incluyen etiquetas OEM, etiquetas colgantes y embalaje a granel; las cantidades m\u00ednimas y los plazos de entrega var\u00edan, as\u00ed que solicite un presupuesto. Ideal para marcas, equipos, eventos y minoristas.<\/p>\n<ul data-start=\"935\" data-end=\"1088\">\n<li data-start=\"935\" data-end=\"967\">\n<p data-start=\"937\" data-end=\"967\">Opciones de colocaci\u00f3n del logotipo<\/p>\n<\/li>\n<li data-start=\"968\" data-end=\"1002\">\n<p data-start=\"970\" data-end=\"1002\">Detalles de cintura configurables<\/p>\n<\/li>\n<li data-start=\"1003\" data-end=\"1031\">\n<p data-start=\"1005\" data-end=\"1031\">Elecci\u00f3n de tejidos y colores<\/p>\n<\/li>\n<li data-start=\"1032\" data-end=\"1057\">\n<p data-start=\"1034\" data-end=\"1057\">Etiquetas OEM a petici\u00f3n<\/p>\n<\/li>\n<li data-start=\"1058\" data-end=\"1088\">\n<p data-start=\"1060\" data-end=\"1088\">Opciones de envasado a granel<\/p>\n<\/li>\n<\/ul>","protected":false},"excerpt":{"rendered":"<p data-start=\"1090\" data-end=\"1313\">Pantalones cortos deportivos al por mayor personalizados con su logotipo. Dise\u00f1ados para pedidos B2B con opciones de colocaci\u00f3n de ilustraciones y complementos como etiquetado OEM a petici\u00f3n. Las cantidades m\u00e1ximas y el plazo de entrega var\u00edan.<\/p>","protected":false},"featured_media":223,"template":"","meta":{"_gspb_post_css":""},"product_brand":[],"product_cat":[29,25],"product_tag":[],"class_list":{"0":"post-214","1":"product","2":"type-product","3":"status-publish","4":"has-post-thumbnail","6":"product_cat-shorts","7":"product_cat-clothing","9":"first","10":"instock","11":"shipping-taxable","12":"purchasable","13":"product-type-simple"},"_links":{"self":[{"href":"https:\/\/customhatsmanufacturer.com\/es\/wp-json\/wp\/v2\/product\/214","targetHints":{"allow":["GET"]}}],"collection":[{"href":"https:\/\/customhatsmanufacturer.com\/es\/wp-json\/wp\/v2\/product"}],"about":[{"href":"https:\/\/customhatsmanufacturer.com\/es\/wp-json\/wp\/v2\/types\/product"}],"wp:featuredmedia":[{"embeddable":true,"href":"https:\/\/customhatsmanufacturer.com\/es\/wp-json\/wp\/v2\/media\/223"}],"wp:attachment":[{"href":"https:\/\/customhatsmanufacturer.com\/es\/wp-json\/wp\/v2\/media?parent=214"}],"wp:term":[{"taxonomy":"product_brand","embeddable":true,"href":"https:\/\/customhatsmanufacturer.com\/es\/wp-json\/wp\/v2\/product_brand?post=214"},{"taxonomy":"product_cat","embeddable":true,"href":"https:\/\/customhatsmanufacturer.com\/es\/wp-json\/wp\/v2\/product_cat?post=214"},{"taxonomy":"product_tag","embeddable":true,"href":"https:\/\/customhatsmanufacturer.com\/es\/wp-json\/wp\/v2\/product_tag?post=214"}],"curies":[{"name":"wp","href":"https:\/\/api.w.org\/{rel}","templated":true}]}}