{"id":188,"date":"2026-02-27T12:08:21","date_gmt":"2026-02-27T12:08:21","guid":{"rendered":"https:\/\/customhatsmanufacturer.com\/?post_type=product&#038;p=188"},"modified":"2026-02-27T12:08:21","modified_gmt":"2026-02-27T12:08:21","slug":"premium-cotton-tees-for-retail-brands-bulk","status":"publish","type":"product","link":"https:\/\/customhatsmanufacturer.com\/es\/producto\/premium-cotton-tees-for-retail-brands-bulk\/","title":{"rendered":"Camisetas de algod\u00f3n de primera calidad para marcas minoristas (a granel)"},"content":{"rendered":"<p data-start=\"0\" data-end=\"333\">Camisetas de algod\u00f3n de primera calidad dise\u00f1adas para marcas minoristas que necesitan una camiseta b\u00e1sica fiable para la reventa o la distribuci\u00f3n de productos. Fabricadas con algod\u00f3n de primera calidad, su tacto es suave y su superficie limpia y resistente a los gr\u00e1ficos. Util\u00edcelas como prendas en blanco en el estante o como base para un lanzamiento de marca.<\/p>\n<p data-start=\"335\" data-end=\"838\">Haga su pedido al por mayor y elija el nivel de acabado que necesite: cartones lisos, decoraci\u00f3n de logotipos (serigraf\u00eda, transferencia t\u00e9rmica o bordado a petici\u00f3n). Si lo desea, puede a\u00f1adir toques de marca propia, como etiquetas de cuello, etiquetas colgantes o bolsas de polietileno con c\u00f3digo de barras. Ideal para marcas de ropa, minoristas, equipos de merchandising de eventos y programas de uniformes. Las tiradas y las combinaciones de colores pueden planificarse durante el presupuesto. Las cantidades m\u00ednimas y el plazo de entrega var\u00edan: solicite un presupuesto.<\/p>\n<ul data-start=\"840\" data-end=\"981\">\n<li data-start=\"840\" data-end=\"865\">\n<p data-start=\"842\" data-end=\"865\">Suave tacto de algod\u00f3n<\/p>\n<\/li>\n<li data-start=\"866\" data-end=\"895\">\n<p data-start=\"868\" data-end=\"895\">Base en blanco compatible con la marca<\/p>\n<\/li>\n<li data-start=\"896\" data-end=\"922\">\n<p data-start=\"898\" data-end=\"922\">Opciones de escote y ajuste<\/p>\n<\/li>\n<li data-start=\"923\" data-end=\"953\">\n<p data-start=\"925\" data-end=\"953\">Serigraf\u00eda o bordado<\/p>\n<\/li>\n<li data-start=\"954\" data-end=\"981\">\n<p data-start=\"956\" data-end=\"981\">Acabado de marca blanca<\/p>\n<\/li>\n<\/ul>","protected":false},"excerpt":{"rendered":"<p data-start=\"983\" data-end=\"1222\">Camisetas de algod\u00f3n de primera calidad suministradas a granel para marcas minoristas. Adecuadas para la reventa en blanco o la decoraci\u00f3n de logotipos, con opciones de etiqueta privada y embalaje disponibles previa solicitud. Las cantidades m\u00ednimas y el plazo de entrega var\u00edan.<\/p>","protected":false},"featured_media":206,"template":"","meta":{"_gspb_post_css":""},"product_brand":[],"product_cat":[28,25],"product_tag":[],"class_list":{"0":"post-188","1":"product","2":"type-product","3":"status-publish","4":"has-post-thumbnail","6":"product_cat-t-shirt","7":"product_cat-clothing","9":"first","10":"instock","11":"shipping-taxable","12":"purchasable","13":"product-type-simple"},"_links":{"self":[{"href":"https:\/\/customhatsmanufacturer.com\/es\/wp-json\/wp\/v2\/product\/188","targetHints":{"allow":["GET"]}}],"collection":[{"href":"https:\/\/customhatsmanufacturer.com\/es\/wp-json\/wp\/v2\/product"}],"about":[{"href":"https:\/\/customhatsmanufacturer.com\/es\/wp-json\/wp\/v2\/types\/product"}],"wp:featuredmedia":[{"embeddable":true,"href":"https:\/\/customhatsmanufacturer.com\/es\/wp-json\/wp\/v2\/media\/206"}],"wp:attachment":[{"href":"https:\/\/customhatsmanufacturer.com\/es\/wp-json\/wp\/v2\/media?parent=188"}],"wp:term":[{"taxonomy":"product_brand","embeddable":true,"href":"https:\/\/customhatsmanufacturer.com\/es\/wp-json\/wp\/v2\/product_brand?post=188"},{"taxonomy":"product_cat","embeddable":true,"href":"https:\/\/customhatsmanufacturer.com\/es\/wp-json\/wp\/v2\/product_cat?post=188"},{"taxonomy":"product_tag","embeddable":true,"href":"https:\/\/customhatsmanufacturer.com\/es\/wp-json\/wp\/v2\/product_tag?post=188"}],"curies":[{"name":"wp","href":"https:\/\/api.w.org\/{rel}","templated":true}]}}