{"id":187,"date":"2026-02-27T11:59:48","date_gmt":"2026-02-27T11:59:48","guid":{"rendered":"https:\/\/customhatsmanufacturer.com\/?post_type=product&#038;p=187"},"modified":"2026-02-27T11:59:48","modified_gmt":"2026-02-27T11:59:48","slug":"custom-t-shirts-with-screen-print-logo-wholesale","status":"publish","type":"product","link":"https:\/\/customhatsmanufacturer.com\/es\/producto\/custom-t-shirts-with-screen-print-logo-wholesale\/","title":{"rendered":"Camisetas personalizadas con logotipo serigrafiado (al por mayor)"},"content":{"rendered":"<p data-start=\"0\" data-end=\"567\">Dise\u00f1adas para programas que necesitan productos b\u00e1sicos de marca a gran escala, estas camisetas personalizadas se suministran con un logotipo serigrafiado para obtener una marca limpia y repetible en una tirada de tama\u00f1o completo. Ind\u00edquenos su dise\u00f1o y ubicaci\u00f3n preferida (pecho izquierdo, parte delantera completa, espalda, manga, etc.) y prepararemos una prueba para que su dise\u00f1o sea coherente de una caja a otra. La serigraf\u00eda se utiliza mucho para tiradas grandes en las que se repite el mismo gr\u00e1fico porque la preparaci\u00f3n se reparte a lo largo del pedido.<\/p>\n<p data-start=\"569\" data-end=\"929\">Util\u00edcelos para productos listos para la venta, uniformes de personal o distribuci\u00f3n en eventos, pedidos en volumen a trav\u00e9s de un proveedor mayorista y empaquetados para adaptarse a su flujo de trabajo. Las opciones pueden incluir etiquetado privado, pegatinas con c\u00f3digos de barras o surtidos de tama\u00f1os mixtos bajo pedido. Las cantidades m\u00ednimas y el plazo de entrega var\u00edan: solicite presupuesto. La mejor opci\u00f3n para marcas, equipos, eventos y minoristas que buscan camisetas con logotipo.<\/p>\n<ul data-start=\"931\" data-end=\"1117\">\n<li data-start=\"931\" data-end=\"966\">\n<p data-start=\"933\" data-end=\"966\">Aplicaci\u00f3n de logotipo serigrafiado<\/p>\n<\/li>\n<li data-start=\"967\" data-end=\"1009\">\n<p data-start=\"969\" data-end=\"1009\">Opciones de colocaci\u00f3n: pecho, espalda, manga<\/p>\n<\/li>\n<li data-start=\"1010\" data-end=\"1046\">\n<p data-start=\"1012\" data-end=\"1046\">Prueba facilitada antes de la producci\u00f3n<\/p>\n<\/li>\n<li data-start=\"1047\" data-end=\"1081\">\n<p data-start=\"1049\" data-end=\"1081\">Admite surtidos por tallas<\/p>\n<\/li>\n<li data-start=\"1082\" data-end=\"1117\">\n<p data-start=\"1084\" data-end=\"1117\">Opciones de marca blanca disponibles<\/p>\n<\/li>\n<\/ul>","protected":false},"excerpt":{"rendered":"<p data-start=\"1119\" data-end=\"1379\">Venta al por mayor de camisetas personalizadas con logotipo serigrafiado para una imagen de marca homog\u00e9nea en pedidos grandes. Env\u00ede el dise\u00f1o, elija la ubicaci\u00f3n y apruebe una prueba. Etiquetado y embalaje opcionales bajo pedido; las cantidades m\u00ednimas y el plazo de entrega var\u00edan.<\/p>","protected":false},"featured_media":205,"template":"","meta":{"_gspb_post_css":""},"product_brand":[],"product_cat":[28,25],"product_tag":[],"class_list":{"0":"post-187","1":"product","2":"type-product","3":"status-publish","4":"has-post-thumbnail","6":"product_cat-t-shirt","7":"product_cat-clothing","9":"first","10":"instock","11":"shipping-taxable","12":"purchasable","13":"product-type-simple"},"_links":{"self":[{"href":"https:\/\/customhatsmanufacturer.com\/es\/wp-json\/wp\/v2\/product\/187","targetHints":{"allow":["GET"]}}],"collection":[{"href":"https:\/\/customhatsmanufacturer.com\/es\/wp-json\/wp\/v2\/product"}],"about":[{"href":"https:\/\/customhatsmanufacturer.com\/es\/wp-json\/wp\/v2\/types\/product"}],"wp:featuredmedia":[{"embeddable":true,"href":"https:\/\/customhatsmanufacturer.com\/es\/wp-json\/wp\/v2\/media\/205"}],"wp:attachment":[{"href":"https:\/\/customhatsmanufacturer.com\/es\/wp-json\/wp\/v2\/media?parent=187"}],"wp:term":[{"taxonomy":"product_brand","embeddable":true,"href":"https:\/\/customhatsmanufacturer.com\/es\/wp-json\/wp\/v2\/product_brand?post=187"},{"taxonomy":"product_cat","embeddable":true,"href":"https:\/\/customhatsmanufacturer.com\/es\/wp-json\/wp\/v2\/product_cat?post=187"},{"taxonomy":"product_tag","embeddable":true,"href":"https:\/\/customhatsmanufacturer.com\/es\/wp-json\/wp\/v2\/product_tag?post=187"}],"curies":[{"name":"wp","href":"https:\/\/api.w.org\/{rel}","templated":true}]}}