{"id":186,"date":"2026-02-27T11:56:44","date_gmt":"2026-02-27T11:56:44","guid":{"rendered":"https:\/\/customhatsmanufacturer.com\/?post_type=product&#038;p=186"},"modified":"2026-02-27T11:56:44","modified_gmt":"2026-02-27T11:56:44","slug":"breathable-mesh-tank-tops-for-sports-teams-oem","status":"publish","type":"product","link":"https:\/\/customhatsmanufacturer.com\/es\/producto\/breathable-mesh-tank-tops-for-sports-teams-oem\/","title":{"rendered":"Camisetas sin mangas de malla transpirable para equipos deportivos (OEM)"},"content":{"rendered":"<p data-start=\"0\" data-end=\"435\">Estas camisetas de tirantes de malla transpirable son capas atl\u00e9ticas de equipo dise\u00f1adas para entrenamientos, calentamientos y eventos activos. La estructura de malla abierta favorece la circulaci\u00f3n del aire y una sensaci\u00f3n de ligereza en el cuerpo, ayudando a reducir la acumulaci\u00f3n de calor durante el movimiento. El ajuste y el escote pueden fabricarse seg\u00fan sus especificaciones (cuello redondo est\u00e1ndar, espalda deportiva o cuello en V, a petici\u00f3n) para que la silueta se adapte a la forma de entrenar de sus atletas.<\/p>\n<p data-start=\"437\" data-end=\"938\">Como programa listo para fabricantes de equipos originales, puede definir los colores del equipo, las proporciones de tama\u00f1o y la colocaci\u00f3n del logotipo para alinearlo con su alineaci\u00f3n o plan de venta al por menor. Las opciones incluyen serigraf\u00eda, gr\u00e1ficos por transferencia t\u00e9rmica o ilustraciones sublimadas para logotipos, nombres y n\u00fameros. Tambi\u00e9n puede solicitar un embalaje de marca propia o un etiquetado listo para la venta cuando sea necesario. La cantidad m\u00ednima y el plazo de entrega var\u00edan seg\u00fan el modelo: solicite presupuesto. Ideal para marcas de ropa deportiva, ligas, organizadores de torneos y minoristas de ropa de equipo.<\/p>\n<ul data-start=\"939\" data-end=\"1101\">\n<li data-start=\"939\" data-end=\"973\">\n<p data-start=\"941\" data-end=\"973\">Construcci\u00f3n de malla abierta para flujo de aire<\/p>\n<\/li>\n<li data-start=\"974\" data-end=\"1005\">\n<p data-start=\"976\" data-end=\"1005\">Corte sin mangas para mayor movilidad<\/p>\n<\/li>\n<li data-start=\"1006\" data-end=\"1038\">\n<p data-start=\"1008\" data-end=\"1038\">Ajuste y escote espec\u00edficos<\/p>\n<\/li>\n<li data-start=\"1039\" data-end=\"1070\">\n<p data-start=\"1041\" data-end=\"1070\">Colocaci\u00f3n de logotipos listos para imprimir<\/p>\n<\/li>\n<li data-start=\"1071\" data-end=\"1101\">\n<p data-start=\"1073\" data-end=\"1101\">Nombres y n\u00fameros opcionales<\/p>\n<\/li>\n<\/ul>","protected":false},"excerpt":{"rendered":"<p data-start=\"1103\" data-end=\"1328\">Camisetas atl\u00e9ticas de malla transpirable para entrenamientos y eventos de equipos deportivos. Preparadas para OEM con opciones de impresi\u00f3n de logotipos y tiradas flexibles de color\/tama\u00f1o para distribuidores, clubes y programas de marca propia.<\/p>","protected":false},"featured_media":199,"template":"","meta":{"_gspb_post_css":""},"product_brand":[],"product_cat":[27,25],"product_tag":[],"class_list":{"0":"post-186","1":"product","2":"type-product","3":"status-publish","4":"has-post-thumbnail","6":"product_cat-tank-top","7":"product_cat-clothing","9":"first","10":"instock","11":"shipping-taxable","12":"purchasable","13":"product-type-simple"},"_links":{"self":[{"href":"https:\/\/customhatsmanufacturer.com\/es\/wp-json\/wp\/v2\/product\/186","targetHints":{"allow":["GET"]}}],"collection":[{"href":"https:\/\/customhatsmanufacturer.com\/es\/wp-json\/wp\/v2\/product"}],"about":[{"href":"https:\/\/customhatsmanufacturer.com\/es\/wp-json\/wp\/v2\/types\/product"}],"wp:featuredmedia":[{"embeddable":true,"href":"https:\/\/customhatsmanufacturer.com\/es\/wp-json\/wp\/v2\/media\/199"}],"wp:attachment":[{"href":"https:\/\/customhatsmanufacturer.com\/es\/wp-json\/wp\/v2\/media?parent=186"}],"wp:term":[{"taxonomy":"product_brand","embeddable":true,"href":"https:\/\/customhatsmanufacturer.com\/es\/wp-json\/wp\/v2\/product_brand?post=186"},{"taxonomy":"product_cat","embeddable":true,"href":"https:\/\/customhatsmanufacturer.com\/es\/wp-json\/wp\/v2\/product_cat?post=186"},{"taxonomy":"product_tag","embeddable":true,"href":"https:\/\/customhatsmanufacturer.com\/es\/wp-json\/wp\/v2\/product_tag?post=186"}],"curies":[{"name":"wp","href":"https:\/\/api.w.org\/{rel}","templated":true}]}}