{"id":184,"date":"2026-02-27T11:46:32","date_gmt":"2026-02-27T11:46:32","guid":{"rendered":"https:\/\/customhatsmanufacturer.com\/?post_type=product&#038;p=184"},"modified":"2026-02-27T11:46:32","modified_gmt":"2026-02-27T11:46:32","slug":"custom-tank-tops-for-gyms-and-events-wholesale","status":"publish","type":"product","link":"https:\/\/customhatsmanufacturer.com\/es\/producto\/custom-tank-tops-for-gyms-and-events-wholesale\/","title":{"rendered":"Camisetas de tirantes personalizadas para gimnasios y eventos (al por mayor)"},"content":{"rendered":"<p data-start=\"0\" data-end=\"521\">Las camisetas de tirantes personalizadas para gimnasios y eventos son camisetas sin mangas de estilo deportivo pensadas para la ropa de equipo, el merchandising de los socios y los uniformes del personal en los que la amplitud de movimiento es importante. El corte abierto de los brazos ayuda a mantener el movimiento sin restricciones, y el ajuste y el escote se pueden especificar para adaptarse a su p\u00fablico (cortes unisex, de hombre o de mujer disponibles bajo petici\u00f3n). Util\u00edcelos en lanzamientos, competiciones, pop-ups y activaciones de patrocinadores cuando necesite una imagen de marca coherente en una tirada completa.<\/p>\n<p data-start=\"523\" data-end=\"1024\">Para pedidos B2B, comparta su logotipo o ilustraci\u00f3n y seleccione el m\u00e9todo de decoraci\u00f3n que se adapte a su dise\u00f1o y presupuesto: las opciones incluyen serigraf\u00eda, DTG y transferencias aplicadas por calor, con bordado disponible bajo petici\u00f3n. Elija la ubicaci\u00f3n (delante, detr\u00e1s, en el pecho o en varios lugares) y le daremos un precio en funci\u00f3n de la cantidad, los colores y las necesidades de acabado. Las cantidades m\u00ednimas y el plazo de entrega var\u00edan: solicite un presupuesto. Ideal para marcas de fitness, cadenas de gimnasios, organizadores de eventos y minoristas.<\/p>\n<ul data-start=\"1026\" data-end=\"1187\">\n<li data-start=\"1026\" data-end=\"1057\">\n<p data-start=\"1028\" data-end=\"1057\">Corte sin mangas para mayor movilidad<\/p>\n<\/li>\n<li data-start=\"1058\" data-end=\"1086\">\n<p data-start=\"1060\" data-end=\"1086\">Opciones de ajuste y escote<\/p>\n<\/li>\n<li data-start=\"1087\" data-end=\"1119\">\n<p data-start=\"1089\" data-end=\"1119\">Opciones de serigraf\u00eda y DTG<\/p>\n<\/li>\n<li data-start=\"1120\" data-end=\"1154\">\n<p data-start=\"1122\" data-end=\"1154\">Aplicaci\u00f3n del logotipo por transferencia t\u00e9rmica<\/p>\n<\/li>\n<li data-start=\"1155\" data-end=\"1187\">\n<p data-start=\"1157\" data-end=\"1187\">Opciones de colocaci\u00f3n delante\/detr\u00e1s<\/p>\n<\/li>\n<\/ul>","protected":false},"excerpt":{"rendered":"<p data-start=\"1189\" data-end=\"1448\">Camisetas de tirantes listas para la venta al por mayor para programas de gimnasia y equipos de eventos, personalizadas seg\u00fan sus dise\u00f1os. Elija serigraf\u00eda, DTG o transferencias t\u00e9rmicas con colocaci\u00f3n de logotipo y tiradas flexibles. Pedidos basados en presupuestos para marcas, clubes y minoristas.<\/p>","protected":false},"featured_media":190,"template":"","meta":{"_gspb_post_css":""},"product_brand":[],"product_cat":[27,25],"product_tag":[],"class_list":{"0":"post-184","1":"product","2":"type-product","3":"status-publish","4":"has-post-thumbnail","6":"product_cat-tank-top","7":"product_cat-clothing","9":"first","10":"instock","11":"shipping-taxable","12":"purchasable","13":"product-type-simple"},"_links":{"self":[{"href":"https:\/\/customhatsmanufacturer.com\/es\/wp-json\/wp\/v2\/product\/184","targetHints":{"allow":["GET"]}}],"collection":[{"href":"https:\/\/customhatsmanufacturer.com\/es\/wp-json\/wp\/v2\/product"}],"about":[{"href":"https:\/\/customhatsmanufacturer.com\/es\/wp-json\/wp\/v2\/types\/product"}],"wp:featuredmedia":[{"embeddable":true,"href":"https:\/\/customhatsmanufacturer.com\/es\/wp-json\/wp\/v2\/media\/190"}],"wp:attachment":[{"href":"https:\/\/customhatsmanufacturer.com\/es\/wp-json\/wp\/v2\/media?parent=184"}],"wp:term":[{"taxonomy":"product_brand","embeddable":true,"href":"https:\/\/customhatsmanufacturer.com\/es\/wp-json\/wp\/v2\/product_brand?post=184"},{"taxonomy":"product_cat","embeddable":true,"href":"https:\/\/customhatsmanufacturer.com\/es\/wp-json\/wp\/v2\/product_cat?post=184"},{"taxonomy":"product_tag","embeddable":true,"href":"https:\/\/customhatsmanufacturer.com\/es\/wp-json\/wp\/v2\/product_tag?post=184"}],"curies":[{"name":"wp","href":"https:\/\/api.w.org\/{rel}","templated":true}]}}