{"id":158,"date":"2026-02-27T11:27:50","date_gmt":"2026-02-27T11:27:50","guid":{"rendered":"https:\/\/customhatsmanufacturer.com\/?post_type=product&#038;p=158"},"modified":"2026-02-27T11:27:50","modified_gmt":"2026-02-27T11:27:50","slug":"heavyweight-hoodies-for-streetwear-brands-oem","status":"publish","type":"product","link":"https:\/\/customhatsmanufacturer.com\/es\/producto\/heavyweight-hoodies-for-streetwear-brands-oem\/","title":{"rendered":"Sudaderas pesadas con capucha para marcas de ropa urbana (OEM)"},"content":{"rendered":"<p data-start=\"0\" data-end=\"368\">Creadas para marcas de streetwear, estas sudaderas pesadas con capucha se desarrollan como un programa OEM, de modo que el ajuste, el acabado y la marca reflejan su l\u00ednea, no una prenda gen\u00e9rica. Util\u00edzalas como jersey b\u00e1sico o como silueta con cremallera, con opciones de tejido m\u00e1s grueso y ajustes de patr\u00f3n disponibles bajo petici\u00f3n para adaptarse a tus especificaciones.<\/p>\n<p data-start=\"370\" data-end=\"894\">Los pedidos est\u00e1n orientados a las tiradas de producci\u00f3n: comience con una muestra, apruebe el tallaje y las medidas y, a continuaci\u00f3n, bloquee las combinaciones de colores y los desgloses de tallas. A\u00f1ada identificadores de marca como etiquetas de cuello, etiquetas de cuidado, embalaje y marcas de cart\u00f3n listas para el env\u00edo. La colocaci\u00f3n del logotipo es flexible; las opciones incluyen bordados, parches o aplicaciones impresas en funci\u00f3n de su dise\u00f1o y presupuesto. Las cantidades m\u00ednimas y el plazo de entrega var\u00edan: solicite presupuesto. Ideal para marcas de streetwear, boutiques minoristas y merchandising para eventos o equipos.<\/p>\n<ul data-start=\"896\" data-end=\"1061\">\n<li data-start=\"896\" data-end=\"925\">\n<p data-start=\"898\" data-end=\"925\">Estilo jersey o cremallera<\/p>\n<\/li>\n<li data-start=\"926\" data-end=\"960\">\n<p data-start=\"928\" data-end=\"960\">Opciones de ajuste orientadas a la calle<\/p>\n<\/li>\n<li data-start=\"961\" data-end=\"995\">\n<p data-start=\"963\" data-end=\"995\">Logotipo: bordado, parche, estampado<\/p>\n<\/li>\n<li data-start=\"996\" data-end=\"1027\">\n<p data-start=\"998\" data-end=\"1027\">Etiquetas y envases personalizados<\/p>\n<\/li>\n<li data-start=\"1028\" data-end=\"1061\">\n<p data-start=\"1030\" data-end=\"1061\">Tejidos m\u00e1s gruesos<\/p>\n<\/li>\n<\/ul>","protected":false},"excerpt":{"rendered":"<p data-start=\"1063\" data-end=\"1306\">Sudaderas con capucha pesadas OEM para marcas de streetwear, fabricadas seg\u00fan sus especificaciones. Elige el corte y los colores y a\u00f1ade la decoraci\u00f3n del logotipo (bordado, parche o impresi\u00f3n), adem\u00e1s de etiquetas y embalaje para tiradas de producci\u00f3n al por mayor.<\/p>","protected":false},"featured_media":183,"template":"","meta":{"_gspb_post_css":""},"product_brand":[],"product_cat":[26,25],"product_tag":[],"class_list":{"0":"post-158","1":"product","2":"type-product","3":"status-publish","4":"has-post-thumbnail","6":"product_cat-hoodies","7":"product_cat-clothing","9":"first","10":"instock","11":"shipping-taxable","12":"purchasable","13":"product-type-simple"},"_links":{"self":[{"href":"https:\/\/customhatsmanufacturer.com\/es\/wp-json\/wp\/v2\/product\/158","targetHints":{"allow":["GET"]}}],"collection":[{"href":"https:\/\/customhatsmanufacturer.com\/es\/wp-json\/wp\/v2\/product"}],"about":[{"href":"https:\/\/customhatsmanufacturer.com\/es\/wp-json\/wp\/v2\/types\/product"}],"wp:featuredmedia":[{"embeddable":true,"href":"https:\/\/customhatsmanufacturer.com\/es\/wp-json\/wp\/v2\/media\/183"}],"wp:attachment":[{"href":"https:\/\/customhatsmanufacturer.com\/es\/wp-json\/wp\/v2\/media?parent=158"}],"wp:term":[{"taxonomy":"product_brand","embeddable":true,"href":"https:\/\/customhatsmanufacturer.com\/es\/wp-json\/wp\/v2\/product_brand?post=158"},{"taxonomy":"product_cat","embeddable":true,"href":"https:\/\/customhatsmanufacturer.com\/es\/wp-json\/wp\/v2\/product_cat?post=158"},{"taxonomy":"product_tag","embeddable":true,"href":"https:\/\/customhatsmanufacturer.com\/es\/wp-json\/wp\/v2\/product_tag?post=158"}],"curies":[{"name":"wp","href":"https:\/\/api.w.org\/{rel}","templated":true}]}}