{"id":155,"date":"2026-02-27T11:20:33","date_gmt":"2026-02-27T11:20:33","guid":{"rendered":"https:\/\/customhatsmanufacturer.com\/?post_type=product&#038;p=155"},"modified":"2026-02-27T11:20:33","modified_gmt":"2026-02-27T11:20:33","slug":"custom-pullover-hoodies-with-logo-print-wholesale","status":"publish","type":"product","link":"https:\/\/customhatsmanufacturer.com\/es\/producto\/custom-pullover-hoodies-with-logo-print-wholesale\/","title":{"rendered":"Sudaderas con Logotipo Personalizadas (al por mayor)"},"content":{"rendered":"<p data-start=\"0\" data-end=\"501\">Las sudaderas con capucha personalizadas con logotipo impreso son una capa fiable para programas de uniformes, entregas de productos y promociones. El estilo jersey permite llevarla por encima de la cabeza sin cremallera frontal, y el logotipo puede imprimirse en el pecho, la espalda o la manga, seg\u00fan el dise\u00f1o. Los m\u00e9todos de impresi\u00f3n se pueden adaptar a las ilustraciones: serigraf\u00eda, impresi\u00f3n directa en la prenda o estilos de transferencia de calor bajo petici\u00f3n.<\/p>\n<p data-start=\"503\" data-end=\"990\">Dise\u00f1adas para pedidos comerciales, estas sudaderas con capucha se pueden suministrar con sus desgloses de tallas y colores, con opciones de etiquetado y embalaje disponibles para la reventa. Detalles como un bolsillo canguro, capucha con cord\u00f3n de ajuste y ribetes de canal\u00e9 pueden especificarse para su programa. Comparta los archivos del logotipo y las notas de colocaci\u00f3n y nos pondremos de acuerdo en las especificaciones, las pruebas\/muestras (si es necesario) y los detalles de producci\u00f3n. Las cantidades m\u00ednimas y el plazo de entrega var\u00edan: solicite presupuesto. Ideal para marcas, equipos, eventos y minoristas que necesitan capas de marca uniformes.<\/p>\n<ul data-start=\"991\" data-end=\"1176\">\n<li data-start=\"991\" data-end=\"1017\">\n<p data-start=\"993\" data-end=\"1017\">Jersey, sin cremallera frontal<\/p>\n<\/li>\n<li data-start=\"1018\" data-end=\"1051\">\n<p data-start=\"1020\" data-end=\"1051\">Zonas de impresi\u00f3n en el pecho, la espalda y las mangas<\/p>\n<\/li>\n<li data-start=\"1052\" data-end=\"1075\">\n<p data-start=\"1054\" data-end=\"1075\">Serigraf\u00eda o DTG<\/p>\n<\/li>\n<li data-start=\"1076\" data-end=\"1111\">\n<p data-start=\"1078\" data-end=\"1111\">Opciones de transferencia de calor disponibles<\/p>\n<\/li>\n<li data-start=\"1112\" data-end=\"1143\">\n<p data-start=\"1114\" data-end=\"1143\">Opciones de bolsillo y cord\u00f3n<\/p>\n<\/li>\n<li data-start=\"1144\" data-end=\"1176\">\n<p data-start=\"1146\" data-end=\"1176\">Opciones de etiquetado y envasado<\/p>\n<\/li>\n<\/ul>","protected":false},"excerpt":{"rendered":"<p data-start=\"1178\" data-end=\"1454\">Se suministran sudaderas con capucha para pedidos en cantidad, con personalizaci\u00f3n del logotipo mediante el m\u00e9todo y la colocaci\u00f3n elegidos. Proporcione ilustraciones y desgloses de tama\u00f1o\/color; opciones de etiquetado y embalaje disponibles para la reventa. Las cantidades m\u00ednimas y el plazo de entrega var\u00edan.<\/p>","protected":false},"featured_media":175,"template":"","meta":{"_gspb_post_css":""},"product_brand":[],"product_cat":[26,25],"product_tag":[],"class_list":{"0":"post-155","1":"product","2":"type-product","3":"status-publish","4":"has-post-thumbnail","6":"product_cat-hoodies","7":"product_cat-clothing","9":"first","10":"instock","11":"shipping-taxable","12":"purchasable","13":"product-type-simple"},"_links":{"self":[{"href":"https:\/\/customhatsmanufacturer.com\/es\/wp-json\/wp\/v2\/product\/155","targetHints":{"allow":["GET"]}}],"collection":[{"href":"https:\/\/customhatsmanufacturer.com\/es\/wp-json\/wp\/v2\/product"}],"about":[{"href":"https:\/\/customhatsmanufacturer.com\/es\/wp-json\/wp\/v2\/types\/product"}],"wp:featuredmedia":[{"embeddable":true,"href":"https:\/\/customhatsmanufacturer.com\/es\/wp-json\/wp\/v2\/media\/175"}],"wp:attachment":[{"href":"https:\/\/customhatsmanufacturer.com\/es\/wp-json\/wp\/v2\/media?parent=155"}],"wp:term":[{"taxonomy":"product_brand","embeddable":true,"href":"https:\/\/customhatsmanufacturer.com\/es\/wp-json\/wp\/v2\/product_brand?post=155"},{"taxonomy":"product_cat","embeddable":true,"href":"https:\/\/customhatsmanufacturer.com\/es\/wp-json\/wp\/v2\/product_cat?post=155"},{"taxonomy":"product_tag","embeddable":true,"href":"https:\/\/customhatsmanufacturer.com\/es\/wp-json\/wp\/v2\/product_tag?post=155"}],"curies":[{"name":"wp","href":"https:\/\/api.w.org\/{rel}","templated":true}]}}