{"id":153,"date":"2026-02-27T11:11:22","date_gmt":"2026-02-27T11:11:22","guid":{"rendered":"https:\/\/customhatsmanufacturer.com\/?post_type=product&#038;p=153"},"modified":"2026-02-27T11:11:22","modified_gmt":"2026-02-27T11:11:22","slug":"cuffed-knit-beanies-with-embroidered-logo-bulk","status":"publish","type":"product","link":"https:\/\/customhatsmanufacturer.com\/es\/producto\/cuffed-knit-beanies-with-embroidered-logo-bulk\/","title":{"rendered":"Gorros de punto con logotipo bordado (a granel)"},"content":{"rendered":"<p data-start=\"0\" data-end=\"359\">Dise\u00f1ados para el fr\u00edo, estos gorros de punto con pu\u00f1o cuentan con un pu\u00f1o plegable que a\u00f1ade cobertura adicional y crea una banda limpia y estructurada como decoraci\u00f3n. Su logotipo bordado ocupa un lugar destacado en el pu\u00f1o, ofreciendo un acabado cosido de primera calidad que se mantiene n\u00edtido con el uso repetido.<\/p>\n<p data-start=\"361\" data-end=\"809\">Dise\u00f1ado para la compra al por mayor, este estilo admite la marca directa para las l\u00edneas de marca propia, los programas de uniformes y las gotas promocionales. Comparta su dise\u00f1o y lo prepararemos para el bordado; las opciones incluyen los colores del hilo, el tama\u00f1o del logotipo, la colocaci\u00f3n y, si lo desea, el embalaje o el etiquetado interior. Las cantidades m\u00ednimas y el plazo de entrega var\u00edan: solicite presupuesto para conocer precios y plazos. Ideal para marcas, equipos, eventos y minoristas que necesitan pedidos repetidos de forma constante.<\/p>\n<ul data-start=\"811\" data-end=\"962\">\n<li data-start=\"811\" data-end=\"837\">\n<p data-start=\"813\" data-end=\"837\">Perfil del pu\u00f1o plegable<\/p>\n<\/li>\n<li data-start=\"838\" data-end=\"866\">\n<p data-start=\"840\" data-end=\"866\">Logotipo bordado en el pu\u00f1o<\/p>\n<\/li>\n<li data-start=\"867\" data-end=\"901\">\n<p data-start=\"869\" data-end=\"901\">Punto el\u00e1stico, comodidad diaria<\/p>\n<\/li>\n<li data-start=\"902\" data-end=\"936\">\n<p data-start=\"904\" data-end=\"936\">Opciones de color de hilo disponibles<\/p>\n<\/li>\n<li data-start=\"937\" data-end=\"962\">\n<p data-start=\"939\" data-end=\"962\">A granel para reventa<\/p>\n<\/li>\n<\/ul>","protected":false},"excerpt":{"rendered":"<p data-start=\"964\" data-end=\"1225\">Gorros de punto con pu\u00f1o y logotipo bordado en el pu\u00f1o plegable. Dise\u00f1ados para pedidos al por mayor con detalles de bordado configurables y etiquetado\/embalaje opcional bajo pedido. Precios basados en presupuestos para mayoristas, OEM y programas comerciales.<\/p>","protected":false},"featured_media":165,"template":"","meta":{"_gspb_post_css":""},"product_brand":[],"product_cat":[24],"product_tag":[],"class_list":{"0":"post-153","1":"product","2":"type-product","3":"status-publish","4":"has-post-thumbnail","6":"product_cat-beanies-knit-hats","8":"first","9":"instock","10":"shipping-taxable","11":"purchasable","12":"product-type-simple"},"_links":{"self":[{"href":"https:\/\/customhatsmanufacturer.com\/es\/wp-json\/wp\/v2\/product\/153","targetHints":{"allow":["GET"]}}],"collection":[{"href":"https:\/\/customhatsmanufacturer.com\/es\/wp-json\/wp\/v2\/product"}],"about":[{"href":"https:\/\/customhatsmanufacturer.com\/es\/wp-json\/wp\/v2\/types\/product"}],"wp:featuredmedia":[{"embeddable":true,"href":"https:\/\/customhatsmanufacturer.com\/es\/wp-json\/wp\/v2\/media\/165"}],"wp:attachment":[{"href":"https:\/\/customhatsmanufacturer.com\/es\/wp-json\/wp\/v2\/media?parent=153"}],"wp:term":[{"taxonomy":"product_brand","embeddable":true,"href":"https:\/\/customhatsmanufacturer.com\/es\/wp-json\/wp\/v2\/product_brand?post=153"},{"taxonomy":"product_cat","embeddable":true,"href":"https:\/\/customhatsmanufacturer.com\/es\/wp-json\/wp\/v2\/product_cat?post=153"},{"taxonomy":"product_tag","embeddable":true,"href":"https:\/\/customhatsmanufacturer.com\/es\/wp-json\/wp\/v2\/product_tag?post=153"}],"curies":[{"name":"wp","href":"https:\/\/api.w.org\/{rel}","templated":true}]}}