{"id":152,"date":"2026-02-27T11:08:41","date_gmt":"2026-02-27T11:08:41","guid":{"rendered":"https:\/\/customhatsmanufacturer.com\/?post_type=product&#038;p=152"},"modified":"2026-02-27T11:08:42","modified_gmt":"2026-02-27T11:08:42","slug":"rib-knit-beanies-with-custom-patch-wholesale","status":"publish","type":"product","link":"https:\/\/customhatsmanufacturer.com\/es\/producto\/rib-knit-beanies-with-custom-patch-wholesale\/","title":{"rendered":"Gorros de punto con parche personalizado (al por mayor)"},"content":{"rendered":"<p data-start=\"0\" data-end=\"346\">Los gorros de punto de canal\u00e9 con parche personalizado son gorros de punto cl\u00e1sicos fabricados con una estructura de canal\u00e9 vertical que a\u00f1ade textura y elasticidad natural para un ajuste seguro. Dise\u00f1ados para la venta al por mayor, son un estilo b\u00e1sico muy pr\u00e1ctico para surtidos de invierno, programas de uniformes y art\u00edculos de marca.<\/p>\n<p data-start=\"348\" data-end=\"893\">Lo m\u00e1s destacado es el \u00e1rea de parche personalizable, que ofrece una forma limpia y repetible de colocar un logotipo o mensaje sin cambiar el tejido en s\u00ed. Los materiales y acabados de los parches se pueden especificar para adaptarlos a su posici\u00f3n: tejido, bordado, cuero o PVC, seg\u00fan el dise\u00f1o y el precio que desee. La cantidad m\u00ednima y el plazo de entrega var\u00edan: solicite un presupuesto con el archivo de su logotipo y notas sobre la colocaci\u00f3n. Ideal para marcas, equipos, eventos y minoristas que necesitan una imagen de marca coherente en grandes tiradas.<\/p>\n<ul data-start=\"895\" data-end=\"1062\">\n<li data-start=\"895\" data-end=\"924\">\n<p data-start=\"897\" data-end=\"924\">Tejido de punto de canal\u00e9 vertical<\/p>\n<\/li>\n<li data-start=\"925\" data-end=\"956\">\n<p data-start=\"927\" data-end=\"956\">Colocaci\u00f3n de parches con logotipo personalizado<\/p>\n<\/li>\n<li data-start=\"957\" data-end=\"985\">\n<p data-start=\"959\" data-end=\"985\">Ajuste el\u00e1stico, tallaje f\u00e1cil<\/p>\n<\/li>\n<li data-start=\"986\" data-end=\"1023\">\n<p data-start=\"988\" data-end=\"1023\">Opciones de material de parche bajo pedido<\/p>\n<\/li>\n<li data-start=\"1024\" data-end=\"1062\">\n<p data-start=\"1026\" data-end=\"1062\">Listo para la venta al por mayor<\/p>\n<\/li>\n<\/ul>","protected":false},"excerpt":{"rendered":"<p data-start=\"1064\" data-end=\"1287\">Venta al por mayor de gorros de punto el\u00e1stico con una zona de parche personalizable para logotipos de marcas o equipos. Especifique el estilo y la colocaci\u00f3n del parche para tiradas de producci\u00f3n repetibles; las cantidades m\u00ednimas y los plazos de entrega var\u00edan; solicite un presupuesto.<\/p>","protected":false},"featured_media":163,"template":"","meta":{"_gspb_post_css":""},"product_brand":[],"product_cat":[24],"product_tag":[],"class_list":{"0":"post-152","1":"product","2":"type-product","3":"status-publish","4":"has-post-thumbnail","6":"product_cat-beanies-knit-hats","8":"first","9":"instock","10":"shipping-taxable","11":"purchasable","12":"product-type-simple"},"_links":{"self":[{"href":"https:\/\/customhatsmanufacturer.com\/es\/wp-json\/wp\/v2\/product\/152","targetHints":{"allow":["GET"]}}],"collection":[{"href":"https:\/\/customhatsmanufacturer.com\/es\/wp-json\/wp\/v2\/product"}],"about":[{"href":"https:\/\/customhatsmanufacturer.com\/es\/wp-json\/wp\/v2\/types\/product"}],"wp:featuredmedia":[{"embeddable":true,"href":"https:\/\/customhatsmanufacturer.com\/es\/wp-json\/wp\/v2\/media\/163"}],"wp:attachment":[{"href":"https:\/\/customhatsmanufacturer.com\/es\/wp-json\/wp\/v2\/media?parent=152"}],"wp:term":[{"taxonomy":"product_brand","embeddable":true,"href":"https:\/\/customhatsmanufacturer.com\/es\/wp-json\/wp\/v2\/product_brand?post=152"},{"taxonomy":"product_cat","embeddable":true,"href":"https:\/\/customhatsmanufacturer.com\/es\/wp-json\/wp\/v2\/product_cat?post=152"},{"taxonomy":"product_tag","embeddable":true,"href":"https:\/\/customhatsmanufacturer.com\/es\/wp-json\/wp\/v2\/product_tag?post=152"}],"curies":[{"name":"wp","href":"https:\/\/api.w.org\/{rel}","templated":true}]}}