{"id":126,"date":"2026-02-27T10:32:10","date_gmt":"2026-02-27T10:32:10","guid":{"rendered":"https:\/\/customhatsmanufacturer.com\/?post_type=product&#038;p=126"},"modified":"2026-02-27T10:32:10","modified_gmt":"2026-02-27T10:32:10","slug":"moisture-wicking-visor-hats-for-golf-events-bulk","status":"publish","type":"product","link":"https:\/\/customhatsmanufacturer.com\/es\/producto\/moisture-wicking-visor-hats-for-golf-events-bulk\/","title":{"rendered":"Gorras con visera que absorben la humedad para eventos de golf (a granel)"},"content":{"rendered":"<p data-start=\"0\" data-end=\"370\">Las gorras con visera antihumedad para eventos de golf son viseras abiertas dise\u00f1adas para controlar el sudor en la frente y mantener la copa ventilada para el juego en campos c\u00e1lidos. La visera con protecci\u00f3n solar ayuda a reducir el deslumbramiento en tees y greens, por lo que son un complemento pr\u00e1ctico para los equipos de torneos, caddies y personal del campo.<\/p>\n<p data-start=\"372\" data-end=\"856\">En el caso de los programas B2B, suelen encargarse al por mayor para excursiones, pro-ams y competiciones ben\u00e9ficas, con una decoraci\u00f3n adaptada a los est\u00e1ndares de su marca. Las opciones incluyen bordados, parches cosidos o serigraf\u00eda o transferencia de calor, adem\u00e1s de la posibilidad de ajustar el cierre trasero para adaptarse a grupos mixtos. Las cantidades m\u00ednimas y el plazo de entrega var\u00edan: solicite un presupuesto con las cantidades y el dise\u00f1o. Ideal para marcas, equipos, organizadores de eventos y minoristas de golf.<\/p>\n<ul data-start=\"858\" data-end=\"1014\">\n<li data-start=\"858\" data-end=\"885\">\n<p data-start=\"860\" data-end=\"885\">Dise\u00f1o de flujo de aire abierto<\/p>\n<\/li>\n<li data-start=\"886\" data-end=\"920\">\n<p data-start=\"888\" data-end=\"920\">Banda para la frente que absorbe la humedad<\/p>\n<\/li>\n<li data-start=\"921\" data-end=\"950\">\n<p data-start=\"923\" data-end=\"950\">Control de deslumbramiento de ala curva<\/p>\n<\/li>\n<li data-start=\"951\" data-end=\"981\">\n<p data-start=\"953\" data-end=\"981\">Opciones de cierre ajustables<\/p>\n<\/li>\n<li data-start=\"982\" data-end=\"1014\">\n<p data-start=\"984\" data-end=\"1014\">Bordado\/parche\/impresi\u00f3n<\/p>\n<\/li>\n<\/ul>","protected":false},"excerpt":{"rendered":"<p data-start=\"1016\" data-end=\"1281\">Gorras de golf con visera que absorben la humedad, dise\u00f1adas para su uso en eventos y para la compra al por mayor. Ideales para la marca del torneo con bordado opcional, aplicaci\u00f3n de parches o impresi\u00f3n por transferencia de calor, adem\u00e1s de opciones de ajuste regulables para grupos de asistentes variados.<\/p>","protected":false},"featured_media":147,"template":"","meta":{"_gspb_post_css":""},"product_brand":[],"product_cat":[23,15],"product_tag":[],"class_list":{"0":"post-126","1":"product","2":"type-product","3":"status-publish","4":"has-post-thumbnail","6":"product_cat-visor-hats","7":"product_cat-hats-caps","9":"first","10":"instock","11":"shipping-taxable","12":"purchasable","13":"product-type-simple"},"_links":{"self":[{"href":"https:\/\/customhatsmanufacturer.com\/es\/wp-json\/wp\/v2\/product\/126","targetHints":{"allow":["GET"]}}],"collection":[{"href":"https:\/\/customhatsmanufacturer.com\/es\/wp-json\/wp\/v2\/product"}],"about":[{"href":"https:\/\/customhatsmanufacturer.com\/es\/wp-json\/wp\/v2\/types\/product"}],"wp:featuredmedia":[{"embeddable":true,"href":"https:\/\/customhatsmanufacturer.com\/es\/wp-json\/wp\/v2\/media\/147"}],"wp:attachment":[{"href":"https:\/\/customhatsmanufacturer.com\/es\/wp-json\/wp\/v2\/media?parent=126"}],"wp:term":[{"taxonomy":"product_brand","embeddable":true,"href":"https:\/\/customhatsmanufacturer.com\/es\/wp-json\/wp\/v2\/product_brand?post=126"},{"taxonomy":"product_cat","embeddable":true,"href":"https:\/\/customhatsmanufacturer.com\/es\/wp-json\/wp\/v2\/product_cat?post=126"},{"taxonomy":"product_tag","embeddable":true,"href":"https:\/\/customhatsmanufacturer.com\/es\/wp-json\/wp\/v2\/product_tag?post=126"}],"curies":[{"name":"wp","href":"https:\/\/api.w.org\/{rel}","templated":true}]}}