{"id":125,"date":"2026-02-27T10:27:32","date_gmt":"2026-02-27T10:27:32","guid":{"rendered":"https:\/\/customhatsmanufacturer.com\/?post_type=product&#038;p=125"},"modified":"2026-02-27T10:27:33","modified_gmt":"2026-02-27T10:27:33","slug":"custom-sports-visors-with-logo-embroidery-wholesale","status":"publish","type":"product","link":"https:\/\/customhatsmanufacturer.com\/es\/producto\/custom-sports-visors-with-logo-embroidery-wholesale\/","title":{"rendered":"Viseras deportivas personalizadas con logotipo bordado (al por mayor)"},"content":{"rendered":"<p data-start=\"0\" data-end=\"369\">Estas viseras deportivas est\u00e1n dise\u00f1adas para evitar el deslumbramiento y mantener la transpirabilidad durante el juego. El logotipo se aplica mediante bordado para obtener un acabado cosido y dimensional que se lee con nitidez a corta distancia.<\/p>\n<p data-start=\"371\" data-end=\"818\">Dise\u00f1ados para pedidos B2B, son adecuados para programas de uniformes y l\u00edneas de productos en los que el material gr\u00e1fico debe ser coherente de una caja a otra. Las opciones pueden incluir la forma del borde, el estilo de cierre y la colocaci\u00f3n del logotipo en funci\u00f3n de su dise\u00f1o; comparta el material gr\u00e1fico y las especificaciones para obtener un presupuesto de producci\u00f3n. Las cantidades m\u00ednimas y el plazo de entrega var\u00edan: solicite presupuesto. La mejor opci\u00f3n para marcas, equipos, eventos y minoristas que necesitan sombreros de marca fiables.<\/p>\n<ul data-start=\"819\" data-end=\"968\">\n<li data-start=\"819\" data-end=\"849\">\n<p data-start=\"821\" data-end=\"849\">Bordado del logotipo<\/p>\n<\/li>\n<li data-start=\"850\" data-end=\"878\">\n<p data-start=\"852\" data-end=\"878\">Perfil de visera de corona abierta<\/p>\n<\/li>\n<li data-start=\"879\" data-end=\"911\">\n<p data-start=\"881\" data-end=\"911\">Envasado a granel para su distribuci\u00f3n<\/p>\n<\/li>\n<li data-start=\"912\" data-end=\"943\">\n<p data-start=\"914\" data-end=\"943\">Colores a juego bajo pedido<\/p>\n<\/li>\n<li data-start=\"944\" data-end=\"968\">\n<p data-start=\"946\" data-end=\"968\">Opciones de etiquetado OEM<\/p>\n<\/li>\n<\/ul>","protected":false},"excerpt":{"rendered":"<p data-start=\"970\" data-end=\"1209\">Visera deportiva con bordado de logotipo personalizado para una imagen de marca coherente. Se suministra para programas de venta al por mayor y a granel con etiquetado OEM opcional y opciones de especificaciones. Comparta el material gr\u00e1fico para solicitar presupuesto y muestras.<\/p>","protected":false},"featured_media":143,"template":"","meta":{"_gspb_post_css":""},"product_brand":[],"product_cat":[23,15],"product_tag":[],"class_list":{"0":"post-125","1":"product","2":"type-product","3":"status-publish","4":"has-post-thumbnail","6":"product_cat-visor-hats","7":"product_cat-hats-caps","9":"first","10":"instock","11":"shipping-taxable","12":"purchasable","13":"product-type-simple"},"_links":{"self":[{"href":"https:\/\/customhatsmanufacturer.com\/es\/wp-json\/wp\/v2\/product\/125","targetHints":{"allow":["GET"]}}],"collection":[{"href":"https:\/\/customhatsmanufacturer.com\/es\/wp-json\/wp\/v2\/product"}],"about":[{"href":"https:\/\/customhatsmanufacturer.com\/es\/wp-json\/wp\/v2\/types\/product"}],"wp:featuredmedia":[{"embeddable":true,"href":"https:\/\/customhatsmanufacturer.com\/es\/wp-json\/wp\/v2\/media\/143"}],"wp:attachment":[{"href":"https:\/\/customhatsmanufacturer.com\/es\/wp-json\/wp\/v2\/media?parent=125"}],"wp:term":[{"taxonomy":"product_brand","embeddable":true,"href":"https:\/\/customhatsmanufacturer.com\/es\/wp-json\/wp\/v2\/product_brand?post=125"},{"taxonomy":"product_cat","embeddable":true,"href":"https:\/\/customhatsmanufacturer.com\/es\/wp-json\/wp\/v2\/product_cat?post=125"},{"taxonomy":"product_tag","embeddable":true,"href":"https:\/\/customhatsmanufacturer.com\/es\/wp-json\/wp\/v2\/product_tag?post=125"}],"curies":[{"name":"wp","href":"https:\/\/api.w.org\/{rel}","templated":true}]}}