{"id":124,"date":"2026-02-27T10:24:39","date_gmt":"2026-02-27T10:24:39","guid":{"rendered":"https:\/\/customhatsmanufacturer.com\/?post_type=product&#038;p=124"},"modified":"2026-02-27T10:24:39","modified_gmt":"2026-02-27T10:24:39","slug":"soft-cotton-kids-hats-for-team-uniforms-oem","status":"publish","type":"product","link":"https:\/\/customhatsmanufacturer.com\/es\/producto\/soft-cotton-kids-hats-for-team-uniforms-oem\/","title":{"rendered":"Sombreros infantiles de algod\u00f3n suave para uniformes de equipo (OEM)"},"content":{"rendered":"<p data-start=\"0\" data-end=\"410\">Sombreros infantiles de algod\u00f3n suave para uniformes de equipo coordinados, ideales cuando se necesita un aspecto uniforme, comodidad y facilidad para repetir pedidos. La estructura de algod\u00f3n mantiene un tacto suave para los usuarios m\u00e1s j\u00f3venes, mientras que la silueta general se puede especificar para que coincida con su programa de uniformes (estructurado o no estructurado, ala curva o plana, y opciones de cierre ajustable bajo petici\u00f3n).<\/p>\n<p data-start=\"412\" data-end=\"854\">Para el suministro B2B, se producen como sombrerer\u00eda OEM para que pueda alinear los colores, los detalles del ribete y la colocaci\u00f3n de la marca con su hoja de especificaciones. Las opciones incluyen bordado directo, parches tejidos o bordados, o aplicaciones de impresi\u00f3n en funci\u00f3n de su dise\u00f1o y presupuesto. La cantidad m\u00ednima de piezas y el plazo de entrega var\u00edan: solicite un presupuesto con el archivo de su logotipo y el plazo de entrega previsto. Los compradores m\u00e1s adecuados son marcas de uniformes, equipos escolares, organizadores de eventos y minoristas deportivos.<\/p>\n<ul data-start=\"855\" data-end=\"1032\">\n<li data-start=\"855\" data-end=\"880\">\n<p data-start=\"857\" data-end=\"880\">Tacto suave de algod\u00f3n<\/p>\n<\/li>\n<li data-start=\"881\" data-end=\"912\">\n<p data-start=\"883\" data-end=\"912\">Tallas adaptadas a los ni\u00f1os<\/p>\n<\/li>\n<li data-start=\"913\" data-end=\"936\">\n<p data-start=\"915\" data-end=\"936\">Borde curvo o plano<\/p>\n<\/li>\n<li data-start=\"937\" data-end=\"972\">\n<p data-start=\"939\" data-end=\"972\">Opciones de cierre ajustable en la espalda<\/p>\n<\/li>\n<li data-start=\"973\" data-end=\"1004\">\n<p data-start=\"975\" data-end=\"1004\">Bordado, parche o impresi\u00f3n<\/p>\n<\/li>\n<li data-start=\"1005\" data-end=\"1032\">\n<p data-start=\"1007\" data-end=\"1032\">Etiquetado OEM a petici\u00f3n<\/p>\n<\/li>\n<\/ul>","protected":false},"excerpt":{"rendered":"<p data-start=\"1034\" data-end=\"1255\">Suaves gorras de algod\u00f3n para equipos infantiles dise\u00f1adas para programas de uniformes. Disponibles para pedidos OEM con bordado de logotipos, parches o aplicaciones impresas bajo pedido. Las cantidades m\u00ednimas y el plazo de entrega var\u00edan.<\/p>","protected":false},"featured_media":136,"template":"","meta":{"_gspb_post_css":""},"product_brand":[],"product_cat":[22,15],"product_tag":[],"class_list":{"0":"post-124","1":"product","2":"type-product","3":"status-publish","4":"has-post-thumbnail","6":"product_cat-kid-hats","7":"product_cat-hats-caps","9":"first","10":"instock","11":"shipping-taxable","12":"purchasable","13":"product-type-simple"},"_links":{"self":[{"href":"https:\/\/customhatsmanufacturer.com\/es\/wp-json\/wp\/v2\/product\/124","targetHints":{"allow":["GET"]}}],"collection":[{"href":"https:\/\/customhatsmanufacturer.com\/es\/wp-json\/wp\/v2\/product"}],"about":[{"href":"https:\/\/customhatsmanufacturer.com\/es\/wp-json\/wp\/v2\/types\/product"}],"wp:featuredmedia":[{"embeddable":true,"href":"https:\/\/customhatsmanufacturer.com\/es\/wp-json\/wp\/v2\/media\/136"}],"wp:attachment":[{"href":"https:\/\/customhatsmanufacturer.com\/es\/wp-json\/wp\/v2\/media?parent=124"}],"wp:term":[{"taxonomy":"product_brand","embeddable":true,"href":"https:\/\/customhatsmanufacturer.com\/es\/wp-json\/wp\/v2\/product_brand?post=124"},{"taxonomy":"product_cat","embeddable":true,"href":"https:\/\/customhatsmanufacturer.com\/es\/wp-json\/wp\/v2\/product_cat?post=124"},{"taxonomy":"product_tag","embeddable":true,"href":"https:\/\/customhatsmanufacturer.com\/es\/wp-json\/wp\/v2\/product_tag?post=124"}],"curies":[{"name":"wp","href":"https:\/\/api.w.org\/{rel}","templated":true}]}}