{"id":123,"date":"2026-02-27T10:20:28","date_gmt":"2026-02-27T10:20:28","guid":{"rendered":"https:\/\/customhatsmanufacturer.com\/?post_type=product&#038;p=123"},"modified":"2026-02-27T10:20:28","modified_gmt":"2026-02-27T10:20:28","slug":"adjustable-kids-trucker-hats-for-schools-bulk","status":"publish","type":"product","link":"https:\/\/customhatsmanufacturer.com\/es\/producto\/adjustable-kids-trucker-hats-for-schools-bulk\/","title":{"rendered":"Sombreros ajustables de Trucker de los cabritos para las escuelas (bulto)"},"content":{"rendered":"<p data-start=\"0\" data-end=\"515\">Creadas para programas escolares y gamas de gorras juveniles, estas gorras ajustables de camionero para ni\u00f1os est\u00e1n dise\u00f1adas para el uso diario, los d\u00edas de esp\u00edritu y los eventos del campus. El perfil de estilo camionero mantiene el aspecto deportivo, con la construcci\u00f3n que se puede especificar para adaptarse a su comprador-las opciones incluyen paneles frontales estructurados y malla transpirable-back construye. Un cierre trasero ajustable ayuda a acomodar a los estudiantes en crecimiento y simplifica la distribuci\u00f3n entre clases y equipos.<\/p>\n<p data-start=\"517\" data-end=\"939\">Para la compra al por mayor, puede estandarizar los colores para los niveles de grado o casas, a continuaci\u00f3n, a\u00f1adir la marca en el panel frontal a trav\u00e9s de bordado, un parche cosido \/ aplicado en caliente, o de impresi\u00f3n (disponible bajo petici\u00f3n). Facil\u00edtenos las ilustraciones y las notas de colocaci\u00f3n, y le haremos un presupuesto en funci\u00f3n de los requisitos de decoraci\u00f3n y embalaje. Ideal para proveedores de uniformes escolares, marcas de ropa de esp\u00edritu, minoristas y organizadores de eventos.<\/p>\n<ul data-start=\"941\" data-end=\"1120\">\n<li data-start=\"941\" data-end=\"978\">\n<p data-start=\"943\" data-end=\"978\">Cierre ajustable apto para j\u00f3venes<\/p>\n<\/li>\n<li data-start=\"979\" data-end=\"1021\">\n<p data-start=\"981\" data-end=\"1021\">Opciones de panel transpirable estilo camionero<\/p>\n<\/li>\n<li data-start=\"1022\" data-end=\"1057\">\n<p data-start=\"1024\" data-end=\"1057\">Zona frontal para la aplicaci\u00f3n del logotipo<\/p>\n<\/li>\n<li data-start=\"1058\" data-end=\"1090\">\n<p data-start=\"1060\" data-end=\"1090\">Borde curvado, perfil cl\u00e1sico<\/p>\n<\/li>\n<li data-start=\"1091\" data-end=\"1120\">\n<p data-start=\"1093\" data-end=\"1120\">Pedidos al por mayor para centros escolares<\/p>\n<\/li>\n<\/ul>","protected":false},"excerpt":{"rendered":"<p data-start=\"1122\" data-end=\"1377\">Gorras de camionero ajustables para ni\u00f1os para programas escolares, suministradas a granel. Especifique el tipo de construcci\u00f3n y elija bordado, parche o impresi\u00f3n de la marca en el panel frontal. Pedidos basados en presupuestos con cantidades m\u00ednimas y plazos de entrega variables.<\/p>","protected":false},"featured_media":135,"template":"","meta":{"_gspb_post_css":""},"product_brand":[],"product_cat":[22,15],"product_tag":[],"class_list":{"0":"post-123","1":"product","2":"type-product","3":"status-publish","4":"has-post-thumbnail","6":"product_cat-kid-hats","7":"product_cat-hats-caps","9":"first","10":"instock","11":"shipping-taxable","12":"purchasable","13":"product-type-simple"},"_links":{"self":[{"href":"https:\/\/customhatsmanufacturer.com\/es\/wp-json\/wp\/v2\/product\/123","targetHints":{"allow":["GET"]}}],"collection":[{"href":"https:\/\/customhatsmanufacturer.com\/es\/wp-json\/wp\/v2\/product"}],"about":[{"href":"https:\/\/customhatsmanufacturer.com\/es\/wp-json\/wp\/v2\/types\/product"}],"wp:featuredmedia":[{"embeddable":true,"href":"https:\/\/customhatsmanufacturer.com\/es\/wp-json\/wp\/v2\/media\/135"}],"wp:attachment":[{"href":"https:\/\/customhatsmanufacturer.com\/es\/wp-json\/wp\/v2\/media?parent=123"}],"wp:term":[{"taxonomy":"product_brand","embeddable":true,"href":"https:\/\/customhatsmanufacturer.com\/es\/wp-json\/wp\/v2\/product_brand?post=123"},{"taxonomy":"product_cat","embeddable":true,"href":"https:\/\/customhatsmanufacturer.com\/es\/wp-json\/wp\/v2\/product_cat?post=123"},{"taxonomy":"product_tag","embeddable":true,"href":"https:\/\/customhatsmanufacturer.com\/es\/wp-json\/wp\/v2\/product_tag?post=123"}],"curies":[{"name":"wp","href":"https:\/\/api.w.org\/{rel}","templated":true}]}}