{"id":97,"date":"2026-02-27T09:06:25","date_gmt":"2026-02-27T09:06:25","guid":{"rendered":"https:\/\/customhatsmanufacturer.com\/?post_type=product&#038;p=97"},"modified":"2026-02-27T09:06:25","modified_gmt":"2026-02-27T09:06:25","slug":"cotton-twill-bucket-hats-with-embroidery-oem","status":"publish","type":"product","link":"https:\/\/customhatsmanufacturer.com\/de\/produkt\/cotton-twill-bucket-hats-with-embroidery-oem\/","title":{"rendered":"Eimerh\u00fcte aus Baumwollk\u00f6per mit Stickerei (OEM)"},"content":{"rendered":"<p data-start=\"0\" data-end=\"436\">Eimerh\u00fcte aus Baumwollk\u00f6per mit Stickerei sind f\u00fcr Marken-Kopfbedeckungsprogramme gedacht, die eine saubere, haltbare Stoffbasis und ein hochwertiges Logo-Finish ben\u00f6tigen. Der Hut aus Baumwolle in K\u00f6perbindung ist formstabil und bietet einen hohen Tragekomfort f\u00fcr den t\u00e4glichen Gebrauch. Die Krempe kann rundum abgesteppt werden, um einen scharfen Rand zu erhalten. Die Stickerei kann als Logo auf der Vorderseite, als seitliche Markierung oder als kleines Detail auf der R\u00fcckseite angebracht werden, je nach Ihrem Entwurf.<\/p>\n<p data-start=\"438\" data-end=\"878\">Dieser als OEM-Artikel hergestellte Artikel wird nach Ihren Anforderungen konfiguriert - Farben, Gr\u00f6\u00dfenbereich, Platzierung der Stickerei und Markendetails wie gewebte Etiketten, Innenband oder einzelhandelsgerechte Verpackung (auf Anfrage erh\u00e4ltlich). Teilen Sie uns Ihre Designdateien und den Verwendungszweck mit, und wir schlagen Ihnen praktikable Spezifikationen und Bemusterungsschritte vor. MOQ und Vorlaufzeit variieren - fordern Sie ein Angebot an. Am besten geeignet f\u00fcr Marken, Teams, Veranstaltungen und Einzelh\u00e4ndler, die konsistente Massenware suchen.<\/p>\n<ul data-start=\"880\" data-end=\"1088\">\n<li data-start=\"880\" data-end=\"916\">\n<p data-start=\"882\" data-end=\"916\">Konstruktion aus Baumwollk\u00f6pergewebe<\/p>\n<\/li>\n<li data-start=\"917\" data-end=\"947\">\n<p data-start=\"919\" data-end=\"947\">Klassische 360\u00b0 gen\u00e4hte Krempe<\/p>\n<\/li>\n<li data-start=\"948\" data-end=\"985\">\n<p data-start=\"950\" data-end=\"985\">Optionen f\u00fcr die Platzierung des Logos in der Stickerei<\/p>\n<\/li>\n<li data-start=\"986\" data-end=\"1012\">\n<p data-start=\"988\" data-end=\"1012\">Farb- und Gr\u00f6\u00dfenoptionen<\/p>\n<\/li>\n<li data-start=\"1013\" data-end=\"1048\">\n<p data-start=\"1015\" data-end=\"1048\">Private Label Add-ons verf\u00fcgbar<\/p>\n<\/li>\n<li data-start=\"1049\" data-end=\"1088\">\n<p data-start=\"1051\" data-end=\"1088\">Optionen f\u00fcr Auspacken und Kartonkennzeichnung<\/p>\n<\/li>\n<\/ul>","protected":false},"excerpt":{"rendered":"<p data-start=\"1090\" data-end=\"1337\">Eimerhut aus Baumwolltwill mit gesticktem Branding, geliefert f\u00fcr OEM-Bestellungen. Konfigurieren Sie Farben, Gr\u00f6\u00dfe und Logoplatzierung, mit optionaler eigener Beschriftung und Verpackung. Kostenvoranschlagsbasierte Bedingungen f\u00fcr Gro\u00dfhandel und Gro\u00dfabnehmer.<\/p>","protected":false},"featured_media":119,"template":"","meta":{"_gspb_post_css":""},"product_brand":[],"product_cat":[21,15],"product_tag":[],"class_list":{"0":"post-97","1":"product","2":"type-product","3":"status-publish","4":"has-post-thumbnail","6":"product_cat-bucket-hats","7":"product_cat-hats-caps","9":"first","10":"instock","11":"shipping-taxable","12":"purchasable","13":"product-type-simple"},"_links":{"self":[{"href":"https:\/\/customhatsmanufacturer.com\/de\/wp-json\/wp\/v2\/product\/97","targetHints":{"allow":["GET"]}}],"collection":[{"href":"https:\/\/customhatsmanufacturer.com\/de\/wp-json\/wp\/v2\/product"}],"about":[{"href":"https:\/\/customhatsmanufacturer.com\/de\/wp-json\/wp\/v2\/types\/product"}],"wp:featuredmedia":[{"embeddable":true,"href":"https:\/\/customhatsmanufacturer.com\/de\/wp-json\/wp\/v2\/media\/119"}],"wp:attachment":[{"href":"https:\/\/customhatsmanufacturer.com\/de\/wp-json\/wp\/v2\/media?parent=97"}],"wp:term":[{"taxonomy":"product_brand","embeddable":true,"href":"https:\/\/customhatsmanufacturer.com\/de\/wp-json\/wp\/v2\/product_brand?post=97"},{"taxonomy":"product_cat","embeddable":true,"href":"https:\/\/customhatsmanufacturer.com\/de\/wp-json\/wp\/v2\/product_cat?post=97"},{"taxonomy":"product_tag","embeddable":true,"href":"https:\/\/customhatsmanufacturer.com\/de\/wp-json\/wp\/v2\/product_tag?post=97"}],"curies":[{"name":"wp","href":"https:\/\/api.w.org\/{rel}","templated":true}]}}