{"id":94,"date":"2026-02-27T08:50:34","date_gmt":"2026-02-27T08:50:34","guid":{"rendered":"https:\/\/customhatsmanufacturer.com\/?post_type=product&#038;p=94"},"modified":"2026-02-27T08:50:34","modified_gmt":"2026-02-27T08:50:34","slug":"5-panel-camper-caps-with-embroidered-logo-oem","status":"publish","type":"product","link":"https:\/\/customhatsmanufacturer.com\/de\/produkt\/5-panel-camper-caps-with-embroidered-logo-oem\/","title":{"rendered":"5 Panel Camper Caps mit gesticktem Logo (OEM)"},"content":{"rendered":"<p data-start=\"0\" data-end=\"373\">Diese 5-Panel-Camper-M\u00fctzen sind lieferantengerechte Kopfbedeckungen mit einer sauberen, f\u00fcnfteiligen Krone, die mit einem gestickten Logo f\u00fcr ein klares, f\u00fchlbares Branding versehen ist. Camper-Modelle sind oft flach mit einem flacheren Schirm und einem verstellbaren R\u00fcckenband; die Form der Krempe und die Verschlusselemente k\u00f6nnen auf Ihr Sortiment abgestimmt werden.<\/p>\n<p data-start=\"375\" data-end=\"893\">Bei B2B-Programmen sorgt die OEM-Produktion daf\u00fcr, dass Ihr Branding bei verschiedenen Auflagen und Nachbestellungen konsistent bleibt: Teilen Sie uns Ihre Druckvorlage mit, best\u00e4tigen Sie die Logoplatzierung (Vorder-, Seiten- oder R\u00fcckseite) und w\u00e4hlen Sie Stickoptionen wie Flach- oder Steppstich und, falls verf\u00fcgbar, die passende Garnfarbe. Muster f\u00fcr die Vorproduktion k\u00f6nnen auf Anfrage angefertigt werden. MOQ und Vorlaufzeit variieren - fordern Sie ein Angebot an. Am besten geeignet f\u00fcr Marken, Teams, Veranstaltungen und Einzelh\u00e4ndler, die eine gut aussehende, zuverl\u00e4ssige Kappe mit wiederholbarer Dekoration ben\u00f6tigen.<\/p>\n<ul data-start=\"895\" data-end=\"1059\">\n<li data-start=\"895\" data-end=\"922\">\n<p data-start=\"897\" data-end=\"922\">F\u00fcnfteilige Camper-Krone<\/p>\n<\/li>\n<li data-start=\"923\" data-end=\"961\">\n<p data-start=\"925\" data-end=\"961\">Optionen f\u00fcr die Platzierung eines gestickten Logos<\/p>\n<\/li>\n<li data-start=\"962\" data-end=\"993\">\n<p data-start=\"964\" data-end=\"993\">Flaches oder gebogenes Visier als Option<\/p>\n<\/li>\n<li data-start=\"994\" data-end=\"1029\">\n<p data-start=\"996\" data-end=\"1029\">Verstellbare R\u00fcckenverschl\u00fcsse<\/p>\n<\/li>\n<li data-start=\"1030\" data-end=\"1059\">\n<p data-start=\"1032\" data-end=\"1059\">Rebranding-Etiketten auf Anfrage<\/p>\n<\/li>\n<\/ul>","protected":false},"excerpt":{"rendered":"<p data-start=\"1061\" data-end=\"1292\">Vom Lieferanten gefertigte 5-Panel-Camper-M\u00fctze mit gesticktem Logo f\u00fcr das Markenmerchandising. Spezifizieren Sie die Logoplatzierung und Veredelungsoptionen unter OEM-Produktion. MOQ und Vorlaufzeit variieren je nach Ausf\u00fchrung - fordern Sie ein Angebot an.<\/p>","protected":false},"featured_media":109,"template":"","meta":{"_gspb_post_css":""},"product_brand":[],"product_cat":[20,15],"product_tag":[],"class_list":{"0":"post-94","1":"product","2":"type-product","3":"status-publish","4":"has-post-thumbnail","6":"product_cat-5-panel-hats","7":"product_cat-hats-caps","9":"first","10":"instock","11":"shipping-taxable","12":"purchasable","13":"product-type-simple"},"_links":{"self":[{"href":"https:\/\/customhatsmanufacturer.com\/de\/wp-json\/wp\/v2\/product\/94","targetHints":{"allow":["GET"]}}],"collection":[{"href":"https:\/\/customhatsmanufacturer.com\/de\/wp-json\/wp\/v2\/product"}],"about":[{"href":"https:\/\/customhatsmanufacturer.com\/de\/wp-json\/wp\/v2\/types\/product"}],"wp:featuredmedia":[{"embeddable":true,"href":"https:\/\/customhatsmanufacturer.com\/de\/wp-json\/wp\/v2\/media\/109"}],"wp:attachment":[{"href":"https:\/\/customhatsmanufacturer.com\/de\/wp-json\/wp\/v2\/media?parent=94"}],"wp:term":[{"taxonomy":"product_brand","embeddable":true,"href":"https:\/\/customhatsmanufacturer.com\/de\/wp-json\/wp\/v2\/product_brand?post=94"},{"taxonomy":"product_cat","embeddable":true,"href":"https:\/\/customhatsmanufacturer.com\/de\/wp-json\/wp\/v2\/product_cat?post=94"},{"taxonomy":"product_tag","embeddable":true,"href":"https:\/\/customhatsmanufacturer.com\/de\/wp-json\/wp\/v2\/product_tag?post=94"}],"curies":[{"name":"wp","href":"https:\/\/api.w.org\/{rel}","templated":true}]}}