{"id":93,"date":"2026-02-27T08:45:24","date_gmt":"2026-02-27T08:45:24","guid":{"rendered":"https:\/\/customhatsmanufacturer.com\/?post_type=product&#038;p=93"},"modified":"2026-02-27T08:45:24","modified_gmt":"2026-02-27T08:45:24","slug":"lightweight-5-panel-hats-for-skate-brands-bulk","status":"publish","type":"product","link":"https:\/\/customhatsmanufacturer.com\/de\/produkt\/lightweight-5-panel-hats-for-skate-brands-bulk\/","title":{"rendered":"Leichte 5-Panel-H\u00fcte f\u00fcr Skate-Marken (Bulk)"},"content":{"rendered":"<p data-start=\"0\" data-end=\"374\">Leichte 5-Panel-H\u00fcte f\u00fcr Skate-Marken (Bulk) sind flache M\u00fctzen, die aus einer f\u00fcnfteiligen Krone bestehen und eine saubere, ununterbrochene Vorderseite bieten, die sich gut f\u00fcr auff\u00e4llige Markengrafiken eignet. Sie wurden f\u00fcr ein leichteres Gef\u00fchl auf dem Kopf entwickelt und sind eine praktische Wahl f\u00fcr warme Wettertropfen, Team-Kits oder allt\u00e4gliche Shop-Merchandise.<\/p>\n<p data-start=\"376\" data-end=\"779\">F\u00fcr den Gro\u00dfhandel k\u00f6nnen wir sie unbedruckt liefern oder Ihre eigene Version entwickeln - je nach Vorlage und Budget sind Stickereien, gewebte Etiketten, Logoaufn\u00e4her oder Druckplatzierungen m\u00f6glich. Farbgebung, Form der Krempe und Verschlussart k\u00f6nnen auf Anfrage spezifiziert werden, wobei MOQ und Vorlaufzeit je nach Ausf\u00fchrung variieren. Zu den besten Kunden geh\u00f6ren Skate- und Streetwear-Labels, Boardshops, Event-Crews und Merch-H\u00e4ndler.<\/p>\n<ul data-start=\"781\" data-end=\"941\">\n<li data-start=\"781\" data-end=\"814\">\n<p data-start=\"783\" data-end=\"814\">F\u00fcnf-Paneel-Kronenkonstruktion<\/p>\n<\/li>\n<li data-start=\"815\" data-end=\"848\">\n<p data-start=\"817\" data-end=\"848\">Leichtes, unauff\u00e4lliges Tragen<\/p>\n<\/li>\n<li data-start=\"849\" data-end=\"874\">\n<p data-start=\"851\" data-end=\"874\">Gro\u00dfe Logofl\u00e4che auf der Vorderseite<\/p>\n<\/li>\n<li data-start=\"875\" data-end=\"906\">\n<p data-start=\"877\" data-end=\"906\">Stickerei, Aufn\u00e4her oder Druck<\/p>\n<\/li>\n<li data-start=\"907\" data-end=\"941\">\n<p data-start=\"909\" data-end=\"941\">Bulk-ready f\u00fcr Einzelhandelsprogramme<\/p>\n<\/li>\n<\/ul>","protected":false},"excerpt":{"rendered":"<p data-start=\"943\" data-end=\"1197\">Leichte F\u00fcnf-Panel-M\u00fctzen, die in gro\u00dfen Mengen f\u00fcr Skate-Marken geliefert werden. Mit einem sauberen Frontpanel f\u00fcr das Branding, mit optionalen Stickereien, Logoaufn\u00e4hern, gewebten Etiketten oder Druckplatzierungen f\u00fcr Private-Label- und Gro\u00dfhandelsprogramme.<\/p>","protected":false},"featured_media":102,"template":"","meta":{"_gspb_post_css":""},"product_brand":[],"product_cat":[20,15],"product_tag":[],"class_list":{"0":"post-93","1":"product","2":"type-product","3":"status-publish","4":"has-post-thumbnail","6":"product_cat-5-panel-hats","7":"product_cat-hats-caps","9":"first","10":"instock","11":"shipping-taxable","12":"purchasable","13":"product-type-simple"},"_links":{"self":[{"href":"https:\/\/customhatsmanufacturer.com\/de\/wp-json\/wp\/v2\/product\/93","targetHints":{"allow":["GET"]}}],"collection":[{"href":"https:\/\/customhatsmanufacturer.com\/de\/wp-json\/wp\/v2\/product"}],"about":[{"href":"https:\/\/customhatsmanufacturer.com\/de\/wp-json\/wp\/v2\/types\/product"}],"wp:featuredmedia":[{"embeddable":true,"href":"https:\/\/customhatsmanufacturer.com\/de\/wp-json\/wp\/v2\/media\/102"}],"wp:attachment":[{"href":"https:\/\/customhatsmanufacturer.com\/de\/wp-json\/wp\/v2\/media?parent=93"}],"wp:term":[{"taxonomy":"product_brand","embeddable":true,"href":"https:\/\/customhatsmanufacturer.com\/de\/wp-json\/wp\/v2\/product_brand?post=93"},{"taxonomy":"product_cat","embeddable":true,"href":"https:\/\/customhatsmanufacturer.com\/de\/wp-json\/wp\/v2\/product_cat?post=93"},{"taxonomy":"product_tag","embeddable":true,"href":"https:\/\/customhatsmanufacturer.com\/de\/wp-json\/wp\/v2\/product_tag?post=93"}],"curies":[{"name":"wp","href":"https:\/\/api.w.org\/{rel}","templated":true}]}}