{"id":92,"date":"2026-02-27T08:39:59","date_gmt":"2026-02-27T08:39:59","guid":{"rendered":"https:\/\/customhatsmanufacturer.com\/?post_type=product&#038;p=92"},"modified":"2026-02-27T08:39:59","modified_gmt":"2026-02-27T08:39:59","slug":"custom-5-panel-caps-with-woven-patch-wholesale","status":"publish","type":"product","link":"https:\/\/customhatsmanufacturer.com\/de\/produkt\/custom-5-panel-caps-with-woven-patch-wholesale\/","title":{"rendered":"Benutzerdefinierte 5-Panel-M\u00fctzen mit gewebtem Aufn\u00e4her (Gro\u00dfhandel)"},"content":{"rendered":"<p data-start=\"0\" data-end=\"387\">Ma\u00dfgefertigte 5-Panel-Caps mit gewebtem Aufn\u00e4her (Gro\u00dfhandel) bestehen aus einer f\u00fcnfteiligen Krone mit einer sauberen, ununterbrochenen Vorderseite - ideal f\u00fcr ein zentriertes Aufn\u00e4herzeichen und ein sauberes Branding. Sie werden f\u00fcr Massenprogramme geliefert, bei denen Sie eine einheitliche Gr\u00f6\u00dfe, wiederholbare Dekoration und einen reibungslosen Weg von der Bemusterung bis zur Nachbestellung ben\u00f6tigen.<\/p>\n<p data-start=\"389\" data-end=\"922\">Der gewebte Aufn\u00e4her wird durch Verweben von F\u00e4den hergestellt, wodurch sch\u00e4rfere Linien und kleinerer Text als bei herk\u00f6mmlichen N\u00e4hten entstehen und Ihr Logo ein raffiniertes, etiketten\u00e4hnliches Finish erh\u00e4lt. Schicken Sie uns Ihre Vorlage, und wir passen die Gr\u00f6\u00dfe des Aufn\u00e4hers und die Ausf\u00fchrung der Kante als Optionen an und bringen ihn an der von Ihnen gew\u00fcnschten Stelle an (vorne, seitlich oder hinten). Sie haben die Wahl zwischen einer flachen oder gew\u00f6lbten Krempe und einem verstellbaren Verschluss, der zu Ihrem Kanal passt. MOQ und Vorlaufzeit variieren - fordern Sie ein Angebot an. Am besten geeignet f\u00fcr Marken, Teams, Veranstaltungen und Einzelh\u00e4ndler, die Merch-Serien herstellen.<\/p>\n<ul data-start=\"924\" data-end=\"1087\">\n<li data-start=\"924\" data-end=\"957\">\n<p data-start=\"926\" data-end=\"957\">F\u00fcnf-Paneel-Kronenkonstruktion<\/p>\n<\/li>\n<li data-start=\"958\" data-end=\"989\">\n<p data-start=\"960\" data-end=\"989\">Nahtlose Vorderseite f\u00fcr Aufn\u00e4her<\/p>\n<\/li>\n<li data-start=\"990\" data-end=\"1022\">\n<p data-start=\"992\" data-end=\"1022\">Gewebter Aufn\u00e4her mit Logoanbringung<\/p>\n<\/li>\n<li data-start=\"1023\" data-end=\"1055\">\n<p data-start=\"1025\" data-end=\"1055\">Optionen f\u00fcr die Form der Krempe verf\u00fcgbar<\/p>\n<\/li>\n<li data-start=\"1056\" data-end=\"1087\">\n<p data-start=\"1058\" data-end=\"1087\">Verschlussarten auf Anfrage<\/p>\n<\/li>\n<\/ul>","protected":false},"excerpt":{"rendered":"<p data-start=\"1089\" data-end=\"1337\">Gro\u00dfhandelsm\u00fctzen mit f\u00fcnf Paneelen, die mit einem gewebten Aufn\u00e4her f\u00fcr ein klares, label\u00e4hnliches Branding versehen sind. Bestimmen Sie das Design und die Platzierung des Aufn\u00e4hers, und auf Anfrage sind auch Rand- und Verschlussoptionen erh\u00e4ltlich. MOQ und Vorlaufzeit variieren - Angebot auf Anfrage.<\/p>","protected":false},"featured_media":101,"template":"","meta":{"_gspb_post_css":""},"product_brand":[],"product_cat":[20,15],"product_tag":[],"class_list":{"0":"post-92","1":"product","2":"type-product","3":"status-publish","4":"has-post-thumbnail","6":"product_cat-5-panel-hats","7":"product_cat-hats-caps","9":"first","10":"instock","11":"shipping-taxable","12":"purchasable","13":"product-type-simple"},"_links":{"self":[{"href":"https:\/\/customhatsmanufacturer.com\/de\/wp-json\/wp\/v2\/product\/92","targetHints":{"allow":["GET"]}}],"collection":[{"href":"https:\/\/customhatsmanufacturer.com\/de\/wp-json\/wp\/v2\/product"}],"about":[{"href":"https:\/\/customhatsmanufacturer.com\/de\/wp-json\/wp\/v2\/types\/product"}],"wp:featuredmedia":[{"embeddable":true,"href":"https:\/\/customhatsmanufacturer.com\/de\/wp-json\/wp\/v2\/media\/101"}],"wp:attachment":[{"href":"https:\/\/customhatsmanufacturer.com\/de\/wp-json\/wp\/v2\/media?parent=92"}],"wp:term":[{"taxonomy":"product_brand","embeddable":true,"href":"https:\/\/customhatsmanufacturer.com\/de\/wp-json\/wp\/v2\/product_brand?post=92"},{"taxonomy":"product_cat","embeddable":true,"href":"https:\/\/customhatsmanufacturer.com\/de\/wp-json\/wp\/v2\/product_cat?post=92"},{"taxonomy":"product_tag","embeddable":true,"href":"https:\/\/customhatsmanufacturer.com\/de\/wp-json\/wp\/v2\/product_tag?post=92"}],"curies":[{"name":"wp","href":"https:\/\/api.w.org\/{rel}","templated":true}]}}