{"id":65,"date":"2026-02-27T08:11:20","date_gmt":"2026-02-27T08:11:20","guid":{"rendered":"https:\/\/customhatsmanufacturer.com\/?post_type=product&#038;p=65"},"modified":"2026-02-27T08:11:20","modified_gmt":"2026-02-27T08:11:20","slug":"washed-dad-caps-for-lifestyle-brands-bulk","status":"publish","type":"product","link":"https:\/\/customhatsmanufacturer.com\/de\/produkt\/washed-dad-caps-for-lifestyle-brands-bulk\/","title":{"rendered":"Gewaschene Dad Caps f\u00fcr Lifestyle-Marken (Bulk)"},"content":{"rendered":"<p data-start=\"0\" data-end=\"322\">Gewaschene Dad Caps sind entspannte, flache Baseballkappen, die so gestaltet sind, dass sie bereits eingefahren aussehen und sich auch so anf\u00fchlen. Die \u201cDad Cap\u201d-Form bedeutet in der Regel eine unstrukturierte Krone, eine sanft geschwungene Krempe und einen verstellbaren Verschluss auf der R\u00fcckseite - ideal f\u00fcr unauff\u00e4llige, allt\u00e4gliche Kopfbedeckungen.<\/p>\n<p data-start=\"324\" data-end=\"829\">Diese M\u00fctzen sind f\u00fcr die Bestellung von Lifestyle-Marken konzipiert und eignen sich f\u00fcr wiederholbare Auflagen f\u00fcr Drops, Einzelhandelsprogramme oder einheitliche Verkaufsartikel. Das Branding kann minimal gehalten oder hervorgehoben werden - zu den Optionen geh\u00f6ren Stickereien auf der Vorderseite oder Aufn\u00e4her, wobei zus\u00e4tzliche Etiketten-\/Verpackungsw\u00fcnsche auf Anfrage erh\u00e4ltlich sind. MOQ und Vorlaufzeit variieren - fordern Sie ein Angebot an, das auf den Anforderungen an Farbe, Waschung und Dekoration basiert. Zu den besten K\u00e4ufern geh\u00f6ren Lifestyle-Labels, Event-Merch-Teams, Einzelh\u00e4ndler und Promo-Vertreiber.<\/p>\n<ul data-start=\"831\" data-end=\"989\">\n<li data-start=\"831\" data-end=\"866\">\n<p data-start=\"833\" data-end=\"866\">Niedrigprofilierte, unstrukturierte Krone<\/p>\n<\/li>\n<li data-start=\"867\" data-end=\"893\">\n<p data-start=\"869\" data-end=\"893\">Gebogene Krempe Silhouette<\/p>\n<\/li>\n<li data-start=\"894\" data-end=\"920\">\n<p data-start=\"896\" data-end=\"920\">Gewaschene, eingefahrene Oberfl\u00e4che<\/p>\n<\/li>\n<li data-start=\"921\" data-end=\"956\">\n<p data-start=\"923\" data-end=\"956\">Verstellbarer R\u00fcckenverschluss<\/p>\n<\/li>\n<li data-start=\"957\" data-end=\"989\">\n<p data-start=\"959\" data-end=\"989\">Stickerei oder Patch-Branding<\/p>\n<\/li>\n<\/ul>","protected":false},"excerpt":{"rendered":"<p data-start=\"991\" data-end=\"1246\">Massenhaft gewaschene Dad Caps mit entspannter, flacher Passform und eingefahrenem Look. Geeignet f\u00fcr Lifestyle-Markenprogramme mit Optionen f\u00fcr Stickereien oder Aufn\u00e4her sowie f\u00fcr private Beschriftungen auf Anfrage. MOQ und Vorlaufzeit variieren - Angebot erh\u00e4ltlich.<\/p>","protected":false},"featured_media":87,"template":"","meta":{"_gspb_post_css":""},"product_brand":[],"product_cat":[19,15],"product_tag":[],"class_list":{"0":"post-65","1":"product","2":"type-product","3":"status-publish","4":"has-post-thumbnail","6":"product_cat-dad-hats","7":"product_cat-hats-caps","9":"first","10":"instock","11":"shipping-taxable","12":"purchasable","13":"product-type-simple"},"_links":{"self":[{"href":"https:\/\/customhatsmanufacturer.com\/de\/wp-json\/wp\/v2\/product\/65","targetHints":{"allow":["GET"]}}],"collection":[{"href":"https:\/\/customhatsmanufacturer.com\/de\/wp-json\/wp\/v2\/product"}],"about":[{"href":"https:\/\/customhatsmanufacturer.com\/de\/wp-json\/wp\/v2\/types\/product"}],"wp:featuredmedia":[{"embeddable":true,"href":"https:\/\/customhatsmanufacturer.com\/de\/wp-json\/wp\/v2\/media\/87"}],"wp:attachment":[{"href":"https:\/\/customhatsmanufacturer.com\/de\/wp-json\/wp\/v2\/media?parent=65"}],"wp:term":[{"taxonomy":"product_brand","embeddable":true,"href":"https:\/\/customhatsmanufacturer.com\/de\/wp-json\/wp\/v2\/product_brand?post=65"},{"taxonomy":"product_cat","embeddable":true,"href":"https:\/\/customhatsmanufacturer.com\/de\/wp-json\/wp\/v2\/product_cat?post=65"},{"taxonomy":"product_tag","embeddable":true,"href":"https:\/\/customhatsmanufacturer.com\/de\/wp-json\/wp\/v2\/product_tag?post=65"}],"curies":[{"name":"wp","href":"https:\/\/api.w.org\/{rel}","templated":true}]}}