{"id":64,"date":"2026-02-27T08:15:58","date_gmt":"2026-02-27T08:15:58","guid":{"rendered":"https:\/\/customhatsmanufacturer.com\/?post_type=product&#038;p=64"},"modified":"2026-02-27T08:15:58","modified_gmt":"2026-02-27T08:15:58","slug":"low-profile-dad-hats-with-metal-buckle-strap","status":"publish","type":"product","link":"https:\/\/customhatsmanufacturer.com\/de\/produkt\/low-profile-dad-hats-with-metal-buckle-strap\/","title":{"rendered":"Low Profile Dad Hats mit Metallschnallenriemen"},"content":{"rendered":"<p data-start=\"0\" data-end=\"444\">Low Profile Dad Caps mit Metallschnallenband sind verstellbare Baseballm\u00fctzen, die entspannt und eng am Kopf anliegen. Die Schnalle und der Riemen auf der R\u00fcckseite erm\u00f6glichen eine Feinabstimmung der Gr\u00f6\u00dfe, w\u00e4hrend die niedrige Krone den Look f\u00fcr das t\u00e4gliche Tragen und f\u00fcr Uniformen dezent h\u00e4lt. Verwenden Sie sie als Kernst\u00fcck in Kopfbedeckungssortimenten, Personal-Kits oder Promo-Drops, bei denen eine klare, klassische Silhouette wichtig ist.<\/p>\n<p data-start=\"446\" data-end=\"869\">F\u00fcr B2B-Programme - einschlie\u00dflich Gro\u00dfhandel und OEM-Auflagen - sind diese Kappen einfach zu spezifizieren und zu kennzeichnen. Zu den Optionen geh\u00f6ren Stickereien auf der Vorderseite, gewebte Aufn\u00e4her oder Aufn\u00e4her in Lederoptik sowie Innenetiketten oder Hangtags, die auf Wunsch individuell gestaltet werden k\u00f6nnen. Farbgebung, Verpackung und Kartonbeschriftung k\u00f6nnen an Ihr SKU-System angepasst werden; MOQ und Vorlaufzeit variieren - fordern Sie ein Angebot an. Zu den idealen Kunden geh\u00f6ren Bekleidungsmarken, Teamshops, Eventveranstalter und Einzelh\u00e4ndler.<\/p>\n<ul data-start=\"871\" data-end=\"1051\">\n<li data-start=\"871\" data-end=\"903\">\n<p data-start=\"873\" data-end=\"903\">Flache Kronen-Silhouette<\/p>\n<\/li>\n<li data-start=\"904\" data-end=\"941\">\n<p data-start=\"906\" data-end=\"941\">Verstellbarer Gurt mit Metallschnalle<\/p>\n<\/li>\n<li data-start=\"942\" data-end=\"971\">\n<p data-start=\"944\" data-end=\"971\">Gebogene Krempe im Dad-Cap-Stil<\/p>\n<\/li>\n<li data-start=\"972\" data-end=\"1012\">\n<p data-start=\"974\" data-end=\"1012\">Stickerei oder Aufn\u00e4her als Branding-Optionen<\/p>\n<\/li>\n<li data-start=\"1013\" data-end=\"1051\">\n<p data-start=\"1015\" data-end=\"1051\">Etikettierung f\u00fcr den Einzelhandel auf Anfrage<\/p>\n<\/li>\n<\/ul>","protected":false},"excerpt":{"rendered":"<p data-start=\"1053\" data-end=\"1291\">Verstellbare, flache Vaterm\u00fctze mit Metallschnalle und Strapback-Verschluss. Entwickelt f\u00fcr Massenprogramme mit optionaler Bestickung oder Aufn\u00e4hern und Private-Label-Beschriftung auf Anfrage. MOQ und Vorlaufzeiten variieren - fordern Sie ein Angebot an.<\/p>","protected":false},"featured_media":90,"template":"","meta":{"_gspb_post_css":""},"product_brand":[],"product_cat":[19,15],"product_tag":[],"class_list":{"0":"post-64","1":"product","2":"type-product","3":"status-publish","4":"has-post-thumbnail","6":"product_cat-dad-hats","7":"product_cat-hats-caps","9":"first","10":"instock","11":"shipping-taxable","12":"purchasable","13":"product-type-simple"},"_links":{"self":[{"href":"https:\/\/customhatsmanufacturer.com\/de\/wp-json\/wp\/v2\/product\/64","targetHints":{"allow":["GET"]}}],"collection":[{"href":"https:\/\/customhatsmanufacturer.com\/de\/wp-json\/wp\/v2\/product"}],"about":[{"href":"https:\/\/customhatsmanufacturer.com\/de\/wp-json\/wp\/v2\/types\/product"}],"wp:featuredmedia":[{"embeddable":true,"href":"https:\/\/customhatsmanufacturer.com\/de\/wp-json\/wp\/v2\/media\/90"}],"wp:attachment":[{"href":"https:\/\/customhatsmanufacturer.com\/de\/wp-json\/wp\/v2\/media?parent=64"}],"wp:term":[{"taxonomy":"product_brand","embeddable":true,"href":"https:\/\/customhatsmanufacturer.com\/de\/wp-json\/wp\/v2\/product_brand?post=64"},{"taxonomy":"product_cat","embeddable":true,"href":"https:\/\/customhatsmanufacturer.com\/de\/wp-json\/wp\/v2\/product_cat?post=64"},{"taxonomy":"product_tag","embeddable":true,"href":"https:\/\/customhatsmanufacturer.com\/de\/wp-json\/wp\/v2\/product_tag?post=64"}],"curies":[{"name":"wp","href":"https:\/\/api.w.org\/{rel}","templated":true}]}}