{"id":61,"date":"2026-02-27T08:07:43","date_gmt":"2026-02-27T08:07:43","guid":{"rendered":"https:\/\/customhatsmanufacturer.com\/?post_type=product&#038;p=61"},"modified":"2026-02-27T08:07:43","modified_gmt":"2026-02-27T08:07:43","slug":"unstructured-dad-hats-with-logo-embroidery-wholesale","status":"publish","type":"product","link":"https:\/\/customhatsmanufacturer.com\/de\/produkt\/unstructured-dad-hats-with-logo-embroidery-wholesale\/","title":{"rendered":"Unstrukturierte Dad Hats mit Logo-Stickerei (Gro\u00dfhandel)"},"content":{"rendered":"<p data-start=\"0\" data-end=\"275\">Unstrukturierte Vaterm\u00fctzen mit Logostickerei sind eine klassische M\u00fctzensilhouette, die f\u00fcr das t\u00e4gliche Tragen und eine konsistente Markenpr\u00e4sentation entwickelt wurde. Die entspannte Krone sorgt f\u00fcr einen l\u00e4ssigen Look, w\u00e4hrend gestickte Logos f\u00fcr ein sauberes, strukturiertes Finish sorgen, das im Gebrauch seine Form beh\u00e4lt.<\/p>\n<p data-start=\"277\" data-end=\"742\">F\u00fcr B2B-Bestellungen k\u00f6nnen wir Rohlinge liefern oder nach Ihren Vorgaben mit Stickereien auf der Vorder-, Seiten- oder R\u00fcckseite (je nach Wunsch) veredeln. Zu den Optionen geh\u00f6ren die Anpassung der Garnfarbe, die Gr\u00f6\u00dfenanpassung der Druckvorlage und Zusatzoptionen wie Innenetiketten, Hangtags oder Polybagging, wenn Sie eine Lieferung im OEM-Stil ben\u00f6tigen. MOQ und Vorlaufzeit variieren - fordern Sie ein Angebot f\u00fcr aktuelle Preise und Produktionszeiten an. Am besten geeignet f\u00fcr Marken, Einzelh\u00e4ndler, Teams und Eventveranstalter, die zuverl\u00e4ssige Kopfbedeckungen in gro\u00dfen Mengen ben\u00f6tigen.<\/p>\n<ul data-start=\"744\" data-end=\"906\">\n<li data-start=\"744\" data-end=\"774\">\n<p data-start=\"746\" data-end=\"774\">Entspannte unstrukturierte Krone<\/p>\n<\/li>\n<li data-start=\"775\" data-end=\"805\">\n<p data-start=\"777\" data-end=\"805\">Logo-Stickerei Dekoration<\/p>\n<\/li>\n<li data-start=\"806\" data-end=\"844\">\n<p data-start=\"808\" data-end=\"844\">Platzierungsm\u00f6glichkeiten: Vorderseite\/Seite\/R\u00fcckseite<\/p>\n<\/li>\n<li data-start=\"845\" data-end=\"877\">\n<p data-start=\"847\" data-end=\"877\">Beschriftungs- und Verpackungsoptionen<\/p>\n<\/li>\n<li data-start=\"878\" data-end=\"906\">\n<p data-start=\"880\" data-end=\"906\">Gro\u00dfes Angebot f\u00fcr Programme<\/p>\n<\/li>\n<\/ul>","protected":false},"excerpt":{"rendered":"<p data-start=\"908\" data-end=\"1143\">Unstrukturierte V\u00e4term\u00fctzen mit Logostickerei f\u00fcr Gro\u00dfauftr\u00e4ge. W\u00e4hlen Sie die Platzierung der Stickerei und die Farbe des Garns sowie optionale Beschriftungs- und Verpackungszus\u00e4tze, um die Anforderungen des Einzelhandels, des Teams oder der Veranstaltung zu erf\u00fcllen.<\/p>","protected":false},"featured_media":81,"template":"","meta":{"_gspb_post_css":""},"product_brand":[],"product_cat":[19,15],"product_tag":[],"class_list":{"0":"post-61","1":"product","2":"type-product","3":"status-publish","4":"has-post-thumbnail","6":"product_cat-dad-hats","7":"product_cat-hats-caps","9":"first","10":"instock","11":"shipping-taxable","12":"purchasable","13":"product-type-simple"},"_links":{"self":[{"href":"https:\/\/customhatsmanufacturer.com\/de\/wp-json\/wp\/v2\/product\/61","targetHints":{"allow":["GET"]}}],"collection":[{"href":"https:\/\/customhatsmanufacturer.com\/de\/wp-json\/wp\/v2\/product"}],"about":[{"href":"https:\/\/customhatsmanufacturer.com\/de\/wp-json\/wp\/v2\/types\/product"}],"wp:featuredmedia":[{"embeddable":true,"href":"https:\/\/customhatsmanufacturer.com\/de\/wp-json\/wp\/v2\/media\/81"}],"wp:attachment":[{"href":"https:\/\/customhatsmanufacturer.com\/de\/wp-json\/wp\/v2\/media?parent=61"}],"wp:term":[{"taxonomy":"product_brand","embeddable":true,"href":"https:\/\/customhatsmanufacturer.com\/de\/wp-json\/wp\/v2\/product_brand?post=61"},{"taxonomy":"product_cat","embeddable":true,"href":"https:\/\/customhatsmanufacturer.com\/de\/wp-json\/wp\/v2\/product_cat?post=61"},{"taxonomy":"product_tag","embeddable":true,"href":"https:\/\/customhatsmanufacturer.com\/de\/wp-json\/wp\/v2\/product_tag?post=61"}],"curies":[{"name":"wp","href":"https:\/\/api.w.org\/{rel}","templated":true}]}}