{"id":60,"date":"2026-02-27T08:07:54","date_gmt":"2026-02-27T08:07:54","guid":{"rendered":"https:\/\/customhatsmanufacturer.com\/?post_type=product&#038;p=60"},"modified":"2026-02-27T08:07:54","modified_gmt":"2026-02-27T08:07:54","slug":"fitted-baseball-caps-with-3d-embroidery-bulk","status":"publish","type":"product","link":"https:\/\/customhatsmanufacturer.com\/de\/produkt\/fitted-baseball-caps-with-3d-embroidery-bulk\/","title":{"rendered":"Fitted Baseball Caps mit 3D-Stickerei (Bulk)"},"content":{"rendered":"<p data-start=\"0\" data-end=\"423\">Fitted Baseballkappen mit 3D-Stickerei sind f\u00fcr ein sauberes, geschlossenes Aussehen und eine gr\u00f6\u00dfengerechte Passform konzipiert, was sie zu einer guten Wahl macht, wenn Sie eine konsistente Kopfbedeckung f\u00fcr einen Lauf ben\u00f6tigen. Der erhabene Stickeffekt, der oft durch N\u00e4hen \u00fcber einer Schaumstoffunterlage entsteht, verleiht Logos und Schriftz\u00fcgen mehr Tiefe, sodass das Branding auch aus der Entfernung gut lesbar ist.<\/p>\n<p data-start=\"425\" data-end=\"823\">Diese Kappen sind f\u00fcr Massenprogramme geeignet und k\u00f6nnen nach Ihren Vorgaben hergestellt werden, mit Optionen wie Farbanpassung des Garns, gemischter Flach- und 3D-Stickerei oder alternativen Logoplatzierungen auf Anfrage. Wir unterst\u00fctzen Gro\u00dfhandelslieferungen, OEM-Entwicklungen und Nachbestellungen, sobald die Gr\u00f6\u00dfe und das Design genehmigt sind. MOQ und Vorlaufzeit variieren - fordern Sie ein Angebot an. Am besten geeignet f\u00fcr Marken, Sportteams, Event-Merchandise und Einzelh\u00e4ndler.<\/p>\n<ul data-start=\"825\" data-end=\"968\">\n<li data-start=\"825\" data-end=\"854\">\n<p data-start=\"827\" data-end=\"854\">Erhabene 3D-Puffstickerei<\/p>\n<\/li>\n<li data-start=\"855\" data-end=\"884\">\n<p data-start=\"857\" data-end=\"884\">Geschlossener R\u00fccken, angepasste Gr\u00f6\u00dfe<\/p>\n<\/li>\n<li data-start=\"885\" data-end=\"911\">\n<p data-start=\"887\" data-end=\"911\">Optionen f\u00fcr die Platzierung des Logos<\/p>\n<\/li>\n<li data-start=\"912\" data-end=\"939\">\n<p data-start=\"914\" data-end=\"939\">Auswahl der Garnfarbe<\/p>\n<\/li>\n<li data-start=\"940\" data-end=\"968\">\n<p data-start=\"942\" data-end=\"968\">Produktion f\u00fcr Gro\u00dfserien<\/p>\n<\/li>\n<\/ul>","protected":false},"excerpt":{"rendered":"<p data-start=\"970\" data-end=\"1192\">Geschlossene M\u00fctzen mit erh\u00f6hter 3D-Stickerei f\u00fcr auff\u00e4llige Logos. Wird als Massenware mit optionalen Garnfarben und Logoplatzierungsm\u00f6glichkeiten auf Anfrage angeboten. MOQ und Vorlaufzeit variieren - fordern Sie ein Angebot an.<\/p>","protected":false},"featured_media":77,"template":"","meta":{"_gspb_post_css":""},"product_brand":[],"product_cat":[18,15],"product_tag":[],"class_list":{"0":"post-60","1":"product","2":"type-product","3":"status-publish","4":"has-post-thumbnail","6":"product_cat-baseball-hats","7":"product_cat-hats-caps","9":"first","10":"instock","11":"shipping-taxable","12":"purchasable","13":"product-type-simple"},"_links":{"self":[{"href":"https:\/\/customhatsmanufacturer.com\/de\/wp-json\/wp\/v2\/product\/60","targetHints":{"allow":["GET"]}}],"collection":[{"href":"https:\/\/customhatsmanufacturer.com\/de\/wp-json\/wp\/v2\/product"}],"about":[{"href":"https:\/\/customhatsmanufacturer.com\/de\/wp-json\/wp\/v2\/types\/product"}],"wp:featuredmedia":[{"embeddable":true,"href":"https:\/\/customhatsmanufacturer.com\/de\/wp-json\/wp\/v2\/media\/77"}],"wp:attachment":[{"href":"https:\/\/customhatsmanufacturer.com\/de\/wp-json\/wp\/v2\/media?parent=60"}],"wp:term":[{"taxonomy":"product_brand","embeddable":true,"href":"https:\/\/customhatsmanufacturer.com\/de\/wp-json\/wp\/v2\/product_brand?post=60"},{"taxonomy":"product_cat","embeddable":true,"href":"https:\/\/customhatsmanufacturer.com\/de\/wp-json\/wp\/v2\/product_cat?post=60"},{"taxonomy":"product_tag","embeddable":true,"href":"https:\/\/customhatsmanufacturer.com\/de\/wp-json\/wp\/v2\/product_tag?post=60"}],"curies":[{"name":"wp","href":"https:\/\/api.w.org\/{rel}","templated":true}]}}