{"id":59,"date":"2026-02-27T07:42:03","date_gmt":"2026-02-27T07:42:03","guid":{"rendered":"https:\/\/customhatsmanufacturer.com\/?post_type=product&#038;p=59"},"modified":"2026-02-27T07:42:04","modified_gmt":"2026-02-27T07:42:04","slug":"performance-baseball-hats-in-moisture-wick-fabric","status":"publish","type":"product","link":"https:\/\/customhatsmanufacturer.com\/de\/produkt\/performance-baseball-hats-in-moisture-wick-fabric\/","title":{"rendered":"Leistungsstarke Baseballm\u00fctzen aus feuchtigkeitsableitendem Material"},"content":{"rendered":"<p data-start=\"0\" data-end=\"519\">Diese leistungsstarken Baseballm\u00fctzen in klassischer Baseball-Cap-Silhouette sind aus feuchtigkeitsableitendem Material gefertigt, das Schwei\u00df von der Haut wegleitet und ihn auf der Oberfl\u00e4che verteilt, damit er schnell trocknen kann. Das macht sie zu einer guten Wahl f\u00fcr Dugouts, Feldmannschaften und Outdoor-Aktionen, bei denen Hitze und Bewegung st\u00e4ndig pr\u00e4sent sind. Ben\u00f6tigen Sie einen bestimmten Look? Zur Auswahl stehen strukturierte oder lockere Frontpartien, gebogene oder flache Krempen und verschiedene Verschlussarten.<\/p>\n<p data-start=\"521\" data-end=\"899\">Bei B2B-Bestellungen k\u00f6nnen Sie die Dekoration auf Ihr Programm abstimmen - Bestickung, aufgen\u00e4hte Aufn\u00e4her oder Logoaufdrucke im Hei\u00dftransferverfahren - und bei Bedarf private Etiketten, Hangtags und Kartonmarkierungen hinzuf\u00fcgen. Die Mindestbestellmenge und die Vorlaufzeit variieren je nach Ausf\u00fchrung und Vorlage, daher sollten Sie ein Angebot f\u00fcr die aktuellen Produktionszeiten anfordern. Am besten geeignet f\u00fcr Marken, Teams, Veranstaltungen und Einzelh\u00e4ndler, die eine wiederholbare Versorgung mit Kopfbedeckungen ben\u00f6tigen.<\/p>\n<ul data-start=\"900\" data-end=\"1095\">\n<li data-start=\"900\" data-end=\"936\">\n<p data-start=\"902\" data-end=\"936\">Feuchtigkeitsableitendes Gewebe<\/p>\n<\/li>\n<li data-start=\"937\" data-end=\"974\">\n<p data-start=\"939\" data-end=\"974\">Logos in Form von Stickereien, Aufn\u00e4hern oder Drucken<\/p>\n<\/li>\n<li data-start=\"975\" data-end=\"1003\">\n<p data-start=\"977\" data-end=\"1003\">Krempe und Profiloptionen<\/p>\n<\/li>\n<li data-start=\"1004\" data-end=\"1041\">\n<p data-start=\"1006\" data-end=\"1041\">Mehrere Verschlussarten verf\u00fcgbar<\/p>\n<\/li>\n<li data-start=\"1042\" data-end=\"1067\">\n<p data-start=\"1044\" data-end=\"1067\">Eigenmarken-Add-ons<\/p>\n<\/li>\n<li data-start=\"1068\" data-end=\"1095\">\n<p data-start=\"1070\" data-end=\"1095\">Kartonverpackung f\u00fcr Bulkware<\/p>\n<\/li>\n<\/ul>","protected":false},"excerpt":{"rendered":"<p data-start=\"1097\" data-end=\"1328\">Feuchtigkeitsableitende, leistungsstarke M\u00fctzen f\u00fcr aktive Bekleidungsprogramme. Geben Sie die Dekoration (Stickerei, Aufn\u00e4her oder Thermotransferdrucke) und die Verpackungsdetails f\u00fcr Gro\u00dflieferungen an. Kostenvoranschlagbasiertes MOQ und Vorlaufzeiten.<\/p>","protected":false},"featured_media":72,"template":"","meta":{"_gspb_post_css":""},"product_brand":[],"product_cat":[18,15],"product_tag":[],"class_list":{"0":"post-59","1":"product","2":"type-product","3":"status-publish","4":"has-post-thumbnail","6":"product_cat-baseball-hats","7":"product_cat-hats-caps","9":"first","10":"instock","11":"shipping-taxable","12":"purchasable","13":"product-type-simple"},"_links":{"self":[{"href":"https:\/\/customhatsmanufacturer.com\/de\/wp-json\/wp\/v2\/product\/59","targetHints":{"allow":["GET"]}}],"collection":[{"href":"https:\/\/customhatsmanufacturer.com\/de\/wp-json\/wp\/v2\/product"}],"about":[{"href":"https:\/\/customhatsmanufacturer.com\/de\/wp-json\/wp\/v2\/types\/product"}],"wp:featuredmedia":[{"embeddable":true,"href":"https:\/\/customhatsmanufacturer.com\/de\/wp-json\/wp\/v2\/media\/72"}],"wp:attachment":[{"href":"https:\/\/customhatsmanufacturer.com\/de\/wp-json\/wp\/v2\/media?parent=59"}],"wp:term":[{"taxonomy":"product_brand","embeddable":true,"href":"https:\/\/customhatsmanufacturer.com\/de\/wp-json\/wp\/v2\/product_brand?post=59"},{"taxonomy":"product_cat","embeddable":true,"href":"https:\/\/customhatsmanufacturer.com\/de\/wp-json\/wp\/v2\/product_cat?post=59"},{"taxonomy":"product_tag","embeddable":true,"href":"https:\/\/customhatsmanufacturer.com\/de\/wp-json\/wp\/v2\/product_tag?post=59"}],"curies":[{"name":"wp","href":"https:\/\/api.w.org\/{rel}","templated":true}]}}