{"id":58,"date":"2026-02-27T07:37:19","date_gmt":"2026-02-27T07:37:19","guid":{"rendered":"https:\/\/customhatsmanufacturer.com\/?post_type=product&#038;p=58"},"modified":"2026-02-27T07:37:19","modified_gmt":"2026-02-27T07:37:19","slug":"custom-baseball-caps-with-curved-brim-wholesale","status":"publish","type":"product","link":"https:\/\/customhatsmanufacturer.com\/de\/produkt\/custom-baseball-caps-with-curved-brim-wholesale\/","title":{"rendered":"Benutzerdefinierte Baseball-Kappen mit gebogener Krempe (Gro\u00dfhandel)"},"content":{"rendered":"<p data-start=\"0\" data-end=\"455\">Ma\u00dfgefertigte Baseballm\u00fctzen mit geschwungenem Rand (Gro\u00dfhandel) sind klassische M\u00fctzen, die f\u00fcr Markenprogramme und den Wiederverkauf entwickelt wurden. Die geschwungene Krempe sorgt f\u00fcr eine vertraute Silhouette und tr\u00e4gt dazu bei, die Blendwirkung zu verringern, w\u00e4hrend der Aufbau der Kappe so spezifiziert werden kann, dass er zu Ihrer Linie passt - Panel-Layout, Struktur und Verschlussarten sind auf Anfrage erh\u00e4ltlich. Verleihen Sie Ihren Produkten mit Stickereien, aufgen\u00e4hten Aufn\u00e4hern oder gedruckten Motiven Ihren Stempel auf, je nachdem, welchen Look und welches Budget Sie anstreben.<\/p>\n<p data-start=\"457\" data-end=\"831\">Diese Kappen sind f\u00fcr den Gro\u00dfeinkauf konzipiert und lassen sich leicht in saisonale Drops, einheitliche Kits und Werbeaktionen integrieren. Eigene Details wie Innenetiketten, Anh\u00e4ngeetiketten oder individuelle Verpackungen k\u00f6nnen bei Bedarf hinzugef\u00fcgt werden. MOQ und Vorlaufzeit variieren - fordern Sie ein Angebot mit Ihrer Vorlage und dem gew\u00fcnschten Liefertermin an. Am besten geeignet f\u00fcr Marken, Teams, Veranstaltungen und Einzelh\u00e4ndler, die ein einheitliches Sortiment an Kopfbedeckungen aufbauen.<\/p>\n<ul data-start=\"832\" data-end=\"1000\">\n<li data-start=\"832\" data-end=\"864\">\n<p data-start=\"834\" data-end=\"864\">Gew\u00f6lbte Krempe, klassisches Profil<\/p>\n<\/li>\n<li data-start=\"865\" data-end=\"901\">\n<p data-start=\"867\" data-end=\"901\">Logo-Stickerei oder Aufn\u00e4her m\u00f6glich<\/p>\n<\/li>\n<li data-start=\"902\" data-end=\"942\">\n<p data-start=\"904\" data-end=\"942\">Druckplatzierung auf Anfrage m\u00f6glich<\/p>\n<\/li>\n<li data-start=\"943\" data-end=\"969\">\n<p data-start=\"945\" data-end=\"969\">Verschlussarten nach Spezifikation<\/p>\n<\/li>\n<li data-start=\"970\" data-end=\"1000\">\n<p data-start=\"972\" data-end=\"1000\">Private-Label-Ausstattungsoptionen<\/p>\n<\/li>\n<\/ul>","protected":false},"excerpt":{"rendered":"<p data-start=\"1002\" data-end=\"1220\">Gro\u00dfhandels-Baseballkappen mit gebogener Krempe, die nach Ihren Vorgaben hergestellt werden. F\u00fcgen Sie Ihr Logo durch Stickerei, Aufn\u00e4her oder Druck hinzu und bestellen Sie in gro\u00dfen Mengen f\u00fcr Eigenmarken, Merch, Uniformen oder den Wiederverkauf im Einzelhandel.<\/p>","protected":false},"featured_media":69,"template":"","meta":{"_gspb_post_css":""},"product_brand":[],"product_cat":[18,15],"product_tag":[],"class_list":{"0":"post-58","1":"product","2":"type-product","3":"status-publish","4":"has-post-thumbnail","6":"product_cat-baseball-hats","7":"product_cat-hats-caps","9":"first","10":"instock","11":"shipping-taxable","12":"purchasable","13":"product-type-simple"},"_links":{"self":[{"href":"https:\/\/customhatsmanufacturer.com\/de\/wp-json\/wp\/v2\/product\/58","targetHints":{"allow":["GET"]}}],"collection":[{"href":"https:\/\/customhatsmanufacturer.com\/de\/wp-json\/wp\/v2\/product"}],"about":[{"href":"https:\/\/customhatsmanufacturer.com\/de\/wp-json\/wp\/v2\/types\/product"}],"wp:featuredmedia":[{"embeddable":true,"href":"https:\/\/customhatsmanufacturer.com\/de\/wp-json\/wp\/v2\/media\/69"}],"wp:attachment":[{"href":"https:\/\/customhatsmanufacturer.com\/de\/wp-json\/wp\/v2\/media?parent=58"}],"wp:term":[{"taxonomy":"product_brand","embeddable":true,"href":"https:\/\/customhatsmanufacturer.com\/de\/wp-json\/wp\/v2\/product_brand?post=58"},{"taxonomy":"product_cat","embeddable":true,"href":"https:\/\/customhatsmanufacturer.com\/de\/wp-json\/wp\/v2\/product_cat?post=58"},{"taxonomy":"product_tag","embeddable":true,"href":"https:\/\/customhatsmanufacturer.com\/de\/wp-json\/wp\/v2\/product_tag?post=58"}],"curies":[{"name":"wp","href":"https:\/\/api.w.org\/{rel}","templated":true}]}}