{"id":336,"date":"2026-02-28T07:09:44","date_gmt":"2026-02-28T07:09:44","guid":{"rendered":"https:\/\/customhatsmanufacturer.com\/?post_type=product&#038;p=336"},"modified":"2026-02-28T07:09:44","modified_gmt":"2026-02-28T07:09:44","slug":"compression-socks-with-custom-branding-supplier","status":"publish","type":"product","link":"https:\/\/customhatsmanufacturer.com\/de\/produkt\/compression-socks-with-custom-branding-supplier\/","title":{"rendered":"Kompressionsstr\u00fcmpfe mit individuellem Branding (Lieferant)"},"content":{"rendered":"<p data-start=\"0\" data-end=\"383\">Kompressionssocken mit individuellem Branding bieten Ihnen die M\u00f6glichkeit, Ihren Namen auf ein Leistungsmerkmal zu setzen, ohne die Herstellung zu kompliziert zu machen. Sie sind auf eine eng anliegende, st\u00fctzende Passform ausgelegt und werden in der Regel auf Rundstrickmaschinen hergestellt, um eine gleichbleibende Dehnbarkeit und ein sauberes Finish zu gew\u00e4hrleisten; Gr\u00f6\u00dfe, L\u00e4nge und D\u00e4mpfung k\u00f6nnen je nach Kundenwunsch angepasst werden.<\/p>\n<p data-start=\"385\" data-end=\"865\">F\u00fcr das Branding k\u00f6nnen Sie ein eingestricktes Jacquard-Logo, eine Musterplatzierung oder andere Markierungsoptionen wie gewebte Etiketten oder gedruckte Elemente w\u00e4hlen. Teilen Sie uns Vorlagen, Farbreferenzen und den Verwendungszweck (Sport-, Reise-, Arbeitskleidung) mit, und die Produktion kann von der Bemusterung bis zu Nachbestellungen auf Ihr Programm abgestimmt werden. MOQ und Vorlaufzeit variieren - fordern Sie ein Angebot an. Am besten geeignet f\u00fcr Marken, Teams, Veranstaltungen und Einzelh\u00e4ndler, die zuverl\u00e4ssige, wiederholbare Nachbestellungen ben\u00f6tigen.<\/p>\n<ul data-start=\"867\" data-end=\"1064\">\n<li data-start=\"867\" data-end=\"906\">\n<p data-start=\"869\" data-end=\"906\">Verf\u00fcgbare Optionen f\u00fcr die Kompressionsstufe<\/p>\n<\/li>\n<li data-start=\"907\" data-end=\"936\">\n<p data-start=\"909\" data-end=\"936\">Eingestricktes Jacquard-Branding<\/p>\n<\/li>\n<li data-start=\"937\" data-end=\"963\">\n<p data-start=\"939\" data-end=\"963\">Gr\u00f6\u00dfen- und L\u00e4ngenbereiche<\/p>\n<\/li>\n<li data-start=\"964\" data-end=\"997\">\n<p data-start=\"966\" data-end=\"997\">D\u00e4mpfungszonen wie angegeben<\/p>\n<\/li>\n<li data-start=\"998\" data-end=\"1029\">\n<p data-start=\"1000\" data-end=\"1029\">Farblich abgestimmte Garnprogramme<\/p>\n<\/li>\n<li data-start=\"1030\" data-end=\"1064\">\n<p data-start=\"1032\" data-end=\"1064\">Verpackungsoptionen auf Anfrage<\/p>\n<\/li>\n<\/ul>","protected":false},"excerpt":{"rendered":"<p data-start=\"1066\" data-end=\"1332\">Vom Lieferanten hergestellte Kompressionsstr\u00fcmpfe, die sich f\u00fcr ein individuelles Branding eignen. Legen Sie die Platzierung des Logos fest und w\u00e4hlen Sie zwischen eingestricktem Jacquard oder gedruckten Kennzeichnungsoptionen. Entwickelt f\u00fcr Gro\u00dfeink\u00e4ufe und Private-Label-Programme; MOQ und Vorlaufzeit variieren je nach Design.<\/p>","protected":false},"featured_media":347,"template":"","meta":{"_gspb_post_css":""},"product_brand":[],"product_cat":[38,36],"product_tag":[],"class_list":{"0":"post-336","1":"product","2":"type-product","3":"status-publish","4":"has-post-thumbnail","6":"product_cat-socks","7":"product_cat-accessories","9":"first","10":"instock","11":"shipping-taxable","12":"purchasable","13":"product-type-simple"},"_links":{"self":[{"href":"https:\/\/customhatsmanufacturer.com\/de\/wp-json\/wp\/v2\/product\/336","targetHints":{"allow":["GET"]}}],"collection":[{"href":"https:\/\/customhatsmanufacturer.com\/de\/wp-json\/wp\/v2\/product"}],"about":[{"href":"https:\/\/customhatsmanufacturer.com\/de\/wp-json\/wp\/v2\/types\/product"}],"wp:featuredmedia":[{"embeddable":true,"href":"https:\/\/customhatsmanufacturer.com\/de\/wp-json\/wp\/v2\/media\/347"}],"wp:attachment":[{"href":"https:\/\/customhatsmanufacturer.com\/de\/wp-json\/wp\/v2\/media?parent=336"}],"wp:term":[{"taxonomy":"product_brand","embeddable":true,"href":"https:\/\/customhatsmanufacturer.com\/de\/wp-json\/wp\/v2\/product_brand?post=336"},{"taxonomy":"product_cat","embeddable":true,"href":"https:\/\/customhatsmanufacturer.com\/de\/wp-json\/wp\/v2\/product_cat?post=336"},{"taxonomy":"product_tag","embeddable":true,"href":"https:\/\/customhatsmanufacturer.com\/de\/wp-json\/wp\/v2\/product_tag?post=336"}],"curies":[{"name":"wp","href":"https:\/\/api.w.org\/{rel}","templated":true}]}}