{"id":334,"date":"2026-02-28T07:03:11","date_gmt":"2026-02-28T07:03:11","guid":{"rendered":"https:\/\/customhatsmanufacturer.com\/?post_type=product&#038;p=334"},"modified":"2026-02-28T07:03:11","modified_gmt":"2026-02-28T07:03:11","slug":"custom-crew-socks-with-jacquard-logo-wholesale","status":"publish","type":"product","link":"https:\/\/customhatsmanufacturer.com\/de\/produkt\/custom-crew-socks-with-jacquard-logo-wholesale\/","title":{"rendered":"Individuelle Crew-Socken mit Jacquard-Logo (Gro\u00dfhandel)"},"content":{"rendered":"<p data-start=\"0\" data-end=\"424\">Diese individuellen Socken sind mit einem Jacquard-Logo versehen, das direkt in die Socke gestrickt ist, so dass das Branding Teil des Gewebes wird und nicht nur auf die Oberfl\u00e4che gedruckt wird. Das Jacquard-Stricken unterst\u00fctzt mehrfarbige Muster, die in die Strickstruktur integriert sind und f\u00fcr einen sauberen, wiederholbaren Look sorgen. Das Crew-Profil ist eine Grundl\u00e4nge f\u00fcr das t\u00e4gliche Tragen und l\u00e4sst sich leicht mit Uniformen oder Streetwear kombinieren.<\/p>\n<p data-start=\"426\" data-end=\"939\">Sie wurden f\u00fcr den Gro\u00dfhandel entwickelt und eignen sich f\u00fcr einheitliche Sortimente, Werbeartikel und Eigenmarkensortimente, bei denen das Branding auch nach regelm\u00e4\u00dfigem Tragen lesbar bleiben soll. Schicken Sie uns Ihr Design und Ihre Farbw\u00fcnsche; die Platzierung des Logos und die Details des Gestricks k\u00f6nnen nach Ihren Vorgaben festgelegt werden. Gr\u00f6\u00dfe, Polsterung und Verpackungsoptionen (Paarb\u00e4nder, Header-Karten, Barcodes) sind auf Anfrage erh\u00e4ltlich. MOQ und Vorlaufzeit variieren - fordern Sie ein Angebot an. Zu den bevorzugten Kunden geh\u00f6ren Marken, Teams, Veranstaltungen und Einzelh\u00e4ndler.<\/p>\n<ul data-start=\"940\" data-end=\"1131\">\n<li data-start=\"940\" data-end=\"972\">\n<p data-start=\"942\" data-end=\"972\">Logo aus Jacquard-Strick, eingewebt<\/p>\n<\/li>\n<li data-start=\"973\" data-end=\"1005\">\n<p data-start=\"975\" data-end=\"1005\">Krempelh\u00f6he, allt\u00e4gliches Grundnahrungsmittel<\/p>\n<\/li>\n<li data-start=\"1006\" data-end=\"1037\">\n<p data-start=\"1008\" data-end=\"1037\">Mehrfarbige Strickmusterung<\/p>\n<\/li>\n<li data-start=\"1038\" data-end=\"1059\">\n<p data-start=\"1040\" data-end=\"1059\">Rippenb\u00fcndchen f\u00fcr Halt<\/p>\n<\/li>\n<li data-start=\"1060\" data-end=\"1095\">\n<p data-start=\"1062\" data-end=\"1095\">D\u00e4mpfungsoptionen auf Anfrage<\/p>\n<\/li>\n<li data-start=\"1096\" data-end=\"1131\">\n<p data-start=\"1098\" data-end=\"1131\">Optionale Verpackung f\u00fcr den Einzelhandel<\/p>\n<\/li>\n<\/ul>","protected":false},"excerpt":{"rendered":"<p data-start=\"1133\" data-end=\"1359\">Ringelsocken mit einem in den Stoff integrierten Jacquard-Logo. Geeignet f\u00fcr Gro\u00dfbestellungen mit anpassbarer Farbgebung, Platzierung und optionaler Verpackung. MOQ und Vorlaufzeit variieren - fordern Sie ein Angebot an.<\/p>","protected":false},"featured_media":340,"template":"","meta":{"_gspb_post_css":""},"product_brand":[],"product_cat":[38,36],"product_tag":[],"class_list":{"0":"post-334","1":"product","2":"type-product","3":"status-publish","4":"has-post-thumbnail","6":"product_cat-socks","7":"product_cat-accessories","9":"first","10":"instock","11":"shipping-taxable","12":"purchasable","13":"product-type-simple"},"_links":{"self":[{"href":"https:\/\/customhatsmanufacturer.com\/de\/wp-json\/wp\/v2\/product\/334","targetHints":{"allow":["GET"]}}],"collection":[{"href":"https:\/\/customhatsmanufacturer.com\/de\/wp-json\/wp\/v2\/product"}],"about":[{"href":"https:\/\/customhatsmanufacturer.com\/de\/wp-json\/wp\/v2\/types\/product"}],"wp:featuredmedia":[{"embeddable":true,"href":"https:\/\/customhatsmanufacturer.com\/de\/wp-json\/wp\/v2\/media\/340"}],"wp:attachment":[{"href":"https:\/\/customhatsmanufacturer.com\/de\/wp-json\/wp\/v2\/media?parent=334"}],"wp:term":[{"taxonomy":"product_brand","embeddable":true,"href":"https:\/\/customhatsmanufacturer.com\/de\/wp-json\/wp\/v2\/product_brand?post=334"},{"taxonomy":"product_cat","embeddable":true,"href":"https:\/\/customhatsmanufacturer.com\/de\/wp-json\/wp\/v2\/product_cat?post=334"},{"taxonomy":"product_tag","embeddable":true,"href":"https:\/\/customhatsmanufacturer.com\/de\/wp-json\/wp\/v2\/product_tag?post=334"}],"curies":[{"name":"wp","href":"https:\/\/api.w.org\/{rel}","templated":true}]}}