{"id":31,"date":"2026-02-27T07:12:00","date_gmt":"2026-02-27T07:12:00","guid":{"rendered":"https:\/\/customhatsmanufacturer.com\/?post_type=product&#038;p=31"},"modified":"2026-02-27T07:12:00","modified_gmt":"2026-02-27T07:12:00","slug":"custom-trucker-hats-with-mesh-back-wholesale","status":"publish","type":"product","link":"https:\/\/customhatsmanufacturer.com\/de\/produkt\/custom-trucker-hats-with-mesh-back-wholesale\/","title":{"rendered":"Benutzerdefinierte Trucker H\u00fcte mit Mesh zur\u00fcck (Gro\u00dfhandel)"},"content":{"rendered":"<p data-start=\"0\" data-end=\"476\">Diese individuellen Trucker-H\u00fcte sind f\u00fcr warmes Wetter und gut sichtbares Branding konzipiert und verf\u00fcgen \u00fcber eine bel\u00fcftete Mesh-R\u00fcckseite und eine saubere Vorderseite, die f\u00fcr Ihr Design entworfen wurde. Das Mesh sorgt f\u00fcr Luftzirkulation auf der Baustelle, am Messestand oder auf der Stra\u00dfe, w\u00e4hrend der strukturierte Look f\u00fcr den Einzelhandel geeignet ist. W\u00e4hlen Sie das Profil und die Krempe, die zu Ihrer Linie passen - je nach gew\u00e4hltem Stil k\u00f6nnen Sie zwischen gebogenen oder flachen Visieren und verschiedenen Paneellayouts w\u00e4hlen.<\/p>\n<p data-start=\"478\" data-end=\"951\">Bei Gro\u00dfhandelsprogrammen unterst\u00fctzen wir die Markendekoration von der einfachen Logoplatzierung bis hin zu mehrfarbigen Markierungen. Zu den Optionen geh\u00f6ren Stickereien, aufgen\u00e4hte Aufn\u00e4her oder gedruckte Applikationen, wobei eine Farbabstimmung auf Anfrage m\u00f6glich ist. Bestellmengen, Verpackungen und Produktionszeitr\u00e4ume variieren je nach Ausf\u00fchrung und Dekoration - fordern Sie ein Angebot mit Ihrer Logodatei an, um eine schnellstm\u00f6gliche Pr\u00fcfung der Spezifikationen zu erhalten. Am besten geeignet f\u00fcr Merchandising-Marken, Sportteams, Event-Organisatoren und Einzelh\u00e4ndler, die einen st\u00e4ndigen Nachschub ben\u00f6tigen.<\/p>\n<ul data-start=\"953\" data-end=\"1148\">\n<li data-start=\"953\" data-end=\"984\">\n<p data-start=\"955\" data-end=\"984\">Atmungsaktive Mesh-R\u00fcckenpaneele<\/p>\n<\/li>\n<li data-start=\"985\" data-end=\"1009\">\n<p data-start=\"987\" data-end=\"1009\">Frontplatte f\u00fcr Logo<\/p>\n<\/li>\n<li data-start=\"1010\" data-end=\"1041\">\n<p data-start=\"1012\" data-end=\"1041\">Stickerei, Aufn\u00e4her oder Druck<\/p>\n<\/li>\n<li data-start=\"1042\" data-end=\"1082\">\n<p data-start=\"1044\" data-end=\"1082\">Einstellbare Verschlussoptionen verf\u00fcgbar<\/p>\n<\/li>\n<li data-start=\"1083\" data-end=\"1115\">\n<p data-start=\"1085\" data-end=\"1115\">Wahlweise gebogenes oder flaches Visier<\/p>\n<\/li>\n<li data-start=\"1116\" data-end=\"1148\">\n<p data-start=\"1118\" data-end=\"1148\">Einzelhandelsgerechte Verpackungsoptionen<\/p>\n<\/li>\n<\/ul>","protected":false},"excerpt":{"rendered":"<p data-start=\"1150\" data-end=\"1390\">Gro\u00dfhandels-Trucker-Caps mit Mesh-R\u00fccken und individuell gestalteter Frontplatte. F\u00fcgen Sie Stickereien, Aufn\u00e4her oder Drucke hinzu, die zu Ihrer Marke, Ihrem Team oder Ihrer Veranstaltung passen. Details zu Stil und Auftragsvolumen werden nach Ma\u00df gefertigt - Angebot erh\u00e4ltlich.<\/p>","protected":false},"featured_media":48,"template":"","meta":{"_gspb_post_css":""},"product_brand":[],"product_cat":[17,15],"product_tag":[],"class_list":{"0":"post-31","1":"product","2":"type-product","3":"status-publish","4":"has-post-thumbnail","6":"product_cat-trucker-hats","7":"product_cat-hats-caps","9":"first","10":"instock","11":"shipping-taxable","12":"purchasable","13":"product-type-simple"},"_links":{"self":[{"href":"https:\/\/customhatsmanufacturer.com\/de\/wp-json\/wp\/v2\/product\/31","targetHints":{"allow":["GET"]}}],"collection":[{"href":"https:\/\/customhatsmanufacturer.com\/de\/wp-json\/wp\/v2\/product"}],"about":[{"href":"https:\/\/customhatsmanufacturer.com\/de\/wp-json\/wp\/v2\/types\/product"}],"wp:featuredmedia":[{"embeddable":true,"href":"https:\/\/customhatsmanufacturer.com\/de\/wp-json\/wp\/v2\/media\/48"}],"wp:attachment":[{"href":"https:\/\/customhatsmanufacturer.com\/de\/wp-json\/wp\/v2\/media?parent=31"}],"wp:term":[{"taxonomy":"product_brand","embeddable":true,"href":"https:\/\/customhatsmanufacturer.com\/de\/wp-json\/wp\/v2\/product_brand?post=31"},{"taxonomy":"product_cat","embeddable":true,"href":"https:\/\/customhatsmanufacturer.com\/de\/wp-json\/wp\/v2\/product_cat?post=31"},{"taxonomy":"product_tag","embeddable":true,"href":"https:\/\/customhatsmanufacturer.com\/de\/wp-json\/wp\/v2\/product_tag?post=31"}],"curies":[{"name":"wp","href":"https:\/\/api.w.org\/{rel}","templated":true}]}}