{"id":309,"date":"2026-02-28T06:50:14","date_gmt":"2026-02-28T06:50:14","guid":{"rendered":"https:\/\/customhatsmanufacturer.com\/?post_type=product&#038;p=309"},"modified":"2026-02-28T06:50:14","modified_gmt":"2026-02-28T06:50:14","slug":"winter-scarves-with-custom-label-oem-supplier","status":"publish","type":"product","link":"https:\/\/customhatsmanufacturer.com\/de\/produkt\/winter-scarves-with-custom-label-oem-supplier\/","title":{"rendered":"Winterschals mit individuellem Etikett (OEM-Lieferant)"},"content":{"rendered":"<p data-start=\"0\" data-end=\"455\">Winterschals mit individuellem Etikett sind Hals-Accessoires f\u00fcr die kalte Jahreszeit, die f\u00fcr das private Branding hergestellt werden. Der Schalk\u00f6rper kann je nach dem von Ihnen verkauften Look in Strick- oder Webkonstruktion hergestellt werden, wobei auf Wunsch Veredelungsoptionen wie sauber geschnittene Kanten oder Fransen erh\u00e4ltlich sind. Ihre Markenidentit\u00e4t wird durch ein eingen\u00e4htes Etikett hinzugef\u00fcgt, wobei die Optionen gewebte Etiketten, bedruckte Stoffetiketten und Pflegeetiketten umfassen, die Ihren Verpackungsstandards entsprechen.<\/p>\n<p data-start=\"457\" data-end=\"813\">Als OEM-Lieferant unterst\u00fctzen wir die wiederholbare Produktion f\u00fcr Nachbestellungen, saisonale Auslieferungen und einheitliche Programme. Schicken Sie uns Ihre Logodatei und Ihre Gr\u00f6\u00dfen- oder Farbw\u00fcnsche, und wir best\u00e4tigen Ihnen die Platzierung der Etiketten, Anh\u00e4ngersets und die Verpackung, damit die Waren f\u00fcr Ihren Vertriebsfluss bereit sind. MOQ und Vorlaufzeit variieren - fordern Sie ein Angebot an. Am besten geeignet f\u00fcr Marken, Teams, Veranstaltungen und Einzelh\u00e4ndler.<\/p>\n<ul data-start=\"815\" data-end=\"971\">\n<li data-start=\"815\" data-end=\"853\">\n<p data-start=\"817\" data-end=\"853\">Gestrickte oder gewebte Konstruktion m\u00f6glich<\/p>\n<\/li>\n<li data-start=\"854\" data-end=\"878\">\n<p data-start=\"856\" data-end=\"878\">Eingen\u00e4htes individuelles Etikett<\/p>\n<\/li>\n<li data-start=\"879\" data-end=\"904\">\n<p data-start=\"881\" data-end=\"904\">Gewebte oder gedruckte Anh\u00e4nger<\/p>\n<\/li>\n<li data-start=\"905\" data-end=\"938\">\n<p data-start=\"907\" data-end=\"938\">Fransen oder saubere Kantenabschl\u00fcsse<\/p>\n<\/li>\n<li data-start=\"939\" data-end=\"971\">\n<p data-start=\"941\" data-end=\"971\">Einzelhandelsgerechte Verpackungsoptionen<\/p>\n<\/li>\n<\/ul>","protected":false},"excerpt":{"rendered":"<p data-start=\"973\" data-end=\"1221\">Schals f\u00fcr die kalte Jahreszeit, die mit Ihrem eigenen eingen\u00e4hten Branding versehen sind. W\u00e4hlen Sie den Stil und die Platzierung des Etiketts passend zu Ihrer Produktlinie und bestellen Sie es dann in Produktionsmengen f\u00fcr den Einzelhandel, f\u00fcr Uniformen oder als Firmengeschenk. Angebot auf Basis Ihrer Spezifikation.<\/p>","protected":false},"featured_media":330,"template":"","meta":{"_gspb_post_css":""},"product_brand":[],"product_cat":[37,36],"product_tag":[],"class_list":{"0":"post-309","1":"product","2":"type-product","3":"status-publish","4":"has-post-thumbnail","6":"product_cat-scarves","7":"product_cat-accessories","9":"first","10":"instock","11":"shipping-taxable","12":"purchasable","13":"product-type-simple"},"_links":{"self":[{"href":"https:\/\/customhatsmanufacturer.com\/de\/wp-json\/wp\/v2\/product\/309","targetHints":{"allow":["GET"]}}],"collection":[{"href":"https:\/\/customhatsmanufacturer.com\/de\/wp-json\/wp\/v2\/product"}],"about":[{"href":"https:\/\/customhatsmanufacturer.com\/de\/wp-json\/wp\/v2\/types\/product"}],"wp:featuredmedia":[{"embeddable":true,"href":"https:\/\/customhatsmanufacturer.com\/de\/wp-json\/wp\/v2\/media\/330"}],"wp:attachment":[{"href":"https:\/\/customhatsmanufacturer.com\/de\/wp-json\/wp\/v2\/media?parent=309"}],"wp:term":[{"taxonomy":"product_brand","embeddable":true,"href":"https:\/\/customhatsmanufacturer.com\/de\/wp-json\/wp\/v2\/product_brand?post=309"},{"taxonomy":"product_cat","embeddable":true,"href":"https:\/\/customhatsmanufacturer.com\/de\/wp-json\/wp\/v2\/product_cat?post=309"},{"taxonomy":"product_tag","embeddable":true,"href":"https:\/\/customhatsmanufacturer.com\/de\/wp-json\/wp\/v2\/product_tag?post=309"}],"curies":[{"name":"wp","href":"https:\/\/api.w.org\/{rel}","templated":true}]}}