{"id":306,"date":"2026-02-28T06:34:36","date_gmt":"2026-02-28T06:34:36","guid":{"rendered":"https:\/\/customhatsmanufacturer.com\/?post_type=product&#038;p=306"},"modified":"2026-02-28T06:34:36","modified_gmt":"2026-02-28T06:34:36","slug":"puffer-jackets-with-custom-branding-oem","status":"publish","type":"product","link":"https:\/\/customhatsmanufacturer.com\/de\/produkt\/puffer-jackets-with-custom-branding-oem\/","title":{"rendered":"Pufferjacken mit individuellem Branding (OEM)"},"content":{"rendered":"<p data-start=\"0\" data-end=\"517\">Diese isolierten Pufferjacken sind f\u00fcr Oberbekleidungsprogramme von Markenherstellern gedacht, bei denen W\u00e4rme und eine klare Silhouette wichtig sind. Die gesteppte, wattierte Konstruktion sorgt f\u00fcr den charakteristischen \u201cPuff\u201d, indem sie die Isolierung an Ort und Stelle h\u00e4lt und so Verrutschen und kalte Stellen reduziert. W\u00e4hlen Sie den Look, den Ihre Linie braucht - Kragen oder Kapuze, Taschenanordnung und Beschl\u00e4ge k\u00f6nnen auf Ihr Tech-Pack abgestimmt werden. Daunen- oder Synthetikf\u00fcllung sind auf Anfrage erh\u00e4ltlich.<\/p>\n<p data-start=\"519\" data-end=\"982\">Da es sich um ein OEM-Projekt handelt, ist Ihre Identit\u00e4t durchg\u00e4ngig: W\u00e4hlen Sie die Logoplatzierung und die Art des Brandings, die zum Stoff passt - Stickerei, gewebte oder gestickte Aufn\u00e4her oder Thermotransferdrucke sind \u00fcblich. F\u00fcgen Sie eigene Etiketten, Pflegeetiketten und Verpackungen hinzu, die der Pr\u00e4sentation im Einzelhandel entsprechen, und lassen Sie dann die Produktion f\u00fcr den Gro\u00dfhandel oder begrenzte Kampagnen laufen. Zu den besten K\u00e4ufern geh\u00f6ren Marken, Teams, Eventveranstalter und Einzelh\u00e4ndler.<\/p>\n<ul data-start=\"984\" data-end=\"1177\">\n<li data-start=\"984\" data-end=\"1014\">\n<p data-start=\"986\" data-end=\"1014\">Gesteppte Schallwandkonstruktion<\/p>\n<\/li>\n<li data-start=\"1015\" data-end=\"1044\">\n<p data-start=\"1017\" data-end=\"1044\">Bef\u00fcllungsoptionen auf Anfrage<\/p>\n<\/li>\n<li data-start=\"1045\" data-end=\"1076\">\n<p data-start=\"1047\" data-end=\"1076\">Stickereif\u00e4hige Logofl\u00e4chen<\/p>\n<\/li>\n<li data-start=\"1077\" data-end=\"1108\">\n<p data-start=\"1079\" data-end=\"1108\">Flexibilit\u00e4t bei der Platzierung von Patches<\/p>\n<\/li>\n<li data-start=\"1109\" data-end=\"1139\">\n<p data-start=\"1111\" data-end=\"1139\">Thermotransferdruck-Option<\/p>\n<\/li>\n<li data-start=\"1140\" data-end=\"1177\">\n<p data-start=\"1142\" data-end=\"1177\">Private-Label-Veredelung verf\u00fcgbar<\/p>\n<\/li>\n<\/ul>","protected":false},"excerpt":{"rendered":"<p data-start=\"1179\" data-end=\"1424\">OEM-Programm f\u00fcr isolierte Pufferjacken mit individuellem Branding. Legen Sie den Stil und die Ausstattungsmerkmale f\u00fcr Ihr technisches Paket fest und f\u00fcgen Sie dann Logos per Stickerei, Aufn\u00e4her oder Thermotransferdruck hinzu. Konzipiert f\u00fcr die Lieferung in gro\u00dfen Mengen; Kostenvoranschlag-basierte MOQ und Zeitpl\u00e4ne.<\/p>\n<p data-start=\"1426\" data-end=\"1472\">","protected":false},"featured_media":321,"template":"","meta":{"_gspb_post_css":""},"product_brand":[],"product_cat":[35,25],"product_tag":[],"class_list":{"0":"post-306","1":"product","2":"type-product","3":"status-publish","4":"has-post-thumbnail","6":"product_cat-jackets","7":"product_cat-clothing","9":"first","10":"instock","11":"shipping-taxable","12":"purchasable","13":"product-type-simple"},"_links":{"self":[{"href":"https:\/\/customhatsmanufacturer.com\/de\/wp-json\/wp\/v2\/product\/306","targetHints":{"allow":["GET"]}}],"collection":[{"href":"https:\/\/customhatsmanufacturer.com\/de\/wp-json\/wp\/v2\/product"}],"about":[{"href":"https:\/\/customhatsmanufacturer.com\/de\/wp-json\/wp\/v2\/types\/product"}],"wp:featuredmedia":[{"embeddable":true,"href":"https:\/\/customhatsmanufacturer.com\/de\/wp-json\/wp\/v2\/media\/321"}],"wp:attachment":[{"href":"https:\/\/customhatsmanufacturer.com\/de\/wp-json\/wp\/v2\/media?parent=306"}],"wp:term":[{"taxonomy":"product_brand","embeddable":true,"href":"https:\/\/customhatsmanufacturer.com\/de\/wp-json\/wp\/v2\/product_brand?post=306"},{"taxonomy":"product_cat","embeddable":true,"href":"https:\/\/customhatsmanufacturer.com\/de\/wp-json\/wp\/v2\/product_cat?post=306"},{"taxonomy":"product_tag","embeddable":true,"href":"https:\/\/customhatsmanufacturer.com\/de\/wp-json\/wp\/v2\/product_tag?post=306"}],"curies":[{"name":"wp","href":"https:\/\/api.w.org\/{rel}","templated":true}]}}