{"id":279,"date":"2026-02-28T05:52:56","date_gmt":"2026-02-28T05:52:56","guid":{"rendered":"https:\/\/customhatsmanufacturer.com\/?post_type=product&#038;p=279"},"modified":"2026-02-28T05:52:56","modified_gmt":"2026-02-28T05:52:56","slug":"modern-fit-pant-suit-sets-for-hospitality-oem","status":"publish","type":"product","link":"https:\/\/customhatsmanufacturer.com\/de\/produkt\/modern-fit-pant-suit-sets-for-hospitality-oem\/","title":{"rendered":"Modern Fit Hosenanzug-Sets f\u00fcr das Gastgewerbe (OEM)"},"content":{"rendered":"<p data-start=\"0\" data-end=\"441\">Modern Fit Pant Suits f\u00fcr das Gastgewerbe sind aufeinander abgestimmte Uniformteile - in der Regel ein ma\u00dfgeschneidertes Sakko mit einer passenden Hose -, die daf\u00fcr sorgen, dass die Teams im Front-of-House-Bereich in allen Schichten einheitlich und professionell aussehen. Diese Sets sind f\u00fcr eine klare, moderne Silhouette konzipiert und unterst\u00fctzen Uniformierungsprogramme, bei denen Image, Passform und wiederholbares Styling f\u00fcr alle Funktionen und Standorte wichtig sind.<\/p>\n<p data-start=\"443\" data-end=\"973\">Diese f\u00fcr die OEM-Produktion angebotenen Hosenanzugsets k\u00f6nnen f\u00fcr Ihre Linie mit markengerechten Details wie Farbanpassung, Gr\u00f6\u00dfenl\u00e4ufe und Schnittanpassungen entwickelt werden. Branding-Optionen sind auf Anfrage erh\u00e4ltlich und k\u00f6nnen je nach Platzierung und Stoffauswahl Logo-Stickereien, Monogramme oder Heat-Transfer-Anwendungen umfassen. MOQ und Vorlaufzeit variieren - fordern Sie ein Angebot an. Am besten geeignet f\u00fcr Marken des Gastgewerbes, Manager von Bekleidungsprogrammen und H\u00e4ndler, die Hotels, Resorts und Veranstaltungsorte beliefern.<\/p>\n<ul data-start=\"975\" data-end=\"1136\">\n<li data-start=\"975\" data-end=\"999\">\n<p data-start=\"977\" data-end=\"999\">Moderne Passform im Schneidersitz<\/p>\n<\/li>\n<li data-start=\"1000\" data-end=\"1029\">\n<p data-start=\"1002\" data-end=\"1029\">Passende Jacke und Hose<\/p>\n<\/li>\n<li data-start=\"1030\" data-end=\"1063\">\n<p data-start=\"1032\" data-end=\"1063\">Unterst\u00fctzung bei der Entwicklung von OEM-Marken<\/p>\n<\/li>\n<li data-start=\"1064\" data-end=\"1100\">\n<p data-start=\"1066\" data-end=\"1100\">Optionen f\u00fcr die Platzierung des Logos verf\u00fcgbar<\/p>\n<\/li>\n<li data-start=\"1101\" data-end=\"1136\">\n<p data-start=\"1103\" data-end=\"1136\">Rollenbasierte einheitliche Koordinierung<\/p>\n<\/li>\n<\/ul>","protected":false},"excerpt":{"rendered":"<p data-start=\"1138\" data-end=\"1360\">Modern geschnittener Hosenanzug f\u00fcr Uniformierungsprogramme im Gastgewerbe, entwickelt f\u00fcr OEM-Lieferungen. Koordiniertes Jacken- und Hosen-Styling mit optionalem Logo-Branding und skalierbaren Gr\u00f6\u00dfen f\u00fcr Gro\u00dfbestellungen.<\/p>","protected":false},"featured_media":303,"template":"","meta":{"_gspb_post_css":""},"product_brand":[],"product_cat":[34,25],"product_tag":[],"class_list":{"0":"post-279","1":"product","2":"type-product","3":"status-publish","4":"has-post-thumbnail","6":"product_cat-pant-suit","7":"product_cat-clothing","9":"first","10":"instock","11":"shipping-taxable","12":"purchasable","13":"product-type-simple"},"_links":{"self":[{"href":"https:\/\/customhatsmanufacturer.com\/de\/wp-json\/wp\/v2\/product\/279","targetHints":{"allow":["GET"]}}],"collection":[{"href":"https:\/\/customhatsmanufacturer.com\/de\/wp-json\/wp\/v2\/product"}],"about":[{"href":"https:\/\/customhatsmanufacturer.com\/de\/wp-json\/wp\/v2\/types\/product"}],"wp:featuredmedia":[{"embeddable":true,"href":"https:\/\/customhatsmanufacturer.com\/de\/wp-json\/wp\/v2\/media\/303"}],"wp:attachment":[{"href":"https:\/\/customhatsmanufacturer.com\/de\/wp-json\/wp\/v2\/media?parent=279"}],"wp:term":[{"taxonomy":"product_brand","embeddable":true,"href":"https:\/\/customhatsmanufacturer.com\/de\/wp-json\/wp\/v2\/product_brand?post=279"},{"taxonomy":"product_cat","embeddable":true,"href":"https:\/\/customhatsmanufacturer.com\/de\/wp-json\/wp\/v2\/product_cat?post=279"},{"taxonomy":"product_tag","embeddable":true,"href":"https:\/\/customhatsmanufacturer.com\/de\/wp-json\/wp\/v2\/product_tag?post=279"}],"curies":[{"name":"wp","href":"https:\/\/api.w.org\/{rel}","templated":true}]}}