{"id":276,"date":"2026-02-28T05:30:17","date_gmt":"2026-02-28T05:30:17","guid":{"rendered":"https:\/\/customhatsmanufacturer.com\/?post_type=product&#038;p=276"},"modified":"2026-02-28T05:30:17","modified_gmt":"2026-02-28T05:30:17","slug":"jogger-pants-for-streetwear-brands-oem","status":"publish","type":"product","link":"https:\/\/customhatsmanufacturer.com\/de\/produkt\/jogger-pants-for-streetwear-brands-oem\/","title":{"rendered":"Jogginghosen f\u00fcr Streetwear-Marken (OEM)"},"content":{"rendered":"<p data-start=\"0\" data-end=\"402\">Diese Jogginghosen wurden f\u00fcr Streetwear-Labels entwickelt, die eine einheitliche Jogger-Silhouette ben\u00f6tigen. Sie kombinieren einen bequemen Bund (elastisch und\/oder mit Kordelzug) mit einem konisch zulaufenden Bein und eng anliegenden Kn\u00f6chelb\u00fcndchen - den definierenden Merkmalen von \u201cJoggern\u201d. Dies schafft eine saubere Basis f\u00fcr saisonale Kollektionen, Kernkollektionen und Merch-Programme, bei denen Passform und Branding im Mittelpunkt stehen.<\/p>\n<p data-start=\"404\" data-end=\"908\">F\u00fcr die OEM-Entwicklung k\u00f6nnen Sie uns Ihr technisches Paket oder ein Referenzmuster zur Verf\u00fcgung stellen. Wir produzieren nach Ihren Vorgaben und veredeln das Kleidungsst\u00fcck dann mit Ihren Markenkennzeichen (Etiketten, Verzierungen und Verpackung nach Wunsch). Zu den Optionen geh\u00f6ren die Platzierung des Logos durch Stickerei oder Druck sowie Gr\u00f6\u00dfenabstufungen und Farbvarianten, die zu Ihrem Sortiment passen. MOQ und Vorlaufzeit variieren - fordern Sie ein Angebot an. Am besten geeignet f\u00fcr Streetwear-Marken, Einzelh\u00e4ndler und Promotion-Teams, die Eigenmarken-Sortimente aufbauen.<\/p>\n<ul data-start=\"909\" data-end=\"1101\">\n<li data-start=\"909\" data-end=\"942\">\n<p data-start=\"911\" data-end=\"942\">Taillierte Streetwear-Jogger-Passform<\/p>\n<\/li>\n<li data-start=\"943\" data-end=\"977\">\n<p data-start=\"945\" data-end=\"977\">Optionen f\u00fcr elastische Taille\/Kordelzug<\/p>\n<\/li>\n<li data-start=\"978\" data-end=\"1000\">\n<p data-start=\"980\" data-end=\"1000\">Kuschelige Kn\u00f6chelmanschetten<\/p>\n<\/li>\n<li data-start=\"1001\" data-end=\"1033\">\n<p data-start=\"1003\" data-end=\"1033\">Individuelle Gestaltung von Etiketten und Zierleisten<\/p>\n<\/li>\n<li data-start=\"1034\" data-end=\"1063\">\n<p data-start=\"1036\" data-end=\"1063\">Stickerei oder Druck von Logos<\/p>\n<\/li>\n<li data-start=\"1064\" data-end=\"1101\">\n<p data-start=\"1066\" data-end=\"1101\">Unterst\u00fctzung bei Farbgebung und Gr\u00f6\u00dfeneinteilung<\/p>\n<\/li>\n<\/ul>","protected":false},"excerpt":{"rendered":"<p data-start=\"1103\" data-end=\"1352\">OEM-Jogginghosen, entwickelt f\u00fcr Streetwear-Marken. Standardm\u00e4\u00dfig mit konisch zulaufendem Bein und B\u00fcndchen an den Kn\u00f6cheln, mit Optionen f\u00fcr gestickte\/gedruckte Logos, gewebte Etiketten und individuelle Abschl\u00fcsse. Hergestellt f\u00fcr Gro\u00dfhandelsauflagen - MOQ und Zeitvorgaben nach Spezifikation.<\/p>","protected":false},"featured_media":291,"template":"","meta":{"_gspb_post_css":""},"product_brand":[],"product_cat":[33,25],"product_tag":[],"class_list":{"0":"post-276","1":"product","2":"type-product","3":"status-publish","4":"has-post-thumbnail","6":"product_cat-pants","7":"product_cat-clothing","9":"first","10":"instock","11":"shipping-taxable","12":"purchasable","13":"product-type-simple"},"_links":{"self":[{"href":"https:\/\/customhatsmanufacturer.com\/de\/wp-json\/wp\/v2\/product\/276","targetHints":{"allow":["GET"]}}],"collection":[{"href":"https:\/\/customhatsmanufacturer.com\/de\/wp-json\/wp\/v2\/product"}],"about":[{"href":"https:\/\/customhatsmanufacturer.com\/de\/wp-json\/wp\/v2\/types\/product"}],"wp:featuredmedia":[{"embeddable":true,"href":"https:\/\/customhatsmanufacturer.com\/de\/wp-json\/wp\/v2\/media\/291"}],"wp:attachment":[{"href":"https:\/\/customhatsmanufacturer.com\/de\/wp-json\/wp\/v2\/media?parent=276"}],"wp:term":[{"taxonomy":"product_brand","embeddable":true,"href":"https:\/\/customhatsmanufacturer.com\/de\/wp-json\/wp\/v2\/product_brand?post=276"},{"taxonomy":"product_cat","embeddable":true,"href":"https:\/\/customhatsmanufacturer.com\/de\/wp-json\/wp\/v2\/product_cat?post=276"},{"taxonomy":"product_tag","embeddable":true,"href":"https:\/\/customhatsmanufacturer.com\/de\/wp-json\/wp\/v2\/product_tag?post=276"}],"curies":[{"name":"wp","href":"https:\/\/api.w.org\/{rel}","templated":true}]}}