{"id":274,"date":"2026-02-28T05:16:02","date_gmt":"2026-02-28T05:16:02","guid":{"rendered":"https:\/\/customhatsmanufacturer.com\/?post_type=product&#038;p=274"},"modified":"2026-02-28T05:16:02","modified_gmt":"2026-02-28T05:16:02","slug":"custom-work-pants-with-logo-patch-wholesale","status":"publish","type":"product","link":"https:\/\/customhatsmanufacturer.com\/de\/produkt\/custom-work-pants-with-logo-patch-wholesale\/","title":{"rendered":"Individuelle Arbeitshosen mit Logoaufn\u00e4her (Gro\u00dfhandel)"},"content":{"rendered":"<p data-start=\"57\" data-end=\"453\">Diese Arbeitshosen wurden f\u00fcr Uniform- und Berufsbekleidungsprogramme entwickelt, bei denen das Branding Tag f\u00fcr Tag sichtbar bleiben muss. Jedes Paar ist f\u00fcr die Aufnahme eines speziellen Logoaufn\u00e4hers vorgesehen, so dass Sie einen sauberen, austauschbaren Markenaufn\u00e4her erhalten, anstatt sich auf einen Direktdruck zu verlassen. Die Platzierung des Aufn\u00e4hers kann festgelegt werden (Oberschenkel, H\u00fcfte oder Bund), so dass Ihre Identit\u00e4t bei der Arbeit und am Verkaufsort deutlich zu erkennen ist.<\/p>\n<p data-start=\"455\" data-end=\"902\">F\u00fcr B2B-Bestellungen k\u00f6nnen Ihre Motive als gestickte, gewebte, lederne oder PVC-Aufn\u00e4her mit aufgen\u00e4hter, verschwei\u00dfter oder mit Klettverschluss versehener R\u00fcckseite hergestellt werden, je nachdem, wie das Kleidungsst\u00fcck ausgegeben und gepflegt wird. Zu den Zusatzoptionen geh\u00f6ren Innenetiketten, Gr\u00f6\u00dfenl\u00e4ufe und einzelhandelsgerechte Verpackungen auf Anfrage. MOQ und Vorlaufzeit variieren - fordern Sie ein Angebot an. Am besten geeignet f\u00fcr Uniformmarken, Gro\u00dfh\u00e4ndler und Einzelh\u00e4ndler f\u00fcr Berufsbekleidung.<\/p>\n<ul data-start=\"904\" data-end=\"1067\">\n<li data-start=\"904\" data-end=\"936\">\n<p data-start=\"906\" data-end=\"936\">Optionen f\u00fcr die Platzierung von Logoaufn\u00e4hern<\/p>\n<\/li>\n<li data-start=\"937\" data-end=\"966\">\n<p data-start=\"939\" data-end=\"966\">Patch-Stile nach Ihren Vorgaben<\/p>\n<\/li>\n<li data-start=\"967\" data-end=\"1001\">\n<p data-start=\"969\" data-end=\"1001\">Gr\u00f6\u00dfenbereich und Unterst\u00fctzung der Sortierung<\/p>\n<\/li>\n<li data-start=\"1002\" data-end=\"1036\">\n<p data-start=\"1004\" data-end=\"1036\">Add-ons f\u00fcr Etikettierung und Verpackung<\/p>\n<\/li>\n<li data-start=\"1037\" data-end=\"1067\">\n<p data-start=\"1039\" data-end=\"1067\">Gebaut f\u00fcr einheitliche Programme<\/p>\n<\/li>\n<\/ul>","protected":false},"excerpt":{"rendered":"<p data-start=\"1069\" data-end=\"1301\">Arbeitshosen werden mit einem anpassbaren Logoaufn\u00e4her f\u00fcr Uniform- und Einzelhandelsprogramme geliefert. W\u00e4hlen Sie die Art des Aufn\u00e4hers und das Tr\u00e4germaterial f\u00fcr Ihren Anwendungsfall. Angeboten f\u00fcr den Gro\u00dfeinkauf mit optionalen Private-Label-Erg\u00e4nzungen.<\/p>","protected":false},"featured_media":283,"template":"","meta":{"_gspb_post_css":""},"product_brand":[],"product_cat":[33,25],"product_tag":[],"class_list":{"0":"post-274","1":"product","2":"type-product","3":"status-publish","4":"has-post-thumbnail","6":"product_cat-pants","7":"product_cat-clothing","9":"first","10":"instock","11":"shipping-taxable","12":"purchasable","13":"product-type-simple"},"_links":{"self":[{"href":"https:\/\/customhatsmanufacturer.com\/de\/wp-json\/wp\/v2\/product\/274","targetHints":{"allow":["GET"]}}],"collection":[{"href":"https:\/\/customhatsmanufacturer.com\/de\/wp-json\/wp\/v2\/product"}],"about":[{"href":"https:\/\/customhatsmanufacturer.com\/de\/wp-json\/wp\/v2\/types\/product"}],"wp:featuredmedia":[{"embeddable":true,"href":"https:\/\/customhatsmanufacturer.com\/de\/wp-json\/wp\/v2\/media\/283"}],"wp:attachment":[{"href":"https:\/\/customhatsmanufacturer.com\/de\/wp-json\/wp\/v2\/media?parent=274"}],"wp:term":[{"taxonomy":"product_brand","embeddable":true,"href":"https:\/\/customhatsmanufacturer.com\/de\/wp-json\/wp\/v2\/product_brand?post=274"},{"taxonomy":"product_cat","embeddable":true,"href":"https:\/\/customhatsmanufacturer.com\/de\/wp-json\/wp\/v2\/product_cat?post=274"},{"taxonomy":"product_tag","embeddable":true,"href":"https:\/\/customhatsmanufacturer.com\/de\/wp-json\/wp\/v2\/product_tag?post=274"}],"curies":[{"name":"wp","href":"https:\/\/api.w.org\/{rel}","templated":true}]}}