{"id":249,"date":"2026-02-27T13:27:35","date_gmt":"2026-02-27T13:27:35","guid":{"rendered":"https:\/\/customhatsmanufacturer.com\/?post_type=product&#038;p=249"},"modified":"2026-02-27T13:27:35","modified_gmt":"2026-02-27T13:27:35","slug":"cotton-knit-sweaters-for-retail-brands-oem","status":"publish","type":"product","link":"https:\/\/customhatsmanufacturer.com\/de\/produkt\/cotton-knit-sweaters-for-retail-brands-oem\/","title":{"rendered":"Baumwollstrickpullover f\u00fcr Einzelhandelsmarken (OEM)"},"content":{"rendered":"<p data-start=\"0\" data-end=\"396\">Baumwollstrickpullover f\u00fcr Einzelhandelsmarken, die eine OEM-Produktion ben\u00f6tigen, ohne die Kontrolle \u00fcber die Details zu verlieren. Der Schwerpunkt liegt auf einem sauberen, verkaufsfreundlichen Strickpullover, der \u00fcber mehrere Saisons hinweg wiederholt werden kann - abgestimmt auf Ihre Ma\u00dfe, Abschl\u00fcsse und Markenstandards. Legen Sie Konstruktionsmerkmale wie Rippenb\u00fcndchen und Saum, die Form des Halsausschnitts und die allgemeine Haptik des Baumwollgarns fest.<\/p>\n<p data-start=\"398\" data-end=\"912\">Stellen Sie ein technisches Paket oder ein Referenzmuster zur Verf\u00fcgung, um Passform, Maschenmuster und Farben zu definieren; die Entwicklung von Mustern und die Gr\u00f6\u00dfenabstufung k\u00f6nnen nach Bedarf arrangiert werden. F\u00fcr die Markenpr\u00e4sentation stehen Optionen wie Stickerei, Jacquard-Stricklogos, gewebte Etiketten oder bedruckte Nackenschilder zur Verf\u00fcgung; Hangtags und Packouts sind auf Anfrage erh\u00e4ltlich. MOQ und Vorlaufzeit variieren - fordern Sie ein Angebot an. Am besten geeignet f\u00fcr Modelabels, Einzelhandelsketten, Uniformen und Merch-Teams f\u00fcr Veranstaltungen.<\/p>\n<ul data-start=\"914\" data-end=\"1100\">\n<li data-start=\"914\" data-end=\"942\">\n<p data-start=\"916\" data-end=\"942\">Baumwollstrickkonstruktion<\/p>\n<\/li>\n<li data-start=\"943\" data-end=\"971\">\n<p data-start=\"945\" data-end=\"971\">OEM, spezifizierte Produktion<\/p>\n<\/li>\n<li data-start=\"972\" data-end=\"998\">\n<p data-start=\"974\" data-end=\"998\">Rippenverkleidungen wie angegeben<\/p>\n<\/li>\n<li data-start=\"999\" data-end=\"1038\">\n<p data-start=\"1001\" data-end=\"1038\">Optionen: Stickerei oder Jacquard-Logo<\/p>\n<\/li>\n<li data-start=\"1039\" data-end=\"1066\">\n<p data-start=\"1041\" data-end=\"1066\">Gewebte oder gedruckte Etiketten<\/p>\n<\/li>\n<li data-start=\"1067\" data-end=\"1100\">\n<p data-start=\"1069\" data-end=\"1100\">H\u00e4ngeetiketten und Auspackoptionen<\/p>\n<\/li>\n<\/ul>","protected":false},"excerpt":{"rendered":"<p data-start=\"1102\" data-end=\"1337\">OEM-Baumwollstrickpullover f\u00fcr Einzelhandelsmarken. Hergestellt nach Ihren Vorgaben mit optionalem Branding - gewebte Etiketten, bedruckte Nackenschilder, Stickerei oder Jacquard-Logos - und Gro\u00dfhandels-\/Bulk-Bestellungen f\u00fcr wiederkehrende saisonale Programme.<\/p>","protected":false},"featured_media":272,"template":"","meta":{"_gspb_post_css":""},"product_brand":[],"product_cat":[32,25],"product_tag":[],"class_list":{"0":"post-249","1":"product","2":"type-product","3":"status-publish","4":"has-post-thumbnail","6":"product_cat-sweaters-jumpers","7":"product_cat-clothing","9":"first","10":"instock","11":"shipping-taxable","12":"purchasable","13":"product-type-simple"},"_links":{"self":[{"href":"https:\/\/customhatsmanufacturer.com\/de\/wp-json\/wp\/v2\/product\/249","targetHints":{"allow":["GET"]}}],"collection":[{"href":"https:\/\/customhatsmanufacturer.com\/de\/wp-json\/wp\/v2\/product"}],"about":[{"href":"https:\/\/customhatsmanufacturer.com\/de\/wp-json\/wp\/v2\/types\/product"}],"wp:featuredmedia":[{"embeddable":true,"href":"https:\/\/customhatsmanufacturer.com\/de\/wp-json\/wp\/v2\/media\/272"}],"wp:attachment":[{"href":"https:\/\/customhatsmanufacturer.com\/de\/wp-json\/wp\/v2\/media?parent=249"}],"wp:term":[{"taxonomy":"product_brand","embeddable":true,"href":"https:\/\/customhatsmanufacturer.com\/de\/wp-json\/wp\/v2\/product_brand?post=249"},{"taxonomy":"product_cat","embeddable":true,"href":"https:\/\/customhatsmanufacturer.com\/de\/wp-json\/wp\/v2\/product_cat?post=249"},{"taxonomy":"product_tag","embeddable":true,"href":"https:\/\/customhatsmanufacturer.com\/de\/wp-json\/wp\/v2\/product_tag?post=249"}],"curies":[{"name":"wp","href":"https:\/\/api.w.org\/{rel}","templated":true}]}}